{"id":713,"date":"2024-04-12T17:45:00","date_gmt":"2024-04-12T15:45:00","guid":{"rendered":"https:\/\/jeromelorge.archi\/?page_id=713"},"modified":"2024-07-26T16:33:27","modified_gmt":"2024-07-26T14:33:27","slug":"residence-sauzelle-jl-architectes","status":"publish","type":"page","link":"https:\/\/jeromelorge.archi\/index.php\/residence-sauzelle-jl-architectes\/","title":{"rendered":"R\u00c9SIDENCE SAUZELLE"},"content":{"rendered":"\t\t<div data-elementor-type=\"wp-page\" data-elementor-id=\"713\" class=\"elementor elementor-713\">\n\t\t\t\t<div class=\"elementor-element elementor-element-0c2204b e-flex e-con-boxed e-con e-parent\" data-id=\"0c2204b\" data-element_type=\"container\" data-e-type=\"container\">\n\t\t\t\t\t<div class=\"e-con-inner\">\n\t\t\t\t<div class=\"elementor-element elementor-element-54878eb elementor-widget elementor-widget-heading\" data-id=\"54878eb\" data-element_type=\"widget\" data-e-type=\"widget\" data-widget_type=\"heading.default\">\n\t\t\t\t<div class=\"elementor-widget-container\">\n\t\t\t\t\t<h1 class=\"elementor-heading-title elementor-size-default\">LES PROJETS<\/h1>\t\t\t\t<\/div>\n\t\t\t\t<\/div>\n\t\t\t\t\t<\/div>\n\t\t\t\t<\/div>\n\t\t<div class=\"elementor-element elementor-element-0ea84bf e-flex e-con-boxed e-con e-parent\" data-id=\"0ea84bf\" data-element_type=\"container\" data-e-type=\"container\">\n\t\t\t\t\t<div class=\"e-con-inner\">\n\t\t\t\t<div class=\"elementor-element elementor-element-7684d9f elementor-mobile-align-center elementor-widget elementor-widget-button\" data-id=\"7684d9f\" data-element_type=\"widget\" data-e-type=\"widget\" data-widget_type=\"button.default\">\n\t\t\t\t<div class=\"elementor-widget-container\">\n\t\t\t\t\t\t\t\t\t<div class=\"elementor-button-wrapper\">\n\t\t\t\t\t<a class=\"elementor-button elementor-button-link elementor-size-sm\" href=\"http:\/\/jeromelorge.archi\/index.php\/les-projets\/\">\n\t\t\t\t\t\t<span class=\"elementor-button-content-wrapper\">\n\t\t\t\t\t\t\t\t\t<span class=\"elementor-button-text\">Retour<\/span>\n\t\t\t\t\t<\/span>\n\t\t\t\t\t<\/a>\n\t\t\t\t<\/div>\n\t\t\t\t\t\t\t\t<\/div>\n\t\t\t\t<\/div>\n\t\t\t\t\t<\/div>\n\t\t\t\t<\/div>\n\t\t<div class=\"elementor-element elementor-element-cbe274f e-flex e-con-boxed e-con e-parent\" data-id=\"cbe274f\" data-element_type=\"container\" data-e-type=\"container\">\n\t\t\t\t\t<div class=\"e-con-inner\">\n\t\t\t\t<div class=\"elementor-element elementor-element-6853604 elementor-widget-divider--view-line elementor-widget elementor-widget-divider\" data-id=\"6853604\" data-element_type=\"widget\" data-e-type=\"widget\" data-widget_type=\"divider.default\">\n\t\t\t\t<div class=\"elementor-widget-container\">\n\t\t\t\t\t\t\t<div class=\"elementor-divider\">\n\t\t\t<span class=\"elementor-divider-separator\">\n\t\t\t\t\t\t<\/span>\n\t\t<\/div>\n\t\t\t\t\t\t<\/div>\n\t\t\t\t<\/div>\n\t\t\t\t\t<\/div>\n\t\t\t\t<\/div>\n\t\t<div class=\"elementor-element elementor-element-b7c1859 e-flex e-con-boxed e-con e-parent\" data-id=\"b7c1859\" data-element_type=\"container\" data-e-type=\"container\">\n\t\t\t\t\t<div class=\"e-con-inner\">\n\t\t<div class=\"elementor-element elementor-element-1fbdbf2 e-con-full e-flex e-con e-child\" data-id=\"1fbdbf2\" data-element_type=\"container\" data-e-type=\"container\">\n\t\t<div class=\"elementor-element elementor-element-daf1dfd e-con-full e-flex e-con e-child\" data-id=\"daf1dfd\" data-element_type=\"container\" data-e-type=\"container\">\n\t\t\t\t<div class=\"elementor-element elementor-element-9135660 elementor-widget elementor-widget-heading\" data-id=\"9135660\" data-element_type=\"widget\" data-e-type=\"widget\" data-widget_type=\"heading.default\">\n\t\t\t\t<div class=\"elementor-widget-container\">\n\t\t\t\t\t<h2 class=\"elementor-heading-title elementor-size-default\"><span class=\"elementor-heading-title elementor-size-default elementor-inline-editing pen\" data-elementor-setting-key=\"title\" data-pen-placeholder=\"\u00c9crivez ici...\" style=\"line-height: 40px\">R\u00c9SIDENCE SAUZELLE<br>Saint-Georges-d'Ol\u00e9ron (17)<\/span><\/h2>\t\t\t\t<\/div>\n\t\t\t\t<\/div>\n\t\t\t\t<\/div>\n\t\t<div class=\"elementor-element elementor-element-2bb76f0 e-flex e-con-boxed e-con e-child\" data-id=\"2bb76f0\" data-element_type=\"container\" data-e-type=\"container\">\n\t\t\t\t\t<div class=\"e-con-inner\">\n\t\t\t\t<div class=\"elementor-element elementor-element-6642510 elementor-widget elementor-widget-text-editor\" data-id=\"6642510\" data-element_type=\"widget\" data-e-type=\"widget\" data-widget_type=\"text-editor.default\">\n\t\t\t\t<div class=\"elementor-widget-container\">\n\t\t\t\t\t\t\t\t\t<p style=\"caret-color: #000000; color: #000000;\"><b>Ma\u00eetrise d&rsquo;ouvrage<\/b>\u00a0:\u00a0Nexity<\/p><p style=\"caret-color: #000000; color: #000000;\"><b>Ma\u00eetrise d&rsquo;\u0153uvre<\/b><span style=\"text-align: var(--text-align);\">\u00a0 :\u00a0<\/span>Je\u0301rome Lorge Architectes, Geole Atlantique BE VRD, Vertumne BE paysage, Aubert BE structure, Callu BE Thermique<\/p><p style=\"caret-color: #000000; color: #000000;\"><b>Programme\u00a0<\/b>:\u00a039 logements (8 T2, 12 T3, 19 T4)<\/p><p style=\"caret-color: #000000; color: #000000;\"><b>Mission\u00a0<\/b>:\u00a0FAISA + DPC<\/p><p style=\"caret-color: #000000; color: #000000;\"><b>Calendrier\u00a0<\/b>:\u00a0DPC de\u0301pose\u0301 et refuse\u0301 (PLU pas conforme au SCOT..)<\/p><p style=\"caret-color: #000000; color: #000000;\"><b>Surface\u00a0<\/b>(SDP) :\u00a02 820 m\u00b2<\/p>\t\t\t\t\t\t\t\t<\/div>\n\t\t\t\t<\/div>\n\t\t\t\t\t<\/div>\n\t\t\t\t<\/div>\n\t\t\t\t<\/div>\n\t\t<div class=\"elementor-element elementor-element-9a71ce2 e-con-full e-flex e-con e-child\" data-id=\"9a71ce2\" data-element_type=\"container\" data-e-type=\"container\">\n\t\t\t\t<div class=\"elementor-element elementor-element-0726fae elementor-widget elementor-widget-image\" data-id=\"0726fae\" data-element_type=\"widget\" data-e-type=\"widget\" data-widget_type=\"image.default\">\n\t\t\t\t<div class=\"elementor-widget-container\">\n\t\t\t\t\t\t\t\t\t\t\t\t<figure class=\"wp-caption\">\n\t\t\t\t\t\t\t\t\t\t\t<a href=\"https:\/\/jeromelorge.archi\/wp-content\/uploads\/2024\/04\/SAUZELLE.mp4\" data-elementor-open-lightbox=\"yes\" data-elementor-lightbox-title=\"R\u00c9SIDENCE SAUZELLE\" data-e-action-hash=\"#elementor-action%3Aaction%3Dlightbox%26settings%3DeyJpZCI6NzMzLCJ1cmwiOiJodHRwczpcL1wvamVyb21lbG9yZ2UuYXJjaGlcL3dwLWNvbnRlbnRcL3VwbG9hZHNcLzIwMjRcLzA0XC9TQVVaRUxMRS5tcDQifQ%3D%3D\">\n\t\t\t\t\t\t\t<img decoding=\"async\" src=\"https:\/\/jeromelorge.archi\/wp-content\/uploads\/2024\/04\/SAUZELLE.mp4\" title=\"\" alt=\"\" loading=\"lazy\" \/>\t\t\t\t\t\t\t\t<\/a>\n\t\t\t\t\t\t\t\t\t\t\t<figcaption class=\"widget-image-caption wp-caption-text\">Vid\u00e9o JL Architectes<\/figcaption>\n\t\t\t\t\t\t\t\t\t\t<\/figure>\n\t\t\t\t\t\t\t\t\t<\/div>\n\t\t\t\t<\/div>\n\t\t\t\t<\/div>\n\t\t\t\t\t<\/div>\n\t\t\t\t<\/div>\n\t\t<div class=\"elementor-element elementor-element-be7323a e-flex e-con-boxed e-con e-parent\" data-id=\"be7323a\" data-element_type=\"container\" data-e-type=\"container\">\n\t\t\t\t\t<div class=\"e-con-inner\">\n\t\t\t\t<div class=\"elementor-element elementor-element-3b60db5 elementor-arrows-position-outside elementor-pagination-position-outside elementor-widget elementor-widget-image-carousel\" data-id=\"3b60db5\" data-element_type=\"widget\" data-e-type=\"widget\" data-settings=\"{&quot;navigation&quot;:&quot;both&quot;,&quot;autoplay&quot;:&quot;yes&quot;,&quot;pause_on_hover&quot;:&quot;yes&quot;,&quot;pause_on_interaction&quot;:&quot;yes&quot;,&quot;autoplay_speed&quot;:5000,&quot;infinite&quot;:&quot;yes&quot;,&quot;speed&quot;:500,&quot;image_spacing_custom&quot;:{&quot;unit&quot;:&quot;px&quot;,&quot;size&quot;:20,&quot;sizes&quot;:[]},&quot;image_spacing_custom_tablet&quot;:{&quot;unit&quot;:&quot;px&quot;,&quot;size&quot;:&quot;&quot;,&quot;sizes&quot;:[]},&quot;image_spacing_custom_mobile&quot;:{&quot;unit&quot;:&quot;px&quot;,&quot;size&quot;:&quot;&quot;,&quot;sizes&quot;:[]}}\" data-widget_type=\"image-carousel.default\">\n\t\t\t\t<div class=\"elementor-widget-container\">\n\t\t\t\t\t\t\t<div class=\"elementor-image-carousel-wrapper swiper\" role=\"region\" aria-roledescription=\"carousel\" aria-label=\"Carrousel d\u2019images\" dir=\"ltr\">\n\t\t\t<div class=\"elementor-image-carousel swiper-wrapper\" aria-live=\"off\">\n\t\t\t\t\t\t\t\t<div class=\"swiper-slide\" role=\"group\" aria-roledescription=\"slide\" aria-label=\"1 sur 5\"><a data-elementor-open-lightbox=\"yes\" data-elementor-lightbox-slideshow=\"3b60db5\" data-elementor-lightbox-title=\"R\u00c9SIDENCE SAUZELLE\" data-e-action-hash=\"#elementor-action%3Aaction%3Dlightbox%26settings%3DeyJpZCI6NzMxLCJ1cmwiOiJodHRwczpcL1wvamVyb21lbG9yZ2UuYXJjaGlcL3dwLWNvbnRlbnRcL3VwbG9hZHNcLzIwMjRcLzA0XC9KTF9TYXV6ZWxsZS0wNi53ZWJwIiwic2xpZGVzaG93IjoiM2I2MGRiNSJ9\" href=\"https:\/\/jeromelorge.archi\/wp-content\/uploads\/2024\/04\/JL_Sauzelle-06.webp\"><figure class=\"swiper-slide-inner\"><img decoding=\"async\" class=\"swiper-slide-image\" src=\"https:\/\/jeromelorge.archi\/wp-content\/uploads\/elementor\/thumbs\/JL_Sauzelle-06-qqt8hflylpmm5btsmpl3gft5w2s232jp7vy4ve1fw8.webp\" alt=\"Images JL Architectes\" \/><figcaption class=\"elementor-image-carousel-caption\">Images JL Architectes<\/figcaption><\/figure><\/a><\/div><div class=\"swiper-slide\" role=\"group\" aria-roledescription=\"slide\" aria-label=\"2 sur 5\"><a data-elementor-open-lightbox=\"yes\" data-elementor-lightbox-slideshow=\"3b60db5\" data-elementor-lightbox-title=\"R\u00c9SIDENCE SAUZELLE\" data-e-action-hash=\"#elementor-action%3Aaction%3Dlightbox%26settings%3DeyJpZCI6NzMwLCJ1cmwiOiJodHRwczpcL1wvamVyb21lbG9yZ2UuYXJjaGlcL3dwLWNvbnRlbnRcL3VwbG9hZHNcLzIwMjRcLzA0XC9KTF9TYXV6ZWxsZS0wNS53ZWJwIiwic2xpZGVzaG93IjoiM2I2MGRiNSJ9\" href=\"https:\/\/jeromelorge.archi\/wp-content\/uploads\/2024\/04\/JL_Sauzelle-05.webp\"><figure class=\"swiper-slide-inner\"><img decoding=\"async\" class=\"swiper-slide-image\" src=\"https:\/\/jeromelorge.archi\/wp-content\/uploads\/elementor\/thumbs\/JL_Sauzelle-05-qqt8hzckl8dmx514fg49estud62rkpq2alnby7869k.webp\" alt=\"Images JL Architectes\" \/><figcaption class=\"elementor-image-carousel-caption\">Images JL Architectes<\/figcaption><\/figure><\/a><\/div><div class=\"swiper-slide\" role=\"group\" aria-roledescription=\"slide\" aria-label=\"3 sur 5\"><a data-elementor-open-lightbox=\"yes\" data-elementor-lightbox-slideshow=\"3b60db5\" data-elementor-lightbox-title=\"R\u00c9SIDENCE SAUZELLE\" data-e-action-hash=\"#elementor-action%3Aaction%3Dlightbox%26settings%3DeyJpZCI6NzI5LCJ1cmwiOiJodHRwczpcL1wvamVyb21lbG9yZ2UuYXJjaGlcL3dwLWNvbnRlbnRcL3VwbG9hZHNcLzIwMjRcLzA0XC9KTF9TYXV6ZWxsZS0wMy53ZWJwIiwic2xpZGVzaG93IjoiM2I2MGRiNSJ9\" href=\"https:\/\/jeromelorge.archi\/wp-content\/uploads\/2024\/04\/JL_Sauzelle-03.webp\"><figure class=\"swiper-slide-inner\"><img decoding=\"async\" class=\"swiper-slide-image\" src=\"https:\/\/jeromelorge.archi\/wp-content\/uploads\/elementor\/thumbs\/JL_Sauzelle-03-qqt8ik10rl5y0k732p21xnlzfn8ua205pg00iadigo.webp\" alt=\"Images JL Architectes\" \/><figcaption class=\"elementor-image-carousel-caption\">Images JL Architectes<\/figcaption><\/figure><\/a><\/div><div class=\"swiper-slide\" role=\"group\" aria-roledescription=\"slide\" aria-label=\"4 sur 5\"><a data-elementor-open-lightbox=\"yes\" data-elementor-lightbox-slideshow=\"3b60db5\" data-elementor-lightbox-title=\"R\u00c9SIDENCE SAUZELLE\" data-e-action-hash=\"#elementor-action%3Aaction%3Dlightbox%26settings%3DeyJpZCI6NzI3LCJ1cmwiOiJodHRwczpcL1wvamVyb21lbG9yZ2UuYXJjaGlcL3dwLWNvbnRlbnRcL3VwbG9hZHNcLzIwMjRcLzA0XC9KTF9TYXV6ZWxsZS0wMS53ZWJwIiwic2xpZGVzaG93IjoiM2I2MGRiNSJ9\" href=\"https:\/\/jeromelorge.archi\/wp-content\/uploads\/2024\/04\/JL_Sauzelle-01.webp\"><figure class=\"swiper-slide-inner\"><img decoding=\"async\" class=\"swiper-slide-image\" src=\"https:\/\/jeromelorge.archi\/wp-content\/uploads\/elementor\/thumbs\/JL_Sauzelle-01-qqt8jlmkcylewyogz5b4pe4f723ity5f6m3fpctrjs.webp\" alt=\"Images JL Architectes\" \/><figcaption class=\"elementor-image-carousel-caption\">Images JL Architectes<\/figcaption><\/figure><\/a><\/div><div class=\"swiper-slide\" role=\"group\" aria-roledescription=\"slide\" aria-label=\"5 sur 5\"><a data-elementor-open-lightbox=\"yes\" data-elementor-lightbox-slideshow=\"3b60db5\" data-elementor-lightbox-title=\"R\u00c9SIDENCE SAUZELLE\" data-e-action-hash=\"#elementor-action%3Aaction%3Dlightbox%26settings%3DeyJpZCI6NzI4LCJ1cmwiOiJodHRwczpcL1wvamVyb21lbG9yZ2UuYXJjaGlcL3dwLWNvbnRlbnRcL3VwbG9hZHNcLzIwMjRcLzA0XC9KTF9TYXV6ZWxsZS0wMi53ZWJwIiwic2xpZGVzaG93IjoiM2I2MGRiNSJ9\" href=\"https:\/\/jeromelorge.archi\/wp-content\/uploads\/2024\/04\/JL_Sauzelle-02.webp\"><figure class=\"swiper-slide-inner\"><img decoding=\"async\" class=\"swiper-slide-image\" src=\"https:\/\/jeromelorge.archi\/wp-content\/uploads\/elementor\/thumbs\/JL_Sauzelle-02-qqt8j3rmr3wysdeevfl7w0mnwqjjrp6is5p7l3k8u0.webp\" alt=\"Images JL Architectes\" \/><figcaption class=\"elementor-image-carousel-caption\">Images JL Architectes<\/figcaption><\/figure><\/a><\/div>\t\t\t<\/div>\n\t\t\t\t\t\t\t\t\t\t\t\t<div class=\"elementor-swiper-button elementor-swiper-button-prev\" role=\"button\" tabindex=\"0\">\n\t\t\t\t\t\t<svg aria-hidden=\"true\" class=\"e-font-icon-svg e-eicon-chevron-left\" viewBox=\"0 0 1000 1000\" xmlns=\"http:\/\/www.w3.org\/2000\/svg\"><path d=\"M646 125C629 125 613 133 604 142L308 442C296 454 292 471 292 487 292 504 296 521 308 533L604 854C617 867 629 875 646 875 663 875 679 871 692 858 704 846 713 829 713 812 713 796 708 779 692 767L438 487 692 225C700 217 708 204 708 187 708 171 704 154 692 142 675 129 663 125 646 125Z\"><\/path><\/svg>\t\t\t\t\t<\/div>\n\t\t\t\t\t<div class=\"elementor-swiper-button elementor-swiper-button-next\" role=\"button\" tabindex=\"0\">\n\t\t\t\t\t\t<svg aria-hidden=\"true\" class=\"e-font-icon-svg e-eicon-chevron-right\" viewBox=\"0 0 1000 1000\" xmlns=\"http:\/\/www.w3.org\/2000\/svg\"><path d=\"M696 533C708 521 713 504 713 487 713 471 708 454 696 446L400 146C388 133 375 125 354 125 338 125 325 129 313 142 300 154 292 171 292 187 292 204 296 221 308 233L563 492 304 771C292 783 288 800 288 817 288 833 296 850 308 863 321 871 338 875 354 875 371 875 388 867 400 854L696 533Z\"><\/path><\/svg>\t\t\t\t\t<\/div>\n\t\t\t\t\n\t\t\t\t\t\t\t\t\t<div class=\"swiper-pagination\"><\/div>\n\t\t\t\t\t\t\t\t\t<\/div>\n\t\t\t\t\t\t<\/div>\n\t\t\t\t<\/div>\n\t\t\t\t\t<\/div>\n\t\t\t\t<\/div>\n\t\t<div class=\"elementor-element elementor-element-b17be3c e-flex e-con-boxed e-con e-parent\" data-id=\"b17be3c\" data-element_type=\"container\" data-e-type=\"container\">\n\t\t\t\t\t<div class=\"e-con-inner\">\n\t\t\t\t<div class=\"elementor-element elementor-element-40af7cb elementor-widget elementor-widget-text-editor\" data-id=\"40af7cb\" data-element_type=\"widget\" data-e-type=\"widget\" data-widget_type=\"text-editor.default\">\n\t\t\t\t<div class=\"elementor-widget-container\">\n\t\t\t\t\t\t\t\t\t<p style=\"caret-color: #020202; color: #020202;\">Le terrain est issu du remembrement de 3 parcelles cadastre\u0301es situe\u0301es au nord de la Rue du Moulin au lieu-dit Le Moulin de Sauzelle a\u0300 Saint Georges d\u2019Ole\u0301ron.<\/p><p style=\"caret-color: #020202; color: #020202;\">Le projet est organise\u0301 en groupes d\u2019habitations constitue\u0301s de volumes a\u0300 rez-de-chausse\u0301e et R+1 le long d\u2019une voie cre\u0301e\u0301e joignant la rue du Moulin au Sud a\u0300 celle des Gitonnelles a\u0300 l\u2019Est. Les petits groupes ba\u0302tis accueillent 39 logements, 8 dans un plot collectif, tout le reste en individuels groupe\u0301s ou non. 10 logements (25%) sont sociaux, situe\u0301s en partie nord. Les 68 places de stationnements sont re\u0301parties sur l\u2019ensemble de l\u2019ope\u0301ration dont<strong> 11 en garages<\/strong>, la plupart des autres mutualise\u0301es en diverses poches.<\/p><p style=\"caret-color: #020202; color: #020202;\">Les groupes successifs associent des volumes simples et varie\u0301s conformes aux caracte\u0301ristiques re\u0301gionales : paralle\u0301le\u0301pipe\u0300des rectangles a\u0300 un ou deux niveaux, coiffe\u0301s de toitures a\u0300 pentes affirmant les <strong>pignons<\/strong>. Les arre\u0302tes sont vives et sans de\u0301bords.<\/p>\t\t\t\t\t\t\t\t<\/div>\n\t\t\t\t<\/div>\n\t\t\t\t\t<\/div>\n\t\t\t\t<\/div>\n\t\t\t\t<\/div>\n\t\t","protected":false},"excerpt":{"rendered":"<p>LES PROJETS Retour R\u00c9SIDENCE SAUZELLESaint-Georges-d&rsquo;Ol\u00e9ron (17) Ma\u00eetrise d&rsquo;ouvrage\u00a0:\u00a0Nexity Ma\u00eetrise d&rsquo;\u0153uvre\u00a0 :\u00a0Je\u0301rome Lorge Architectes, Geole Atlantique BE VRD, Vertumne BE paysage, Aubert BE structure, Callu BE Thermique Programme\u00a0:\u00a039 logements (8 T2, 12 T3, 19 T4) Mission\u00a0:\u00a0FAISA + DPC Calendrier\u00a0:\u00a0DPC de\u0301pose\u0301 et refuse\u0301 (PLU pas conforme au SCOT..) Surface\u00a0(SDP) :\u00a02 820 m\u00b2 Vid\u00e9o JL Architectes Images JL [&hellip;]<\/p>\n","protected":false},"author":1,"featured_media":0,"parent":0,"menu_order":0,"comment_status":"closed","ping_status":"closed","template":"elementor_canvas","meta":{"_monsterinsights_skip_tracking":false,"_monsterinsights_sitenote_active":false,"_monsterinsights_sitenote_note":"","_monsterinsights_sitenote_category":0,"_uf_show_specific_survey":0,"_uf_disable_surveys":false,"footnotes":""},"class_list":["post-713","page","type-page","status-publish","hentry"],"aioseo_notices":[],"_links":{"self":[{"href":"https:\/\/jeromelorge.archi\/index.php\/wp-json\/wp\/v2\/pages\/713","targetHints":{"allow":["GET"]}}],"collection":[{"href":"https:\/\/jeromelorge.archi\/index.php\/wp-json\/wp\/v2\/pages"}],"about":[{"href":"https:\/\/jeromelorge.archi\/index.php\/wp-json\/wp\/v2\/types\/page"}],"author":[{"embeddable":true,"href":"https:\/\/jeromelorge.archi\/index.php\/wp-json\/wp\/v2\/users\/1"}],"replies":[{"embeddable":true,"href":"https:\/\/jeromelorge.archi\/index.php\/wp-json\/wp\/v2\/comments?post=713"}],"version-history":[{"count":13,"href":"https:\/\/jeromelorge.archi\/index.php\/wp-json\/wp\/v2\/pages\/713\/revisions"}],"predecessor-version":[{"id":1600,"href":"https:\/\/jeromelorge.archi\/index.php\/wp-json\/wp\/v2\/pages\/713\/revisions\/1600"}],"wp:attachment":[{"href":"https:\/\/jeromelorge.archi\/index.php\/wp-json\/wp\/v2\/media?parent=713"}],"curies":[{"name":"wp","href":"https:\/\/api.w.org\/{rel}","templated":true}]}}