{"id":627,"date":"2024-04-12T17:16:07","date_gmt":"2024-04-12T15:16:07","guid":{"rendered":"https:\/\/jeromelorge.archi\/?page_id=627"},"modified":"2025-10-09T11:17:18","modified_gmt":"2025-10-09T09:17:18","slug":"residence-cote-village","status":"publish","type":"page","link":"https:\/\/jeromelorge.archi\/index.php\/residence-cote-village\/","title":{"rendered":"R\u00c9SIDENCE C\u00d4T\u00c9 VILLAGE"},"content":{"rendered":"\t\t<div data-elementor-type=\"wp-page\" data-elementor-id=\"627\" class=\"elementor elementor-627\">\n\t\t\t\t<div class=\"elementor-element elementor-element-0c2204b e-flex e-con-boxed e-con e-parent\" data-id=\"0c2204b\" data-element_type=\"container\" data-e-type=\"container\">\n\t\t\t\t\t<div class=\"e-con-inner\">\n\t\t\t\t<div class=\"elementor-element elementor-element-54878eb elementor-widget elementor-widget-heading\" data-id=\"54878eb\" data-element_type=\"widget\" data-e-type=\"widget\" data-widget_type=\"heading.default\">\n\t\t\t\t<div class=\"elementor-widget-container\">\n\t\t\t\t\t<h1 class=\"elementor-heading-title elementor-size-default\">LES PROJETS<\/h1>\t\t\t\t<\/div>\n\t\t\t\t<\/div>\n\t\t\t\t\t<\/div>\n\t\t\t\t<\/div>\n\t\t<div class=\"elementor-element elementor-element-0ea84bf e-flex e-con-boxed e-con e-parent\" data-id=\"0ea84bf\" data-element_type=\"container\" data-e-type=\"container\">\n\t\t\t\t\t<div class=\"e-con-inner\">\n\t\t\t\t<div class=\"elementor-element elementor-element-7684d9f elementor-mobile-align-center elementor-widget elementor-widget-button\" data-id=\"7684d9f\" data-element_type=\"widget\" data-e-type=\"widget\" data-widget_type=\"button.default\">\n\t\t\t\t<div class=\"elementor-widget-container\">\n\t\t\t\t\t\t\t\t\t<div class=\"elementor-button-wrapper\">\n\t\t\t\t\t<a class=\"elementor-button elementor-button-link elementor-size-sm\" href=\"http:\/\/jeromelorge.archi\/index.php\/les-projets\/\">\n\t\t\t\t\t\t<span class=\"elementor-button-content-wrapper\">\n\t\t\t\t\t\t\t\t\t<span class=\"elementor-button-text\">Retour<\/span>\n\t\t\t\t\t<\/span>\n\t\t\t\t\t<\/a>\n\t\t\t\t<\/div>\n\t\t\t\t\t\t\t\t<\/div>\n\t\t\t\t<\/div>\n\t\t\t\t\t<\/div>\n\t\t\t\t<\/div>\n\t\t<div class=\"elementor-element elementor-element-cbe274f e-flex e-con-boxed e-con e-parent\" data-id=\"cbe274f\" data-element_type=\"container\" data-e-type=\"container\">\n\t\t\t\t\t<div class=\"e-con-inner\">\n\t\t\t\t<div class=\"elementor-element elementor-element-6853604 elementor-widget-divider--view-line elementor-widget elementor-widget-divider\" data-id=\"6853604\" data-element_type=\"widget\" data-e-type=\"widget\" data-widget_type=\"divider.default\">\n\t\t\t\t<div class=\"elementor-widget-container\">\n\t\t\t\t\t\t\t<div class=\"elementor-divider\">\n\t\t\t<span class=\"elementor-divider-separator\">\n\t\t\t\t\t\t<\/span>\n\t\t<\/div>\n\t\t\t\t\t\t<\/div>\n\t\t\t\t<\/div>\n\t\t\t\t\t<\/div>\n\t\t\t\t<\/div>\n\t\t<div class=\"elementor-element elementor-element-b7c1859 e-flex e-con-boxed e-con e-parent\" data-id=\"b7c1859\" data-element_type=\"container\" data-e-type=\"container\">\n\t\t\t\t\t<div class=\"e-con-inner\">\n\t\t<div class=\"elementor-element elementor-element-1fbdbf2 e-con-full e-flex e-con e-child\" data-id=\"1fbdbf2\" data-element_type=\"container\" data-e-type=\"container\">\n\t\t<div class=\"elementor-element elementor-element-daf1dfd e-con-full e-flex e-con e-child\" data-id=\"daf1dfd\" data-element_type=\"container\" data-e-type=\"container\">\n\t\t\t\t<div class=\"elementor-element elementor-element-9135660 elementor-widget elementor-widget-heading\" data-id=\"9135660\" data-element_type=\"widget\" data-e-type=\"widget\" data-widget_type=\"heading.default\">\n\t\t\t\t<div class=\"elementor-widget-container\">\n\t\t\t\t\t<h2 class=\"elementor-heading-title elementor-size-default\"><span class=\"elementor-heading-title elementor-size-default elementor-inline-editing pen\" data-elementor-setting-key=\"title\" data-pen-placeholder=\"\u00c9crivez ici...\" style=\"line-height: 40px\">R\u00c9SIDENCE C\u00d4T\u00c9 VILLAGE<br>Biscarosse (40)<\/span><\/h2>\t\t\t\t<\/div>\n\t\t\t\t<\/div>\n\t\t\t\t<\/div>\n\t\t<div class=\"elementor-element elementor-element-2bb76f0 e-flex e-con-boxed e-con e-child\" data-id=\"2bb76f0\" data-element_type=\"container\" data-e-type=\"container\">\n\t\t\t\t\t<div class=\"e-con-inner\">\n\t\t\t\t<div class=\"elementor-element elementor-element-6642510 elementor-widget elementor-widget-text-editor\" data-id=\"6642510\" data-element_type=\"widget\" data-e-type=\"widget\" data-widget_type=\"text-editor.default\">\n\t\t\t\t<div class=\"elementor-widget-container\">\n\t\t\t\t\t\t\t\t\t<p style=\"caret-color: #000000; color: #000000;\"><b>Ma\u00eetrise d&rsquo;ouvrage<\/b>\u00a0:\u00a0Actis<\/p><p style=\"caret-color: #000000; color: #000000;\"><b>Ma\u00eetrise d&rsquo;\u0153uvre<\/b><span style=\"text-align: var(--text-align);\">\u00a0 :\u00a0<\/span>Je\u0301rome Lorge Architectes, BE Control VRD, PRI Inge\u0301nierie Be thermique, JMOX Ex\u00e9<\/p><p style=\"caret-color: #000000; color: #000000;\"><b>Programme\u00a0<\/b>:\u00a012 logements (2 T1, 3 T2, 6 T3, 1 T4)<\/p><p style=\"caret-color: #000000; color: #000000;\"><b>Mission\u00a0<\/b>:\u00a0FAISA + DPC + DCE + MARCHES<\/p><p style=\"caret-color: #000000; color: #000000;\"><b>Calendrier\u00a0<\/b>: Livr\u00e9 en septembre 2024<\/p><p style=\"caret-color: #000000; color: #000000;\"><b>Surface\u00a0<\/b>(SDP) :\u00a0707 m\u00b2<\/p><p style=\"caret-color: #000000; color: #000000;\"><b>Co\u00fbt\u00a0<\/b>:\u00a0750 000\u20ac HT<\/p><div class=\"page\" style=\"caret-color: #000000; color: #000000;\" title=\"Page 1\"><div class=\"layoutArea\"><div class=\"column\">\u00a0<\/div><\/div><\/div>\t\t\t\t\t\t\t\t<\/div>\n\t\t\t\t<\/div>\n\t\t\t\t\t<\/div>\n\t\t\t\t<\/div>\n\t\t\t\t<\/div>\n\t\t<div class=\"elementor-element elementor-element-9a71ce2 e-con-full e-flex e-con e-child\" data-id=\"9a71ce2\" data-element_type=\"container\" data-e-type=\"container\">\n\t\t\t\t<div class=\"elementor-element elementor-element-0726fae elementor-widget elementor-widget-image\" data-id=\"0726fae\" data-element_type=\"widget\" data-e-type=\"widget\" data-widget_type=\"image.default\">\n\t\t\t\t<div class=\"elementor-widget-container\">\n\t\t\t\t\t\t\t\t\t\t\t\t<figure class=\"wp-caption\">\n\t\t\t\t\t\t\t\t\t\t\t<a href=\"https:\/\/jeromelorge.archi\/wp-content\/uploads\/2025\/10\/DSC03760bis.jpg\" data-elementor-open-lightbox=\"yes\" data-elementor-lightbox-title=\"Photo Biscarosse\" data-e-action-hash=\"#elementor-action%3Aaction%3Dlightbox%26settings%3DeyJpZCI6MjAzOCwidXJsIjoiaHR0cHM6XC9cL2plcm9tZWxvcmdlLmFyY2hpXC93cC1jb250ZW50XC91cGxvYWRzXC8yMDI1XC8xMFwvRFNDMDM3NjBiaXMuanBnIn0%3D\">\n\t\t\t\t\t\t\t<img fetchpriority=\"high\" decoding=\"async\" width=\"2361\" height=\"1714\" src=\"https:\/\/jeromelorge.archi\/wp-content\/uploads\/2025\/10\/DSC03760bis.jpg\" class=\"attachment-full size-full wp-image-2038\" alt=\"C\u00f4t\u00e9 village, 2025,12 logements, JL Architectes\" srcset=\"https:\/\/jeromelorge.archi\/wp-content\/uploads\/2025\/10\/DSC03760bis.jpg 2361w, https:\/\/jeromelorge.archi\/wp-content\/uploads\/2025\/10\/DSC03760bis-300x218.jpg 300w, https:\/\/jeromelorge.archi\/wp-content\/uploads\/2025\/10\/DSC03760bis-1024x743.jpg 1024w, https:\/\/jeromelorge.archi\/wp-content\/uploads\/2025\/10\/DSC03760bis-768x558.jpg 768w, https:\/\/jeromelorge.archi\/wp-content\/uploads\/2025\/10\/DSC03760bis-1536x1115.jpg 1536w, https:\/\/jeromelorge.archi\/wp-content\/uploads\/2025\/10\/DSC03760bis-2048x1487.jpg 2048w\" sizes=\"(max-width: 2361px) 100vw, 2361px\" \/>\t\t\t\t\t\t\t\t<\/a>\n\t\t\t\t\t\t\t\t\t\t\t<figcaption class=\"widget-image-caption wp-caption-text\">Images JL Architectes<\/figcaption>\n\t\t\t\t\t\t\t\t\t\t<\/figure>\n\t\t\t\t\t\t\t\t\t<\/div>\n\t\t\t\t<\/div>\n\t\t\t\t<\/div>\n\t\t\t\t\t<\/div>\n\t\t\t\t<\/div>\n\t\t<div class=\"elementor-element elementor-element-be7323a e-flex e-con-boxed e-con e-parent\" data-id=\"be7323a\" data-element_type=\"container\" data-e-type=\"container\">\n\t\t\t\t\t<div class=\"e-con-inner\">\n\t\t\t\t<div class=\"elementor-element elementor-element-3b60db5 elementor-arrows-position-outside elementor-pagination-position-outside elementor-widget elementor-widget-image-carousel\" data-id=\"3b60db5\" data-element_type=\"widget\" data-e-type=\"widget\" data-settings=\"{&quot;navigation&quot;:&quot;both&quot;,&quot;autoplay&quot;:&quot;yes&quot;,&quot;pause_on_hover&quot;:&quot;yes&quot;,&quot;pause_on_interaction&quot;:&quot;yes&quot;,&quot;autoplay_speed&quot;:5000,&quot;infinite&quot;:&quot;yes&quot;,&quot;speed&quot;:500,&quot;image_spacing_custom&quot;:{&quot;unit&quot;:&quot;px&quot;,&quot;size&quot;:20,&quot;sizes&quot;:[]},&quot;image_spacing_custom_tablet&quot;:{&quot;unit&quot;:&quot;px&quot;,&quot;size&quot;:&quot;&quot;,&quot;sizes&quot;:[]},&quot;image_spacing_custom_mobile&quot;:{&quot;unit&quot;:&quot;px&quot;,&quot;size&quot;:&quot;&quot;,&quot;sizes&quot;:[]}}\" data-widget_type=\"image-carousel.default\">\n\t\t\t\t<div class=\"elementor-widget-container\">\n\t\t\t\t\t\t\t<div class=\"elementor-image-carousel-wrapper swiper\" role=\"region\" aria-roledescription=\"carousel\" aria-label=\"Carrousel d\u2019images\" dir=\"ltr\">\n\t\t\t<div class=\"elementor-image-carousel swiper-wrapper\" aria-live=\"off\">\n\t\t\t\t\t\t\t\t<div class=\"swiper-slide\" role=\"group\" aria-roledescription=\"slide\" aria-label=\"1 sur 6\"><a data-elementor-open-lightbox=\"yes\" data-elementor-lightbox-slideshow=\"3b60db5\" data-elementor-lightbox-title=\"Photo Biscarosse\" data-e-action-hash=\"#elementor-action%3Aaction%3Dlightbox%26settings%3DeyJpZCI6MjA0MywidXJsIjoiaHR0cHM6XC9cL2plcm9tZWxvcmdlLmFyY2hpXC93cC1jb250ZW50XC91cGxvYWRzXC8yMDI1XC8xMFwvRFNDMDM3NzBiaXMuanBnIiwic2xpZGVzaG93IjoiM2I2MGRiNSJ9\" href=\"https:\/\/jeromelorge.archi\/wp-content\/uploads\/2025\/10\/DSC03770bis.jpg\"><figure class=\"swiper-slide-inner\"><img decoding=\"async\" class=\"swiper-slide-image\" src=\"https:\/\/jeromelorge.archi\/wp-content\/uploads\/elementor\/thumbs\/DSC03770bis-rcxzsn63zu3natv1hwepe4ie72pgsiu0rgae5mwce0.jpg\" alt=\"C\u00f4t\u00e9 village, 2025,12 logements, JL Architectes\" \/><figcaption class=\"elementor-image-carousel-caption\">Photo JL Architectes<\/figcaption><\/figure><\/a><\/div><div class=\"swiper-slide\" role=\"group\" aria-roledescription=\"slide\" aria-label=\"2 sur 6\"><a data-elementor-open-lightbox=\"yes\" data-elementor-lightbox-slideshow=\"3b60db5\" data-elementor-lightbox-title=\"Photo Biscarosse\" data-e-action-hash=\"#elementor-action%3Aaction%3Dlightbox%26settings%3DeyJpZCI6MjA0MCwidXJsIjoiaHR0cHM6XC9cL2plcm9tZWxvcmdlLmFyY2hpXC93cC1jb250ZW50XC91cGxvYWRzXC8yMDI1XC8xMFwvRFNDMDM3NjNiaXMuanBnIiwic2xpZGVzaG93IjoiM2I2MGRiNSJ9\" href=\"https:\/\/jeromelorge.archi\/wp-content\/uploads\/2025\/10\/DSC03763bis.jpg\"><figure class=\"swiper-slide-inner\"><img decoding=\"async\" class=\"swiper-slide-image\" src=\"https:\/\/jeromelorge.archi\/wp-content\/uploads\/elementor\/thumbs\/DSC03763bis-rcxzrezp2mf655n7nvb8mxnq9yr7qqymxdmklmpuig.jpg\" alt=\"C\u00f4t\u00e9 village, 2025,12 logements, JL Architectes\" \/><figcaption class=\"elementor-image-carousel-caption\">Photo JL Architectes<\/figcaption><\/figure><\/a><\/div><div class=\"swiper-slide\" role=\"group\" aria-roledescription=\"slide\" aria-label=\"3 sur 6\"><a data-elementor-open-lightbox=\"yes\" data-elementor-lightbox-slideshow=\"3b60db5\" data-elementor-lightbox-title=\"Photo Biscarosse\" data-e-action-hash=\"#elementor-action%3Aaction%3Dlightbox%26settings%3DeyJpZCI6MjA0MSwidXJsIjoiaHR0cHM6XC9cL2plcm9tZWxvcmdlLmFyY2hpXC93cC1jb250ZW50XC91cGxvYWRzXC8yMDI1XC8xMFwvRFNDMDM3NjZiaXMuanBnIiwic2xpZGVzaG93IjoiM2I2MGRiNSJ9\" href=\"https:\/\/jeromelorge.archi\/wp-content\/uploads\/2025\/10\/DSC03766bis.jpg\"><figure class=\"swiper-slide-inner\"><img decoding=\"async\" class=\"swiper-slide-image\" src=\"https:\/\/jeromelorge.archi\/wp-content\/uploads\/elementor\/thumbs\/DSC03766bis-rcxzrgvdgahqsdkhcw4hrx6ngqhy6563lmxjk6n260.jpg\" alt=\"C\u00f4t\u00e9 village, 2025,12 logements, JL Architectes\" \/><figcaption class=\"elementor-image-carousel-caption\">Photo JL Architectes<\/figcaption><\/figure><\/a><\/div><div class=\"swiper-slide\" role=\"group\" aria-roledescription=\"slide\" aria-label=\"4 sur 6\"><a data-elementor-open-lightbox=\"yes\" data-elementor-lightbox-slideshow=\"3b60db5\" data-elementor-lightbox-title=\"R\u00c9SIDENCE C\u00d4T\u00c9 VILLAGE\" data-e-action-hash=\"#elementor-action%3Aaction%3Dlightbox%26settings%3DeyJpZCI6NjMzLCJ1cmwiOiJodHRwczpcL1wvamVyb21lbG9yZ2UuYXJjaGlcL3dwLWNvbnRlbnRcL3VwbG9hZHNcLzIwMjRcLzA0XC9EU0MwMjIzNC53ZWJwIiwic2xpZGVzaG93IjoiM2I2MGRiNSJ9\" href=\"https:\/\/jeromelorge.archi\/wp-content\/uploads\/2024\/04\/DSC02234.webp\"><figure class=\"swiper-slide-inner\"><img decoding=\"async\" class=\"swiper-slide-image\" src=\"https:\/\/jeromelorge.archi\/wp-content\/uploads\/elementor\/thumbs\/DSC02234-qqtbdz7qqcqpfzyy5wfas22sevhq75ky9c2afb13ug.webp\" alt=\"Image JL ArchitectesR\u00c9SIDENCE VILLA PR\u00c9VERT\" \/><figcaption class=\"elementor-image-carousel-caption\">Image JL ArchitectesR\u00c9SIDENCE VILLA PR\u00c9VERT<\/figcaption><\/figure><\/a><\/div><div class=\"swiper-slide\" role=\"group\" aria-roledescription=\"slide\" aria-label=\"5 sur 6\"><a data-elementor-open-lightbox=\"yes\" data-elementor-lightbox-slideshow=\"3b60db5\" data-elementor-lightbox-title=\"R\u00c9SIDENCE C\u00d4T\u00c9 VILLAGE\" data-e-action-hash=\"#elementor-action%3Aaction%3Dlightbox%26settings%3DeyJpZCI6NjMxLCJ1cmwiOiJodHRwczpcL1wvamVyb21lbG9yZ2UuYXJjaGlcL3dwLWNvbnRlbnRcL3VwbG9hZHNcLzIwMjRcLzA0XC9tb250YWdldjIuMS53ZWJwIiwic2xpZGVzaG93IjoiM2I2MGRiNSJ9\" href=\"https:\/\/jeromelorge.archi\/wp-content\/uploads\/2024\/04\/montagev2.1.webp\"><figure class=\"swiper-slide-inner\"><img decoding=\"async\" class=\"swiper-slide-image\" src=\"https:\/\/jeromelorge.archi\/wp-content\/uploads\/elementor\/thumbs\/montagev2.1-qqtbkgbpt9ltfakccp6ryf93qfkr83adtdupfxfgzc.webp\" alt=\"Image JL Architectes\" \/><figcaption class=\"elementor-image-carousel-caption\">Image JL Architectes<\/figcaption><\/figure><\/a><\/div><div class=\"swiper-slide\" role=\"group\" aria-roledescription=\"slide\" aria-label=\"6 sur 6\"><a data-elementor-open-lightbox=\"yes\" data-elementor-lightbox-slideshow=\"3b60db5\" data-elementor-lightbox-title=\"R\u00c9SIDENCE C\u00d4T\u00c9 VILLAGE\" data-e-action-hash=\"#elementor-action%3Aaction%3Dlightbox%26settings%3DeyJpZCI6NjMwLCJ1cmwiOiJodHRwczpcL1wvamVyb21lbG9yZ2UuYXJjaGlcL3dwLWNvbnRlbnRcL3VwbG9hZHNcLzIwMjRcLzA0XC9JbWFnZTJfMDAzLnBuZyIsInNsaWRlc2hvdyI6IjNiNjBkYjUifQ%3D%3D\" href=\"https:\/\/jeromelorge.archi\/wp-content\/uploads\/2024\/04\/Image2_003.png\"><figure class=\"swiper-slide-inner\"><img decoding=\"async\" class=\"swiper-slide-image\" src=\"https:\/\/jeromelorge.archi\/wp-content\/uploads\/elementor\/thumbs\/Image2_003-qmlvflyij7ejrbmq9gcnwp943t5l6qtp97ghfd28jc.png\" alt=\"Image JL Architectes\" \/><figcaption class=\"elementor-image-carousel-caption\">Image JL Architectes<\/figcaption><\/figure><\/a><\/div>\t\t\t<\/div>\n\t\t\t\t\t\t\t\t\t\t\t\t<div class=\"elementor-swiper-button elementor-swiper-button-prev\" role=\"button\" tabindex=\"0\">\n\t\t\t\t\t\t<svg aria-hidden=\"true\" class=\"e-font-icon-svg e-eicon-chevron-left\" viewBox=\"0 0 1000 1000\" xmlns=\"http:\/\/www.w3.org\/2000\/svg\"><path d=\"M646 125C629 125 613 133 604 142L308 442C296 454 292 471 292 487 292 504 296 521 308 533L604 854C617 867 629 875 646 875 663 875 679 871 692 858 704 846 713 829 713 812 713 796 708 779 692 767L438 487 692 225C700 217 708 204 708 187 708 171 704 154 692 142 675 129 663 125 646 125Z\"><\/path><\/svg>\t\t\t\t\t<\/div>\n\t\t\t\t\t<div class=\"elementor-swiper-button elementor-swiper-button-next\" role=\"button\" tabindex=\"0\">\n\t\t\t\t\t\t<svg aria-hidden=\"true\" class=\"e-font-icon-svg e-eicon-chevron-right\" viewBox=\"0 0 1000 1000\" xmlns=\"http:\/\/www.w3.org\/2000\/svg\"><path d=\"M696 533C708 521 713 504 713 487 713 471 708 454 696 446L400 146C388 133 375 125 354 125 338 125 325 129 313 142 300 154 292 171 292 187 292 204 296 221 308 233L563 492 304 771C292 783 288 800 288 817 288 833 296 850 308 863 321 871 338 875 354 875 371 875 388 867 400 854L696 533Z\"><\/path><\/svg>\t\t\t\t\t<\/div>\n\t\t\t\t\n\t\t\t\t\t\t\t\t\t<div class=\"swiper-pagination\"><\/div>\n\t\t\t\t\t\t\t\t\t<\/div>\n\t\t\t\t\t\t<\/div>\n\t\t\t\t<\/div>\n\t\t\t\t\t<\/div>\n\t\t\t\t<\/div>\n\t\t<div class=\"elementor-element elementor-element-b17be3c e-flex e-con-boxed e-con e-parent\" data-id=\"b17be3c\" data-element_type=\"container\" data-e-type=\"container\">\n\t\t\t\t\t<div class=\"e-con-inner\">\n\t\t\t\t<div class=\"elementor-element elementor-element-40af7cb elementor-widget elementor-widget-text-editor\" data-id=\"40af7cb\" data-element_type=\"widget\" data-e-type=\"widget\" data-widget_type=\"text-editor.default\">\n\t\t\t\t<div class=\"elementor-widget-container\">\n\t\t\t\t\t\t\t\t\t<p style=\"caret-color: #020202; color: #020202;\">Le projet se situe a\u0300 Biscarrosse, Avenue du Ge\u0301ne\u0301ral Lyautey. Il propose la construction d&rsquo;un petit immeuble de 12 logements s&rsquo;implantant en discontinu exposant ses fac\u0327ades principales a\u0300 l&rsquo;Ouest et a\u0300 l&rsquo;Est, son gabarit est d&rsquo;un e\u0301tage sur rez-de-chausse\u0301e. <strong>Les logements de l&rsquo;e\u0301tage profitent de balcons ceux du rez-de-chausse\u0301e de jardinets privatifs<\/strong>.<\/p><p style=\"caret-color: #020202; color: #020202;\">L&rsquo;immeuble s&rsquo;organise sur une base simple, rectangulaire. Les line\u0301aires de fac\u0327ade sont se\u0301quence\u0301s par les groupements balcons\/ percements conforte\u0301s par les jeux de coloration d&rsquo;enduit sable clair et blanc. La toiture principale, couvertes de tuiles terre cuite a\u0300 2 versants au fai\u0302tage Nord\/Sud s&rsquo;anime a\u0300 son extre\u0301mite\u0301 Sud gra\u0302ce a\u0300 l&rsquo;introduction de 4 pignons, 1 a\u0300 l&rsquo;Ouest, 1 a\u0300 l&rsquo;Est et 2 co\u0302tes-a\u0300-co\u0302tes au Sud. L&rsquo;accent est mis sur l&rsquo;architecture du premier tiers Sud de l&rsquo;immeuble, te\u0302te de proue sur l&rsquo;avenue qui mate\u0301rialise le gabarit et les attributs d&rsquo;une maison locale d&rsquo;e\u0301poque. Les e\u0301le\u0301ments de charpente, garde-corps et les rives de toiture reve\u0302tent la me\u0302me<strong> teinte bleu gris<\/strong> rappelant le caracte\u0300re re\u0301gional dans lequel s&rsquo;inscrit l&rsquo;immeuble.<\/p>\t\t\t\t\t\t\t\t<\/div>\n\t\t\t\t<\/div>\n\t\t\t\t\t<\/div>\n\t\t\t\t<\/div>\n\t\t\t\t<\/div>\n\t\t","protected":false},"excerpt":{"rendered":"<p>LES PROJETS Retour R\u00c9SIDENCE C\u00d4T\u00c9 VILLAGEBiscarosse (40) Ma\u00eetrise d&rsquo;ouvrage\u00a0:\u00a0Actis Ma\u00eetrise d&rsquo;\u0153uvre\u00a0 :\u00a0Je\u0301rome Lorge Architectes, BE Control VRD, PRI Inge\u0301nierie Be thermique, JMOX Ex\u00e9 Programme\u00a0:\u00a012 logements (2 T1, 3 T2, 6 T3, 1 T4) Mission\u00a0:\u00a0FAISA + DPC + DCE + MARCHES Calendrier\u00a0: Livr\u00e9 en septembre 2024 Surface\u00a0(SDP) :\u00a0707 m\u00b2 Co\u00fbt\u00a0:\u00a0750 000\u20ac HT \u00a0 Images JL Architectes [&hellip;]<\/p>\n","protected":false},"author":1,"featured_media":0,"parent":0,"menu_order":0,"comment_status":"closed","ping_status":"closed","template":"elementor_canvas","meta":{"_monsterinsights_skip_tracking":false,"_monsterinsights_sitenote_active":false,"_monsterinsights_sitenote_note":"","_monsterinsights_sitenote_category":0,"_uf_show_specific_survey":0,"_uf_disable_surveys":false,"footnotes":""},"class_list":["post-627","page","type-page","status-publish","hentry"],"aioseo_notices":[],"_links":{"self":[{"href":"https:\/\/jeromelorge.archi\/index.php\/wp-json\/wp\/v2\/pages\/627","targetHints":{"allow":["GET"]}}],"collection":[{"href":"https:\/\/jeromelorge.archi\/index.php\/wp-json\/wp\/v2\/pages"}],"about":[{"href":"https:\/\/jeromelorge.archi\/index.php\/wp-json\/wp\/v2\/types\/page"}],"author":[{"embeddable":true,"href":"https:\/\/jeromelorge.archi\/index.php\/wp-json\/wp\/v2\/users\/1"}],"replies":[{"embeddable":true,"href":"https:\/\/jeromelorge.archi\/index.php\/wp-json\/wp\/v2\/comments?post=627"}],"version-history":[{"count":32,"href":"https:\/\/jeromelorge.archi\/index.php\/wp-json\/wp\/v2\/pages\/627\/revisions"}],"predecessor-version":[{"id":2082,"href":"https:\/\/jeromelorge.archi\/index.php\/wp-json\/wp\/v2\/pages\/627\/revisions\/2082"}],"wp:attachment":[{"href":"https:\/\/jeromelorge.archi\/index.php\/wp-json\/wp\/v2\/media?parent=627"}],"curies":[{"name":"wp","href":"https:\/\/api.w.org\/{rel}","templated":true}]}}