{"id":602,"date":"2024-04-12T17:07:58","date_gmt":"2024-04-12T15:07:58","guid":{"rendered":"https:\/\/jeromelorge.archi\/?page_id=602"},"modified":"2024-07-26T16:36:19","modified_gmt":"2024-07-26T14:36:19","slug":"residence-les-ecumes","status":"publish","type":"page","link":"https:\/\/jeromelorge.archi\/index.php\/residence-les-ecumes\/","title":{"rendered":"R\u00c9SIDENCE LES \u00c9CUMES"},"content":{"rendered":"\t\t<div data-elementor-type=\"wp-page\" data-elementor-id=\"602\" class=\"elementor elementor-602\">\n\t\t\t\t<div class=\"elementor-element elementor-element-0c2204b e-flex e-con-boxed e-con e-parent\" data-id=\"0c2204b\" data-element_type=\"container\" data-e-type=\"container\">\n\t\t\t\t\t<div class=\"e-con-inner\">\n\t\t\t\t<div class=\"elementor-element elementor-element-54878eb elementor-widget elementor-widget-heading\" data-id=\"54878eb\" data-element_type=\"widget\" data-e-type=\"widget\" data-widget_type=\"heading.default\">\n\t\t\t\t<div class=\"elementor-widget-container\">\n\t\t\t\t\t<h1 class=\"elementor-heading-title elementor-size-default\">LES PROJETS<\/h1>\t\t\t\t<\/div>\n\t\t\t\t<\/div>\n\t\t\t\t\t<\/div>\n\t\t\t\t<\/div>\n\t\t<div class=\"elementor-element elementor-element-0ea84bf e-flex e-con-boxed e-con e-parent\" data-id=\"0ea84bf\" data-element_type=\"container\" data-e-type=\"container\">\n\t\t\t\t\t<div class=\"e-con-inner\">\n\t\t\t\t<div class=\"elementor-element elementor-element-7684d9f elementor-mobile-align-center elementor-widget elementor-widget-button\" data-id=\"7684d9f\" data-element_type=\"widget\" data-e-type=\"widget\" data-widget_type=\"button.default\">\n\t\t\t\t<div class=\"elementor-widget-container\">\n\t\t\t\t\t\t\t\t\t<div class=\"elementor-button-wrapper\">\n\t\t\t\t\t<a class=\"elementor-button elementor-button-link elementor-size-sm\" href=\"http:\/\/jeromelorge.archi\/index.php\/les-projets\/\">\n\t\t\t\t\t\t<span class=\"elementor-button-content-wrapper\">\n\t\t\t\t\t\t\t\t\t<span class=\"elementor-button-text\">Retour<\/span>\n\t\t\t\t\t<\/span>\n\t\t\t\t\t<\/a>\n\t\t\t\t<\/div>\n\t\t\t\t\t\t\t\t<\/div>\n\t\t\t\t<\/div>\n\t\t\t\t\t<\/div>\n\t\t\t\t<\/div>\n\t\t<div class=\"elementor-element elementor-element-cbe274f e-flex e-con-boxed e-con e-parent\" data-id=\"cbe274f\" data-element_type=\"container\" data-e-type=\"container\">\n\t\t\t\t\t<div class=\"e-con-inner\">\n\t\t\t\t<div class=\"elementor-element elementor-element-6853604 elementor-widget-divider--view-line elementor-widget elementor-widget-divider\" data-id=\"6853604\" data-element_type=\"widget\" data-e-type=\"widget\" data-widget_type=\"divider.default\">\n\t\t\t\t<div class=\"elementor-widget-container\">\n\t\t\t\t\t\t\t<div class=\"elementor-divider\">\n\t\t\t<span class=\"elementor-divider-separator\">\n\t\t\t\t\t\t<\/span>\n\t\t<\/div>\n\t\t\t\t\t\t<\/div>\n\t\t\t\t<\/div>\n\t\t\t\t\t<\/div>\n\t\t\t\t<\/div>\n\t\t<div class=\"elementor-element elementor-element-b7c1859 e-flex e-con-boxed e-con e-parent\" data-id=\"b7c1859\" data-element_type=\"container\" data-e-type=\"container\">\n\t\t\t\t\t<div class=\"e-con-inner\">\n\t\t<div class=\"elementor-element elementor-element-1fbdbf2 e-con-full e-flex e-con e-child\" data-id=\"1fbdbf2\" data-element_type=\"container\" data-e-type=\"container\">\n\t\t<div class=\"elementor-element elementor-element-daf1dfd e-flex e-con-boxed e-con e-child\" data-id=\"daf1dfd\" data-element_type=\"container\" data-e-type=\"container\">\n\t\t\t\t\t<div class=\"e-con-inner\">\n\t\t\t\t<div class=\"elementor-element elementor-element-9135660 elementor-widget elementor-widget-heading\" data-id=\"9135660\" data-element_type=\"widget\" data-e-type=\"widget\" data-widget_type=\"heading.default\">\n\t\t\t\t<div class=\"elementor-widget-container\">\n\t\t\t\t\t<h2 class=\"elementor-heading-title elementor-size-default\"><span class=\"elementor-heading-title elementor-size-default elementor-inline-editing pen\" data-elementor-setting-key=\"title\" data-pen-placeholder=\"\u00c9crivez ici...\" style=\"line-height: 40px\">R\u00c9SIDENCE LES \u00c9CUMES<br>Jard sur Mer (85)<\/span><\/h2>\t\t\t\t<\/div>\n\t\t\t\t<\/div>\n\t\t\t\t\t<\/div>\n\t\t\t\t<\/div>\n\t\t<div class=\"elementor-element elementor-element-2bb76f0 e-flex e-con-boxed e-con e-child\" data-id=\"2bb76f0\" data-element_type=\"container\" data-e-type=\"container\">\n\t\t\t\t\t<div class=\"e-con-inner\">\n\t\t\t\t<div class=\"elementor-element elementor-element-6642510 elementor-widget elementor-widget-text-editor\" data-id=\"6642510\" data-element_type=\"widget\" data-e-type=\"widget\" data-widget_type=\"text-editor.default\">\n\t\t\t\t<div class=\"elementor-widget-container\">\n\t\t\t\t\t\t\t\t\t<p style=\"caret-color: #000000; color: #000000;\"><b>Ma\u00eetrise d&rsquo;ouvrage<\/b>\u00a0:\u00a0Severini Pierres &amp; Loisirs depuis, Pitch x Woodeum<\/p><p style=\"caret-color: #000000; color: #000000;\"><b>Ma\u00eetrise d&rsquo;\u0153uvre<\/b><span style=\"text-align: var(--text-align);\">\u00a0 :\u00a0<\/span>Je\u0301rome Lorge Architectes, Vivien BE thermique, Valeen Be Hydraulique et pollution, Be Sol Optisol<\/p><p style=\"caret-color: #000000; color: #000000;\"><b>Programme\u00a0<\/b>:\u00a028 logements (28 T3)<\/p><p style=\"caret-color: #000000; color: #000000;\"><b>Mission\u00a0<\/b>:\u00a0FAISA + DPC\u00a0<\/p><p style=\"caret-color: #000000; color: #000000;\"><span style=\"text-align: var(--text-align);\">Surface\u00a0(SDP) :\u00a0<\/span><span style=\"text-align: var(--text-align);\">1 948 m\u00b2<\/span><\/p><p style=\"caret-color: #000000; color: #000000;\"><b>Co\u00fbt\u00a0<\/b>:\u00a02,7M\u20ac HT<\/p>\t\t\t\t\t\t\t\t<\/div>\n\t\t\t\t<\/div>\n\t\t\t\t\t<\/div>\n\t\t\t\t<\/div>\n\t\t\t\t<\/div>\n\t\t<div class=\"elementor-element elementor-element-9a71ce2 e-con-full e-flex e-con e-child\" data-id=\"9a71ce2\" data-element_type=\"container\" data-e-type=\"container\">\n\t\t\t\t<div class=\"elementor-element elementor-element-0726fae elementor-widget elementor-widget-image\" data-id=\"0726fae\" data-element_type=\"widget\" data-e-type=\"widget\" data-widget_type=\"image.default\">\n\t\t\t\t<div class=\"elementor-widget-container\">\n\t\t\t\t\t\t\t\t\t\t\t\t<figure class=\"wp-caption\">\n\t\t\t\t\t\t\t\t\t\t\t<a href=\"https:\/\/jeromelorge.archi\/wp-content\/uploads\/2024\/04\/JARD_3-Photo-Light-scaled.jpg\" data-elementor-open-lightbox=\"yes\" data-elementor-lightbox-title=\"R\u00c9SIDENCE LES \u00c9CUMES\" data-e-action-hash=\"#elementor-action%3Aaction%3Dlightbox%26settings%3DeyJpZCI6NjA5LCJ1cmwiOiJodHRwczpcL1wvamVyb21lbG9yZ2UuYXJjaGlcL3dwLWNvbnRlbnRcL3VwbG9hZHNcLzIwMjRcLzA0XC9KQVJEXzMtUGhvdG8tTGlnaHQtc2NhbGVkLndlYnAifQ%3D%3D\">\n\t\t\t\t\t\t\t<img fetchpriority=\"high\" decoding=\"async\" width=\"1920\" height=\"1079\" src=\"https:\/\/jeromelorge.archi\/wp-content\/uploads\/2024\/04\/JARD_3-Photo-Light-scaled.webp\" class=\"attachment-full size-full wp-image-609\" alt=\"\" srcset=\"https:\/\/jeromelorge.archi\/wp-content\/uploads\/2024\/04\/JARD_3-Photo-Light-scaled.webp 1920w, https:\/\/jeromelorge.archi\/wp-content\/uploads\/2024\/04\/JARD_3-Photo-Light-300x169.webp 300w, https:\/\/jeromelorge.archi\/wp-content\/uploads\/2024\/04\/JARD_3-Photo-Light-1024x576.webp 1024w, https:\/\/jeromelorge.archi\/wp-content\/uploads\/2024\/04\/JARD_3-Photo-Light-768x432.webp 768w, https:\/\/jeromelorge.archi\/wp-content\/uploads\/2024\/04\/JARD_3-Photo-Light-1536x864.webp 1536w\" sizes=\"(max-width: 1920px) 100vw, 1920px\" \/>\t\t\t\t\t\t\t\t<\/a>\n\t\t\t\t\t\t\t\t\t\t\t<figcaption class=\"widget-image-caption wp-caption-text\">Images JL Architectes<\/figcaption>\n\t\t\t\t\t\t\t\t\t\t<\/figure>\n\t\t\t\t\t\t\t\t\t<\/div>\n\t\t\t\t<\/div>\n\t\t\t\t<\/div>\n\t\t\t\t\t<\/div>\n\t\t\t\t<\/div>\n\t\t<div class=\"elementor-element elementor-element-be7323a e-flex e-con-boxed e-con e-parent\" data-id=\"be7323a\" data-element_type=\"container\" data-e-type=\"container\">\n\t\t\t\t\t<div class=\"e-con-inner\">\n\t\t\t\t<div class=\"elementor-element elementor-element-3b60db5 elementor-arrows-position-outside elementor-pagination-position-outside elementor-widget elementor-widget-image-carousel\" data-id=\"3b60db5\" data-element_type=\"widget\" data-e-type=\"widget\" data-settings=\"{&quot;navigation&quot;:&quot;both&quot;,&quot;autoplay&quot;:&quot;yes&quot;,&quot;pause_on_hover&quot;:&quot;yes&quot;,&quot;pause_on_interaction&quot;:&quot;yes&quot;,&quot;autoplay_speed&quot;:5000,&quot;infinite&quot;:&quot;yes&quot;,&quot;speed&quot;:500,&quot;image_spacing_custom&quot;:{&quot;unit&quot;:&quot;px&quot;,&quot;size&quot;:20,&quot;sizes&quot;:[]},&quot;image_spacing_custom_tablet&quot;:{&quot;unit&quot;:&quot;px&quot;,&quot;size&quot;:&quot;&quot;,&quot;sizes&quot;:[]},&quot;image_spacing_custom_mobile&quot;:{&quot;unit&quot;:&quot;px&quot;,&quot;size&quot;:&quot;&quot;,&quot;sizes&quot;:[]}}\" data-widget_type=\"image-carousel.default\">\n\t\t\t\t<div class=\"elementor-widget-container\">\n\t\t\t\t\t\t\t<div class=\"elementor-image-carousel-wrapper swiper\" role=\"region\" aria-roledescription=\"carousel\" aria-label=\"Carrousel d\u2019images\" dir=\"ltr\">\n\t\t\t<div class=\"elementor-image-carousel swiper-wrapper\" aria-live=\"off\">\n\t\t\t\t\t\t\t\t<div class=\"swiper-slide\" role=\"group\" aria-roledescription=\"slide\" aria-label=\"1 sur 6\"><a data-elementor-open-lightbox=\"yes\" data-elementor-lightbox-slideshow=\"3b60db5\" data-elementor-lightbox-title=\"R\u00c9SIDENCE LES \u00c9CUMES\" data-e-action-hash=\"#elementor-action%3Aaction%3Dlightbox%26settings%3DeyJpZCI6NjEwLCJ1cmwiOiJodHRwczpcL1wvamVyb21lbG9yZ2UuYXJjaGlcL3dwLWNvbnRlbnRcL3VwbG9hZHNcLzIwMjRcLzA0XC9KQVJEXzEyLVBob3RvLUxpZ2h0LXNjYWxlZC53ZWJwIiwic2xpZGVzaG93IjoiM2I2MGRiNSJ9\" href=\"https:\/\/jeromelorge.archi\/wp-content\/uploads\/2024\/04\/JARD_12-Photo-Light-scaled.webp\"><figure class=\"swiper-slide-inner\"><img decoding=\"async\" class=\"swiper-slide-image\" src=\"https:\/\/jeromelorge.archi\/wp-content\/uploads\/elementor\/thumbs\/JARD_12-Photo-Light-scaled-qqtdz7tenqdn3ijappc1m11tptxgqaqfetp76es8mw.webp\" alt=\"Image JL Architectes\" \/><figcaption class=\"elementor-image-carousel-caption\">Image JL Architectes<\/figcaption><\/figure><\/a><\/div><div class=\"swiper-slide\" role=\"group\" aria-roledescription=\"slide\" aria-label=\"2 sur 6\"><a data-elementor-open-lightbox=\"yes\" data-elementor-lightbox-slideshow=\"3b60db5\" data-elementor-lightbox-title=\"R\u00c9SIDENCE LES \u00c9CUMES\" data-e-action-hash=\"#elementor-action%3Aaction%3Dlightbox%26settings%3DeyJpZCI6NjA4LCJ1cmwiOiJodHRwczpcL1wvamVyb21lbG9yZ2UuYXJjaGlcL3dwLWNvbnRlbnRcL3VwbG9hZHNcLzIwMjRcLzA0XC9KQVJEXzItUGhvdG8tTGlnaHQtc2NhbGVkLndlYnAiLCJzbGlkZXNob3ciOiIzYjYwZGI1In0%3D\" href=\"https:\/\/jeromelorge.archi\/wp-content\/uploads\/2024\/04\/JARD_2-Photo-Light-scaled.webp\"><figure class=\"swiper-slide-inner\"><img decoding=\"async\" class=\"swiper-slide-image\" src=\"https:\/\/jeromelorge.archi\/wp-content\/uploads\/elementor\/thumbs\/JARD_2-Photo-Light-scaled-qqte0wwwzypa262jsxqsm3msbvkbmmgzb83rde9neg.webp\" alt=\"Image JL Architectes\" \/><figcaption class=\"elementor-image-carousel-caption\">Image JL Architectes<\/figcaption><\/figure><\/a><\/div><div class=\"swiper-slide\" role=\"group\" aria-roledescription=\"slide\" aria-label=\"3 sur 6\"><a data-elementor-open-lightbox=\"yes\" data-elementor-lightbox-slideshow=\"3b60db5\" data-elementor-lightbox-title=\"R\u00c9SIDENCE LES \u00c9CUMES\" data-e-action-hash=\"#elementor-action%3Aaction%3Dlightbox%26settings%3DeyJpZCI6NjA3LCJ1cmwiOiJodHRwczpcL1wvamVyb21lbG9yZ2UuYXJjaGlcL3dwLWNvbnRlbnRcL3VwbG9hZHNcLzIwMjRcLzA0XC9KQVJEXzEtUGhvdG8tTGlnaHQtc2NhbGVkLndlYnAiLCJzbGlkZXNob3ciOiIzYjYwZGI1In0%3D\" href=\"https:\/\/jeromelorge.archi\/wp-content\/uploads\/2024\/04\/JARD_1-Photo-Light-scaled.webp\"><figure class=\"swiper-slide-inner\"><img decoding=\"async\" class=\"swiper-slide-image\" src=\"https:\/\/jeromelorge.archi\/wp-content\/uploads\/elementor\/thumbs\/JARD_1-Photo-Light-scaled-qqte4syvaa1042f434a7fmaguae0hiwzihb3vmhznc.webp\" alt=\"Image JL Architectes\" \/><figcaption class=\"elementor-image-carousel-caption\">Image JL Architectes<\/figcaption><\/figure><\/a><\/div><div class=\"swiper-slide\" role=\"group\" aria-roledescription=\"slide\" aria-label=\"4 sur 6\"><a data-elementor-open-lightbox=\"yes\" data-elementor-lightbox-slideshow=\"3b60db5\" data-elementor-lightbox-title=\"R\u00c9SIDENCE LES \u00c9CUMES\" data-e-action-hash=\"#elementor-action%3Aaction%3Dlightbox%26settings%3DeyJpZCI6NjA2LCJ1cmwiOiJodHRwczpcL1wvamVyb21lbG9yZ2UuYXJjaGlcL3dwLWNvbnRlbnRcL3VwbG9hZHNcLzIwMjRcLzA0XC8yMzA1Nl9USEVLVUJfSmFyZFN1ck1lcl9QRE1fMDNfMTUwZHBpLndlYnAiLCJzbGlkZXNob3ciOiIzYjYwZGI1In0%3D\" href=\"https:\/\/jeromelorge.archi\/wp-content\/uploads\/2024\/04\/23056_THEKUB_JardSurMer_PDM_03_150dpi.webp\"><figure class=\"swiper-slide-inner\"><img decoding=\"async\" class=\"swiper-slide-image\" src=\"https:\/\/jeromelorge.archi\/wp-content\/uploads\/elementor\/thumbs\/23056_THEKUB_JardSurMer_PDM_03_150dpi-qqtea2u9mt8x9arbaecufadku4e5odurkl36tiogqg.webp\" alt=\"Image de synth\u00e8se The Kub\" \/><figcaption class=\"elementor-image-carousel-caption\">Image de synth\u00e8se The Kub<\/figcaption><\/figure><\/a><\/div><div class=\"swiper-slide\" role=\"group\" aria-roledescription=\"slide\" aria-label=\"5 sur 6\"><a data-elementor-open-lightbox=\"yes\" data-elementor-lightbox-slideshow=\"3b60db5\" data-elementor-lightbox-title=\"R\u00c9SIDENCE LES \u00c9CUMES\" data-e-action-hash=\"#elementor-action%3Aaction%3Dlightbox%26settings%3DeyJpZCI6NjA1LCJ1cmwiOiJodHRwczpcL1wvamVyb21lbG9yZ2UuYXJjaGlcL3dwLWNvbnRlbnRcL3VwbG9hZHNcLzIwMjRcLzA0XC8yMzA1Nl9USEVLVUJfSmFyZFN1ck1lcl9JbGx1c3RyYXRpb24wMV8wMV8xNTBkcGkud2VicCIsInNsaWRlc2hvdyI6IjNiNjBkYjUifQ%3D%3D\" href=\"https:\/\/jeromelorge.archi\/wp-content\/uploads\/2024\/04\/23056_THEKUB_JardSurMer_Illustration01_01_150dpi.webp\"><figure class=\"swiper-slide-inner\"><img decoding=\"async\" class=\"swiper-slide-image\" src=\"https:\/\/jeromelorge.archi\/wp-content\/uploads\/elementor\/thumbs\/23056_THEKUB_JardSurMer_Illustration01_01_150dpi-qqtepn22s2jtgw5kf4ihpd0avrox3zmsdlwkufltq0.webp\" alt=\"Image de synth\u00e8se The Kub\" \/><figcaption class=\"elementor-image-carousel-caption\">Image de synth\u00e8se The Kub<\/figcaption><\/figure><\/a><\/div><div class=\"swiper-slide\" role=\"group\" aria-roledescription=\"slide\" aria-label=\"6 sur 6\"><a data-elementor-open-lightbox=\"yes\" data-elementor-lightbox-slideshow=\"3b60db5\" data-elementor-lightbox-title=\"R\u00c9SIDENCE LES \u00c9CUMES\" data-e-action-hash=\"#elementor-action%3Aaction%3Dlightbox%26settings%3DeyJpZCI6NjA0LCJ1cmwiOiJodHRwczpcL1wvamVyb21lbG9yZ2UuYXJjaGlcL3dwLWNvbnRlbnRcL3VwbG9hZHNcLzIwMjRcLzA0XC8yMzA1Nl9KYXJkLXN1ci1tZXJfaW50X0EwN18wMC0xNTBkcGkud2VicCIsInNsaWRlc2hvdyI6IjNiNjBkYjUifQ%3D%3D\" href=\"https:\/\/jeromelorge.archi\/wp-content\/uploads\/2024\/04\/23056_Jard-sur-mer_int_A07_00-150dpi.webp\"><figure class=\"swiper-slide-inner\"><img decoding=\"async\" class=\"swiper-slide-image\" src=\"https:\/\/jeromelorge.archi\/wp-content\/uploads\/elementor\/thumbs\/23056_Jard-sur-mer_int_A07_00-150dpi-qqteu0yyo8jznds6t0rtc95qoi2l151ozbi5gx3ooo.webp\" alt=\"Image de synth\u00e8se The Kub\" \/><figcaption class=\"elementor-image-carousel-caption\">Image de synth\u00e8se The Kub<\/figcaption><\/figure><\/a><\/div>\t\t\t<\/div>\n\t\t\t\t\t\t\t\t\t\t\t\t<div class=\"elementor-swiper-button elementor-swiper-button-prev\" role=\"button\" tabindex=\"0\">\n\t\t\t\t\t\t<svg aria-hidden=\"true\" class=\"e-font-icon-svg e-eicon-chevron-left\" viewBox=\"0 0 1000 1000\" xmlns=\"http:\/\/www.w3.org\/2000\/svg\"><path d=\"M646 125C629 125 613 133 604 142L308 442C296 454 292 471 292 487 292 504 296 521 308 533L604 854C617 867 629 875 646 875 663 875 679 871 692 858 704 846 713 829 713 812 713 796 708 779 692 767L438 487 692 225C700 217 708 204 708 187 708 171 704 154 692 142 675 129 663 125 646 125Z\"><\/path><\/svg>\t\t\t\t\t<\/div>\n\t\t\t\t\t<div class=\"elementor-swiper-button elementor-swiper-button-next\" role=\"button\" tabindex=\"0\">\n\t\t\t\t\t\t<svg aria-hidden=\"true\" class=\"e-font-icon-svg e-eicon-chevron-right\" viewBox=\"0 0 1000 1000\" xmlns=\"http:\/\/www.w3.org\/2000\/svg\"><path d=\"M696 533C708 521 713 504 713 487 713 471 708 454 696 446L400 146C388 133 375 125 354 125 338 125 325 129 313 142 300 154 292 171 292 187 292 204 296 221 308 233L563 492 304 771C292 783 288 800 288 817 288 833 296 850 308 863 321 871 338 875 354 875 371 875 388 867 400 854L696 533Z\"><\/path><\/svg>\t\t\t\t\t<\/div>\n\t\t\t\t\n\t\t\t\t\t\t\t\t\t<div class=\"swiper-pagination\"><\/div>\n\t\t\t\t\t\t\t\t\t<\/div>\n\t\t\t\t\t\t<\/div>\n\t\t\t\t<\/div>\n\t\t\t\t\t<\/div>\n\t\t\t\t<\/div>\n\t\t<div class=\"elementor-element elementor-element-b17be3c e-flex e-con-boxed e-con e-parent\" data-id=\"b17be3c\" data-element_type=\"container\" data-e-type=\"container\">\n\t\t\t\t\t<div class=\"e-con-inner\">\n\t\t\t\t<div class=\"elementor-element elementor-element-40af7cb elementor-widget elementor-widget-text-editor\" data-id=\"40af7cb\" data-element_type=\"widget\" data-e-type=\"widget\" data-widget_type=\"text-editor.default\">\n\t\t\t\t<div class=\"elementor-widget-container\">\n\t\t\t\t\t\t\t\t\t<p style=\"caret-color: #020202; color: #020202;\">La r\u00e9sidence les \u00c9cumes se situe \u00e0 Jard sur Mer en Vend\u00e9e a\u0300 l&rsquo;intersection de l&rsquo;impasse des He\u0301rondais et rue du Mare\u0301chal Leclerc a\u0300 <strong>10 min de la plage et du port a\u0300 pied.<\/strong><br \/>Le projet propose 28 logements T3 re\u0301partis en 3 groupes chacun en R+1. Ils s&rsquo;implantent en discontinu le long des rues, pour 2 d&rsquo;entre eux (A et B) et avec pignon sur rue pour le 3e (C). Le stationnement est regroupe\u0301 au centre de l&rsquo;ope\u0301ration. L&rsquo;ensemble de ces constructions a une base simple et rectangulaire. Des de\u0301croche\u0301s et des escaliers d&rsquo;acce\u0300s exte\u0301rieurs animent les fac\u0327ades et les pignons. Le langage architectural respecte le vocabulaire <strong>local<\/strong>, <strong>sobre<\/strong> avec une volonte\u0301 de s&rsquo;inscrire dans le paysage du quartier.<\/p><p style=\"caret-color: #020202; color: #020202;\">Les groupes de logements comportent 1 niveau sur rez-de-chausse\u0301e. Les toitures sont couvertes de tuiles en terre cuite, la de\u0301clivite\u0301 naturelle du terrain permet de jouer avec une implantation fragmente\u0301e des volumes.<strong> Chaque logement posse\u0300de de larges baies de se\u0301jour sur jardin ou balcon<\/strong>. Celles-ci sont e\u0301quipe\u0301es de volets coulissants ou roulants en fonction des pie\u0300ces du logement tout en respectant l&rsquo;e\u0301criture locale. Les baies de chambres aux e\u0301tages re\u0301pondent e\u0301galement a\u0300 ce principe c&rsquo;est pourquoi les ouvertures ont des proportions verticale et de hauteurs varie\u0301es. Les e\u0301le\u0301ments architecturaux tels que les pare-vue et les garde-corps sont traite\u0301s de manie\u0300re monolithique selon l&rsquo;architecture vernaculaire. Il est pre\u0301vu un de\u0301bord de toit modeste sur l&rsquo;ensemble des fac\u0327ades afin de les prote\u0301ger.<\/p>\t\t\t\t\t\t\t\t<\/div>\n\t\t\t\t<\/div>\n\t\t\t\t\t<\/div>\n\t\t\t\t<\/div>\n\t\t\t\t<\/div>\n\t\t","protected":false},"excerpt":{"rendered":"<p>LES PROJETS Retour R\u00c9SIDENCE LES \u00c9CUMESJard sur Mer (85) Ma\u00eetrise d&rsquo;ouvrage\u00a0:\u00a0Severini Pierres &amp; Loisirs depuis, Pitch x Woodeum Ma\u00eetrise d&rsquo;\u0153uvre\u00a0 :\u00a0Je\u0301rome Lorge Architectes, Vivien BE thermique, Valeen Be Hydraulique et pollution, Be Sol Optisol Programme\u00a0:\u00a028 logements (28 T3) Mission\u00a0:\u00a0FAISA + DPC\u00a0 Surface\u00a0(SDP) :\u00a01 948 m\u00b2 Co\u00fbt\u00a0:\u00a02,7M\u20ac HT Images JL Architectes Image JL Architectes Image JL [&hellip;]<\/p>\n","protected":false},"author":1,"featured_media":0,"parent":0,"menu_order":0,"comment_status":"closed","ping_status":"closed","template":"elementor_canvas","meta":{"_monsterinsights_skip_tracking":false,"_monsterinsights_sitenote_active":false,"_monsterinsights_sitenote_note":"","_monsterinsights_sitenote_category":0,"_uf_show_specific_survey":0,"_uf_disable_surveys":false,"footnotes":""},"class_list":["post-602","page","type-page","status-publish","hentry"],"aioseo_notices":[],"_links":{"self":[{"href":"https:\/\/jeromelorge.archi\/index.php\/wp-json\/wp\/v2\/pages\/602","targetHints":{"allow":["GET"]}}],"collection":[{"href":"https:\/\/jeromelorge.archi\/index.php\/wp-json\/wp\/v2\/pages"}],"about":[{"href":"https:\/\/jeromelorge.archi\/index.php\/wp-json\/wp\/v2\/types\/page"}],"author":[{"embeddable":true,"href":"https:\/\/jeromelorge.archi\/index.php\/wp-json\/wp\/v2\/users\/1"}],"replies":[{"embeddable":true,"href":"https:\/\/jeromelorge.archi\/index.php\/wp-json\/wp\/v2\/comments?post=602"}],"version-history":[{"count":22,"href":"https:\/\/jeromelorge.archi\/index.php\/wp-json\/wp\/v2\/pages\/602\/revisions"}],"predecessor-version":[{"id":1658,"href":"https:\/\/jeromelorge.archi\/index.php\/wp-json\/wp\/v2\/pages\/602\/revisions\/1658"}],"wp:attachment":[{"href":"https:\/\/jeromelorge.archi\/index.php\/wp-json\/wp\/v2\/media?parent=602"}],"curies":[{"name":"wp","href":"https:\/\/api.w.org\/{rel}","templated":true}]}}