{"id":591,"date":"2024-04-12T17:04:20","date_gmt":"2024-04-12T15:04:20","guid":{"rendered":"https:\/\/jeromelorge.archi\/?page_id=591"},"modified":"2025-10-06T15:53:37","modified_gmt":"2025-10-06T13:53:37","slug":"residence-quintessence","status":"publish","type":"page","link":"https:\/\/jeromelorge.archi\/index.php\/residence-quintessence\/","title":{"rendered":"R\u00c9SIDENCE QUINTESSENCE"},"content":{"rendered":"\t\t<div data-elementor-type=\"wp-page\" data-elementor-id=\"591\" class=\"elementor elementor-591\">\n\t\t\t\t<div class=\"elementor-element elementor-element-0c2204b e-flex e-con-boxed e-con e-parent\" data-id=\"0c2204b\" data-element_type=\"container\" data-e-type=\"container\">\n\t\t\t\t\t<div class=\"e-con-inner\">\n\t\t\t\t<div class=\"elementor-element elementor-element-54878eb elementor-widget elementor-widget-heading\" data-id=\"54878eb\" data-element_type=\"widget\" data-e-type=\"widget\" data-widget_type=\"heading.default\">\n\t\t\t\t<div class=\"elementor-widget-container\">\n\t\t\t\t\t<h1 class=\"elementor-heading-title elementor-size-default\">LES PROJETS<\/h1>\t\t\t\t<\/div>\n\t\t\t\t<\/div>\n\t\t\t\t\t<\/div>\n\t\t\t\t<\/div>\n\t\t<div class=\"elementor-element elementor-element-0ea84bf e-flex e-con-boxed e-con e-parent\" data-id=\"0ea84bf\" data-element_type=\"container\" data-e-type=\"container\">\n\t\t\t\t\t<div class=\"e-con-inner\">\n\t\t\t\t<div class=\"elementor-element elementor-element-7684d9f elementor-mobile-align-center elementor-widget elementor-widget-button\" data-id=\"7684d9f\" data-element_type=\"widget\" data-e-type=\"widget\" data-widget_type=\"button.default\">\n\t\t\t\t<div class=\"elementor-widget-container\">\n\t\t\t\t\t\t\t\t\t<div class=\"elementor-button-wrapper\">\n\t\t\t\t\t<a class=\"elementor-button elementor-button-link elementor-size-sm\" href=\"http:\/\/jeromelorge.archi\/index.php\/les-projets\/\">\n\t\t\t\t\t\t<span class=\"elementor-button-content-wrapper\">\n\t\t\t\t\t\t\t\t\t<span class=\"elementor-button-text\">Retour<\/span>\n\t\t\t\t\t<\/span>\n\t\t\t\t\t<\/a>\n\t\t\t\t<\/div>\n\t\t\t\t\t\t\t\t<\/div>\n\t\t\t\t<\/div>\n\t\t\t\t\t<\/div>\n\t\t\t\t<\/div>\n\t\t<div class=\"elementor-element elementor-element-cbe274f e-flex e-con-boxed e-con e-parent\" data-id=\"cbe274f\" data-element_type=\"container\" data-e-type=\"container\">\n\t\t\t\t\t<div class=\"e-con-inner\">\n\t\t\t\t<div class=\"elementor-element elementor-element-6853604 elementor-widget-divider--view-line elementor-widget elementor-widget-divider\" data-id=\"6853604\" data-element_type=\"widget\" data-e-type=\"widget\" data-widget_type=\"divider.default\">\n\t\t\t\t<div class=\"elementor-widget-container\">\n\t\t\t\t\t\t\t<div class=\"elementor-divider\">\n\t\t\t<span class=\"elementor-divider-separator\">\n\t\t\t\t\t\t<\/span>\n\t\t<\/div>\n\t\t\t\t\t\t<\/div>\n\t\t\t\t<\/div>\n\t\t\t\t\t<\/div>\n\t\t\t\t<\/div>\n\t\t<div class=\"elementor-element elementor-element-b7c1859 e-flex e-con-boxed e-con e-parent\" data-id=\"b7c1859\" data-element_type=\"container\" data-e-type=\"container\">\n\t\t\t\t\t<div class=\"e-con-inner\">\n\t\t<div class=\"elementor-element elementor-element-1fbdbf2 e-con-full e-flex e-con e-child\" data-id=\"1fbdbf2\" data-element_type=\"container\" data-e-type=\"container\">\n\t\t<div class=\"elementor-element elementor-element-daf1dfd e-con-full e-flex e-con e-child\" data-id=\"daf1dfd\" data-element_type=\"container\" data-e-type=\"container\">\n\t\t\t\t<div class=\"elementor-element elementor-element-9135660 elementor-widget elementor-widget-heading\" data-id=\"9135660\" data-element_type=\"widget\" data-e-type=\"widget\" data-widget_type=\"heading.default\">\n\t\t\t\t<div class=\"elementor-widget-container\">\n\t\t\t\t\t<h2 class=\"elementor-heading-title elementor-size-default\"><span class=\"elementor-heading-title elementor-size-default elementor-inline-editing pen\" data-elementor-setting-key=\"title\" data-pen-placeholder=\"\u00c9crivez ici...\" style=\"line-height: 40px\">R\u00c9SIDENCE QUINTESSENCE<br>Pessac (33)<\/span><\/h2>\t\t\t\t<\/div>\n\t\t\t\t<\/div>\n\t\t\t\t<\/div>\n\t\t<div class=\"elementor-element elementor-element-2bb76f0 e-flex e-con-boxed e-con e-child\" data-id=\"2bb76f0\" data-element_type=\"container\" data-e-type=\"container\">\n\t\t\t\t\t<div class=\"e-con-inner\">\n\t\t\t\t<div class=\"elementor-element elementor-element-6642510 elementor-widget elementor-widget-text-editor\" data-id=\"6642510\" data-element_type=\"widget\" data-e-type=\"widget\" data-widget_type=\"text-editor.default\">\n\t\t\t\t<div class=\"elementor-widget-container\">\n\t\t\t\t\t\t\t\t\t<p style=\"caret-color: #000000; color: #000000;\"><b>Ma\u00eetrise\u00a0<\/b><strong>d&rsquo;ouvrage<\/strong> :\u00a0Vealis Immobilier<\/p><p style=\"caret-color: #000000; color: #000000;\"><b>Ma\u00eetrise d&rsquo;\u0153uvre \u00a0<\/b><span style=\"text-align: var(--text-align);\">:\u00a0<\/span>Je\u0301rome Lorge Architectes, Auige VRD, ID Developpement BE thermique, MGC BE structure, Kaplan BE paysage<\/p><p style=\"caret-color: #000000; color: #000000;\"><b>Programme\u00a0<\/b>:\u00a013 logements (5 T2, 1 T3, 7 T4)<\/p><p style=\"caret-color: #000000; color: #000000;\"><b>Mission\u00a0<\/b>:\u00a0FAISA + DPC + DCE + MARCHES<\/p><p style=\"caret-color: #000000; color: #000000;\"><b>Calendrier\u00a0<\/b>: Chantier en cours, livraison Novembre 2025<\/p><p style=\"caret-color: #000000; color: #000000;\"><b>Surface\u00a0<\/b>(SDP) :\u00a0954 m\u00b2<\/p><p style=\"caret-color: #000000; color: #000000;\"><b>Co\u00fbt\u00a0<\/b>:\u00a01,1M\u20ac HT<\/p><div class=\"page\" style=\"caret-color: #000000; color: #000000;\" title=\"Page 1\"><div class=\"layoutArea\"><div class=\"column\">\u00a0<\/div><\/div><\/div>\t\t\t\t\t\t\t\t<\/div>\n\t\t\t\t<\/div>\n\t\t\t\t\t<\/div>\n\t\t\t\t<\/div>\n\t\t\t\t<\/div>\n\t\t<div class=\"elementor-element elementor-element-9a71ce2 e-con-full e-flex e-con e-child\" data-id=\"9a71ce2\" data-element_type=\"container\" data-e-type=\"container\">\n\t\t\t\t<div class=\"elementor-element elementor-element-0726fae elementor-widget elementor-widget-image\" data-id=\"0726fae\" data-element_type=\"widget\" data-e-type=\"widget\" data-widget_type=\"image.default\">\n\t\t\t\t<div class=\"elementor-widget-container\">\n\t\t\t\t\t\t\t\t\t\t\t\t<figure class=\"wp-caption\">\n\t\t\t\t\t\t\t\t\t\t\t<a href=\"https:\/\/jeromelorge.archi\/wp-content\/uploads\/2025\/10\/DSC02914bis-1-scaled.jpg\" data-elementor-open-lightbox=\"yes\" data-elementor-lightbox-title=\"Quintessence chantier\" data-e-action-hash=\"#elementor-action%3Aaction%3Dlightbox%26settings%3DeyJpZCI6MTg4OSwidXJsIjoiaHR0cHM6XC9cL2plcm9tZWxvcmdlLmFyY2hpXC93cC1jb250ZW50XC91cGxvYWRzXC8yMDI1XC8xMFwvRFNDMDI5MTRiaXMtMS1zY2FsZWQuanBnIn0%3D\">\n\t\t\t\t\t\t\t<img fetchpriority=\"high\" decoding=\"async\" width=\"2560\" height=\"1601\" src=\"https:\/\/jeromelorge.archi\/wp-content\/uploads\/2025\/10\/DSC02914bis-1-scaled.jpg\" class=\"attachment-full size-full wp-image-1889\" alt=\"Quintessence, 2025, Pessac, JL Architectes\" srcset=\"https:\/\/jeromelorge.archi\/wp-content\/uploads\/2025\/10\/DSC02914bis-1-scaled.jpg 2560w, https:\/\/jeromelorge.archi\/wp-content\/uploads\/2025\/10\/DSC02914bis-1-300x188.jpg 300w, https:\/\/jeromelorge.archi\/wp-content\/uploads\/2025\/10\/DSC02914bis-1-1024x641.jpg 1024w, https:\/\/jeromelorge.archi\/wp-content\/uploads\/2025\/10\/DSC02914bis-1-768x480.jpg 768w, https:\/\/jeromelorge.archi\/wp-content\/uploads\/2025\/10\/DSC02914bis-1-1536x961.jpg 1536w, https:\/\/jeromelorge.archi\/wp-content\/uploads\/2025\/10\/DSC02914bis-1-2048x1281.jpg 2048w\" sizes=\"(max-width: 2560px) 100vw, 2560px\" \/>\t\t\t\t\t\t\t\t<\/a>\n\t\t\t\t\t\t\t\t\t\t\t<figcaption class=\"widget-image-caption wp-caption-text\">Photos chantier JL Architectes<\/figcaption>\n\t\t\t\t\t\t\t\t\t\t<\/figure>\n\t\t\t\t\t\t\t\t\t<\/div>\n\t\t\t\t<\/div>\n\t\t\t\t<\/div>\n\t\t\t\t\t<\/div>\n\t\t\t\t<\/div>\n\t\t<div class=\"elementor-element elementor-element-be7323a e-flex e-con-boxed e-con e-parent\" data-id=\"be7323a\" data-element_type=\"container\" data-e-type=\"container\">\n\t\t\t\t\t<div class=\"e-con-inner\">\n\t\t\t\t<div class=\"elementor-element elementor-element-3b60db5 elementor-arrows-position-outside elementor-widget__width-initial elementor-pagination-position-outside elementor-widget elementor-widget-image-carousel\" data-id=\"3b60db5\" data-element_type=\"widget\" data-e-type=\"widget\" data-settings=\"{&quot;navigation&quot;:&quot;both&quot;,&quot;autoplay&quot;:&quot;yes&quot;,&quot;pause_on_hover&quot;:&quot;yes&quot;,&quot;pause_on_interaction&quot;:&quot;yes&quot;,&quot;autoplay_speed&quot;:5000,&quot;infinite&quot;:&quot;yes&quot;,&quot;speed&quot;:500,&quot;image_spacing_custom&quot;:{&quot;unit&quot;:&quot;px&quot;,&quot;size&quot;:20,&quot;sizes&quot;:[]},&quot;image_spacing_custom_tablet&quot;:{&quot;unit&quot;:&quot;px&quot;,&quot;size&quot;:&quot;&quot;,&quot;sizes&quot;:[]},&quot;image_spacing_custom_mobile&quot;:{&quot;unit&quot;:&quot;px&quot;,&quot;size&quot;:&quot;&quot;,&quot;sizes&quot;:[]}}\" data-widget_type=\"image-carousel.default\">\n\t\t\t\t<div class=\"elementor-widget-container\">\n\t\t\t\t\t\t\t<div class=\"elementor-image-carousel-wrapper swiper\" role=\"region\" aria-roledescription=\"carousel\" aria-label=\"Carrousel d\u2019images\" dir=\"ltr\">\n\t\t\t<div class=\"elementor-image-carousel swiper-wrapper\" aria-live=\"off\">\n\t\t\t\t\t\t\t\t<div class=\"swiper-slide\" role=\"group\" aria-roledescription=\"slide\" aria-label=\"1 sur 8\"><a data-elementor-open-lightbox=\"yes\" data-elementor-lightbox-slideshow=\"3b60db5\" data-elementor-lightbox-title=\"Quintessence chantier\" data-e-action-hash=\"#elementor-action%3Aaction%3Dlightbox%26settings%3DeyJpZCI6MTg4OSwidXJsIjoiaHR0cHM6XC9cL2plcm9tZWxvcmdlLmFyY2hpXC93cC1jb250ZW50XC91cGxvYWRzXC8yMDI1XC8xMFwvRFNDMDI5MTRiaXMtMS1zY2FsZWQuanBnIiwic2xpZGVzaG93IjoiM2I2MGRiNSJ9\" href=\"https:\/\/jeromelorge.archi\/wp-content\/uploads\/2025\/10\/DSC02914bis-1-scaled.jpg\"><figure class=\"swiper-slide-inner\"><img decoding=\"async\" class=\"swiper-slide-image\" src=\"https:\/\/jeromelorge.archi\/wp-content\/uploads\/elementor\/thumbs\/DSC02914bis-1-scaled-rct3vaeb2c7s0tevu9tj2bpmbr092vurc98pnlfd14.jpg\" alt=\"Quintessence, 2025, Pessac, JL Architectes\" \/><figcaption class=\"elementor-image-carousel-caption\">Photo JL Architectes<\/figcaption><\/figure><\/a><\/div><div class=\"swiper-slide\" role=\"group\" aria-roledescription=\"slide\" aria-label=\"2 sur 8\"><a data-elementor-open-lightbox=\"yes\" data-elementor-lightbox-slideshow=\"3b60db5\" data-elementor-lightbox-title=\"Quintessence chantier\" data-e-action-hash=\"#elementor-action%3Aaction%3Dlightbox%26settings%3DeyJpZCI6MTg0NSwidXJsIjoiaHR0cHM6XC9cL2plcm9tZWxvcmdlLmFyY2hpXC93cC1jb250ZW50XC91cGxvYWRzXC8yMDI1XC8xMFwvRFNDMDI5MTliaXMtc2NhbGVkLmpwZyIsInNsaWRlc2hvdyI6IjNiNjBkYjUifQ%3D%3D\" href=\"https:\/\/jeromelorge.archi\/wp-content\/uploads\/2025\/10\/DSC02919bis-scaled.jpg\"><figure class=\"swiper-slide-inner\"><img decoding=\"async\" class=\"swiper-slide-image\" src=\"https:\/\/jeromelorge.archi\/wp-content\/uploads\/elementor\/thumbs\/DSC02919bis-scaled-rcsxea6kwt8y0nv8fjyuz4g557gozyu4mzfmyawng8.jpg\" alt=\"Quintessence, 2025, Pessac, JL Architectes\" \/><figcaption class=\"elementor-image-carousel-caption\">Photo JL Architectes<\/figcaption><\/figure><\/a><\/div><div class=\"swiper-slide\" role=\"group\" aria-roledescription=\"slide\" aria-label=\"3 sur 8\"><a data-elementor-open-lightbox=\"yes\" data-elementor-lightbox-slideshow=\"3b60db5\" data-elementor-lightbox-title=\"Quintessence chantier\" data-e-action-hash=\"#elementor-action%3Aaction%3Dlightbox%26settings%3DeyJpZCI6MTg0NiwidXJsIjoiaHR0cHM6XC9cL2plcm9tZWxvcmdlLmFyY2hpXC93cC1jb250ZW50XC91cGxvYWRzXC8yMDI1XC8xMFwvRFNDMDI5MjFiaXMtc2NhbGVkLmpwZyIsInNsaWRlc2hvdyI6IjNiNjBkYjUifQ%3D%3D\" href=\"https:\/\/jeromelorge.archi\/wp-content\/uploads\/2025\/10\/DSC02921bis-scaled.jpg\"><figure class=\"swiper-slide-inner\"><img decoding=\"async\" class=\"swiper-slide-image\" src=\"https:\/\/jeromelorge.archi\/wp-content\/uploads\/elementor\/thumbs\/DSC02921bis-scaled-rcsxed03hbcszhr4z36qolqixd2sn25bnde3e4sgxk.jpg\" alt=\"Quintessence, 2025, Pessac, JL Architectes\" \/><figcaption class=\"elementor-image-carousel-caption\">Photo JL Architectes<\/figcaption><\/figure><\/a><\/div><div class=\"swiper-slide\" role=\"group\" aria-roledescription=\"slide\" aria-label=\"4 sur 8\"><a data-elementor-open-lightbox=\"yes\" data-elementor-lightbox-slideshow=\"3b60db5\" data-elementor-lightbox-title=\"Quintessence chantier\" data-e-action-hash=\"#elementor-action%3Aaction%3Dlightbox%26settings%3DeyJpZCI6MTg0OCwidXJsIjoiaHR0cHM6XC9cL2plcm9tZWxvcmdlLmFyY2hpXC93cC1jb250ZW50XC91cGxvYWRzXC8yMDI1XC8xMFwvRFNDMDI5NDRiaXMtc2NhbGVkLmpwZyIsInNsaWRlc2hvdyI6IjNiNjBkYjUifQ%3D%3D\" href=\"https:\/\/jeromelorge.archi\/wp-content\/uploads\/2025\/10\/DSC02944bis-scaled.jpg\"><figure class=\"swiper-slide-inner\"><img decoding=\"async\" class=\"swiper-slide-image\" src=\"https:\/\/jeromelorge.archi\/wp-content\/uploads\/elementor\/thumbs\/DSC02944bis-scaled-rcsxehpafhj8ljkb7n7vj2jtwafmpjnzc0nisili2g.jpg\" alt=\"Quintessence, 2025, Pessac, JL Architectes\" \/><figcaption class=\"elementor-image-carousel-caption\">Photo JL Architectes<\/figcaption><\/figure><\/a><\/div><div class=\"swiper-slide\" role=\"group\" aria-roledescription=\"slide\" aria-label=\"5 sur 8\"><a data-elementor-open-lightbox=\"yes\" data-elementor-lightbox-slideshow=\"3b60db5\" data-elementor-lightbox-title=\"Quintessence chantier\" data-e-action-hash=\"#elementor-action%3Aaction%3Dlightbox%26settings%3DeyJpZCI6MTg0NywidXJsIjoiaHR0cHM6XC9cL2plcm9tZWxvcmdlLmFyY2hpXC93cC1jb250ZW50XC91cGxvYWRzXC8yMDI1XC8xMFwvRFNDMDI5MzZiaXMuanBnIiwic2xpZGVzaG93IjoiM2I2MGRiNSJ9\" href=\"https:\/\/jeromelorge.archi\/wp-content\/uploads\/2025\/10\/DSC02936bis.jpg\"><figure class=\"swiper-slide-inner\"><img decoding=\"async\" class=\"swiper-slide-image\" src=\"https:\/\/jeromelorge.archi\/wp-content\/uploads\/elementor\/thumbs\/DSC02936bis-rcsxeftm1tgnybn1imeme30wpiowa5ginrcjtyoaew.jpg\" alt=\"Quintessence, 2025, Pessac, JL Architectes\" \/><figcaption class=\"elementor-image-carousel-caption\">Photo JL Architectes<\/figcaption><\/figure><\/a><\/div><div class=\"swiper-slide\" role=\"group\" aria-roledescription=\"slide\" aria-label=\"6 sur 8\"><a data-elementor-open-lightbox=\"yes\" data-elementor-lightbox-slideshow=\"3b60db5\" data-elementor-lightbox-title=\"R\u00c9SIDENCE QUINTESSENCE\" data-e-action-hash=\"#elementor-action%3Aaction%3Dlightbox%26settings%3DeyJpZCI6NTkzLCJ1cmwiOiJodHRwczpcL1wvamVyb21lbG9yZ2UuYXJjaGlcL3dwLWNvbnRlbnRcL3VwbG9hZHNcLzIwMjRcLzA0XC9RVUlOVEVTU0VOQ0VfRVhUXzFfSEQtc2NhbGVkLTEud2VicCIsInNsaWRlc2hvdyI6IjNiNjBkYjUifQ%3D%3D\" href=\"https:\/\/jeromelorge.archi\/wp-content\/uploads\/2024\/04\/QUINTESSENCE_EXT_1_HD-scaled-1.webp\"><figure class=\"swiper-slide-inner\"><img decoding=\"async\" class=\"swiper-slide-image\" src=\"https:\/\/jeromelorge.archi\/wp-content\/uploads\/elementor\/thumbs\/QUINTESSENCE_EXT_1_HD-scaled-1-qqtffvpvkkgzl01e6yujt8mjw0cszst0zhjk5ip60o.webp\" alt=\"Photos synth\u00e8se (Thibault Boisson)\" \/><figcaption class=\"elementor-image-carousel-caption\">Photos synth\u00e8se (Thibault Boisson)<\/figcaption><\/figure><\/a><\/div><div class=\"swiper-slide\" role=\"group\" aria-roledescription=\"slide\" aria-label=\"7 sur 8\"><a data-elementor-open-lightbox=\"yes\" data-elementor-lightbox-slideshow=\"3b60db5\" data-elementor-lightbox-title=\"R\u00c9SIDENCE QUINTESSENCE\" data-e-action-hash=\"#elementor-action%3Aaction%3Dlightbox%26settings%3DeyJpZCI6NTk1LCJ1cmwiOiJodHRwczpcL1wvamVyb21lbG9yZ2UuYXJjaGlcL3dwLWNvbnRlbnRcL3VwbG9hZHNcLzIwMjRcLzA0XC9RVUlOVEVTU0VOQ0VfRVhUXzNfSEQtc2NhbGVkLTEud2VicCIsInNsaWRlc2hvdyI6IjNiNjBkYjUifQ%3D%3D\" href=\"https:\/\/jeromelorge.archi\/wp-content\/uploads\/2024\/04\/QUINTESSENCE_EXT_3_HD-scaled-1.webp\"><figure class=\"swiper-slide-inner\"><img decoding=\"async\" class=\"swiper-slide-image\" src=\"https:\/\/jeromelorge.archi\/wp-content\/uploads\/elementor\/thumbs\/QUINTESSENCE_EXT_3_HD-scaled-1-qqtgm0tdz65s3mtq46mellsinwn83a3ss2h8q47r20.webp\" alt=\"Photos synth\u00e8se (Thibault Boisson)\" \/><figcaption class=\"elementor-image-carousel-caption\">Photos synth\u00e8se (Thibault Boisson)<\/figcaption><\/figure><\/a><\/div><div class=\"swiper-slide\" role=\"group\" aria-roledescription=\"slide\" aria-label=\"8 sur 8\"><a data-elementor-open-lightbox=\"yes\" data-elementor-lightbox-slideshow=\"3b60db5\" data-elementor-lightbox-title=\"R\u00c9SIDENCE QUINTESSENCE\" data-e-action-hash=\"#elementor-action%3Aaction%3Dlightbox%26settings%3DeyJpZCI6NTk0LCJ1cmwiOiJodHRwczpcL1wvamVyb21lbG9yZ2UuYXJjaGlcL3dwLWNvbnRlbnRcL3VwbG9hZHNcLzIwMjRcLzA0XC9RVUlOVEVTU0VOQ0VfRVhUXzJfSEQtc2NhbGVkLTEud2VicCIsInNsaWRlc2hvdyI6IjNiNjBkYjUifQ%3D%3D\" href=\"https:\/\/jeromelorge.archi\/wp-content\/uploads\/2024\/04\/QUINTESSENCE_EXT_2_HD-scaled-1.webp\"><figure class=\"swiper-slide-inner\"><img decoding=\"async\" class=\"swiper-slide-image\" src=\"https:\/\/jeromelorge.archi\/wp-content\/uploads\/elementor\/thumbs\/QUINTESSENCE_EXT_2_HD-scaled-1-qqtffb1fe7oohkvfjpwraduetj6qagixkn6vlfjttk.webp\" alt=\"Photos synth\u00e8se (Thibault Boisson)\" \/><figcaption class=\"elementor-image-carousel-caption\">Photos synth\u00e8se (Thibault Boisson)<\/figcaption><\/figure><\/a><\/div>\t\t\t<\/div>\n\t\t\t\t\t\t\t\t\t\t\t\t<div class=\"elementor-swiper-button elementor-swiper-button-prev\" role=\"button\" tabindex=\"0\">\n\t\t\t\t\t\t<svg aria-hidden=\"true\" class=\"e-font-icon-svg e-eicon-chevron-left\" viewBox=\"0 0 1000 1000\" xmlns=\"http:\/\/www.w3.org\/2000\/svg\"><path d=\"M646 125C629 125 613 133 604 142L308 442C296 454 292 471 292 487 292 504 296 521 308 533L604 854C617 867 629 875 646 875 663 875 679 871 692 858 704 846 713 829 713 812 713 796 708 779 692 767L438 487 692 225C700 217 708 204 708 187 708 171 704 154 692 142 675 129 663 125 646 125Z\"><\/path><\/svg>\t\t\t\t\t<\/div>\n\t\t\t\t\t<div class=\"elementor-swiper-button elementor-swiper-button-next\" role=\"button\" tabindex=\"0\">\n\t\t\t\t\t\t<svg aria-hidden=\"true\" class=\"e-font-icon-svg e-eicon-chevron-right\" viewBox=\"0 0 1000 1000\" xmlns=\"http:\/\/www.w3.org\/2000\/svg\"><path d=\"M696 533C708 521 713 504 713 487 713 471 708 454 696 446L400 146C388 133 375 125 354 125 338 125 325 129 313 142 300 154 292 171 292 187 292 204 296 221 308 233L563 492 304 771C292 783 288 800 288 817 288 833 296 850 308 863 321 871 338 875 354 875 371 875 388 867 400 854L696 533Z\"><\/path><\/svg>\t\t\t\t\t<\/div>\n\t\t\t\t\n\t\t\t\t\t\t\t\t\t<div class=\"swiper-pagination\"><\/div>\n\t\t\t\t\t\t\t\t\t<\/div>\n\t\t\t\t\t\t<\/div>\n\t\t\t\t<\/div>\n\t\t\t\t\t<\/div>\n\t\t\t\t<\/div>\n\t\t<div class=\"elementor-element elementor-element-b17be3c e-flex e-con-boxed e-con e-parent\" data-id=\"b17be3c\" data-element_type=\"container\" data-e-type=\"container\">\n\t\t\t\t\t<div class=\"e-con-inner\">\n\t\t\t\t<div class=\"elementor-element elementor-element-40af7cb elementor-widget elementor-widget-text-editor\" data-id=\"40af7cb\" data-element_type=\"widget\" data-e-type=\"widget\" data-widget_type=\"text-editor.default\">\n\t\t\t\t<div class=\"elementor-widget-container\">\n\t\t\t\t\t\t\t\t\t<p style=\"caret-color: #020202; color: #020202;\">Le projet se situe a\u0300 Pessac, dans une zone re\u0301sidentielle, Avenue du Pont de l&rsquo;Orient. Il propose l&rsquo;implantation de 4 groupes de logements en majorite\u0301 des duplex et 2 simplex accessibles en R+1.<\/p><p style=\"caret-color: #020202; color: #020202;\">Les constructions ont une base simple, rectangulaire. Elles comportent 2 niveaux. Les toitures, couvertes de tuiles terre cuite, animent et fragmentent l&rsquo;ensemble facilitant la lecture de chaque logement. Les fa\u00eetages sont tant\u00f4t perpendiculaires \u00e0 la plus grande longueur, tant\u00f4t parall\u00e8les, les versants sont asym\u00e9triques et de pentes variables. Les fa\u00e7ades sur avenue montrent des diff\u00e9rences de plans qui accentuent l\u2019identification des logements, rev\u00eatues en alternance de <strong>briquette<\/strong> de <strong>parement de teinte beige mate et<\/strong><br \/><strong>de teinte blanche vernis<\/strong>.<br \/>En c\u0153ur d&rsquo;\u00eelot, est d\u00e9velopp\u00e9 un traitement similaire de briquettes de parement beige et d&rsquo;enduit blanc cass\u00e9.<br \/>En contre-point de l\u2019organisation fragment\u00e9e de la r\u00e9sidence en 4 groupes et au sein de chaque groupe, d\u2019autres \u00e9l\u00e9ments unifient l\u2019op\u00e9ration : unit\u00e9 de mat\u00e9riaux de toiture, de serrurerie, 2 teintes d\u2019habillage des fa\u00e7ades.<\/p><p style=\"caret-color: #020202; color: #020202;\">Les constructions ont une base simple, rectangulaire. Les toitures, couvertes de tuiles terre cuite, animent et fragmentent l&rsquo;ensemble facilitant la lecture de chaque logement. Les fac\u0327ades sur avenue montrent des diffe\u0301rences de plans qui accentuent l\u2019identification des logements, reve\u0302tues en alternance de briquettes de parement de teinte beige mate et de teinte blanche vernis.<\/p><p style=\"caret-color: #020202; color: #020202;\">En contre-point de l\u2019organisation fragmente\u0301e de la re\u0301sidence, d\u2019autres e\u0301le\u0301ments unifient l\u2019ope\u0301ration : unite\u0301 de mate\u0301riaux de toiture, de serrurerie, 2 teintes d\u2019habillage des fac\u0327ades.<\/p><p style=\"caret-color: #020202; color: #020202;\">Le stationnement s&rsquo;organise en 1 poche mutualise\u0301e au nord de l&rsquo;ope\u0301ration, dont 6 sont couvertes, ainsi que par des places individualise\u0301es avec acce\u0300s direct Avenue Pont de l&rsquo;Orient. <strong>Deux logements disposent de garage.<\/strong><\/p>\t\t\t\t\t\t\t\t<\/div>\n\t\t\t\t<\/div>\n\t\t\t\t\t<\/div>\n\t\t\t\t<\/div>\n\t\t\t\t<\/div>\n\t\t","protected":false},"excerpt":{"rendered":"<p>LES PROJETS Retour R\u00c9SIDENCE QUINTESSENCEPessac (33) Ma\u00eetrise\u00a0d&rsquo;ouvrage :\u00a0Vealis Immobilier Ma\u00eetrise d&rsquo;\u0153uvre \u00a0:\u00a0Je\u0301rome Lorge Architectes, Auige VRD, ID Developpement BE thermique, MGC BE structure, Kaplan BE paysage Programme\u00a0:\u00a013 logements (5 T2, 1 T3, 7 T4) Mission\u00a0:\u00a0FAISA + DPC + DCE + MARCHES Calendrier\u00a0: Chantier en cours, livraison Novembre 2025 Surface\u00a0(SDP) :\u00a0954 m\u00b2 Co\u00fbt\u00a0:\u00a01,1M\u20ac HT \u00a0 Photos [&hellip;]<\/p>\n","protected":false},"author":1,"featured_media":0,"parent":0,"menu_order":0,"comment_status":"closed","ping_status":"closed","template":"elementor_canvas","meta":{"_monsterinsights_skip_tracking":false,"_monsterinsights_sitenote_active":false,"_monsterinsights_sitenote_note":"","_monsterinsights_sitenote_category":0,"_uf_show_specific_survey":0,"_uf_disable_surveys":false,"footnotes":""},"class_list":["post-591","page","type-page","status-publish","hentry"],"aioseo_notices":[],"_links":{"self":[{"href":"https:\/\/jeromelorge.archi\/index.php\/wp-json\/wp\/v2\/pages\/591","targetHints":{"allow":["GET"]}}],"collection":[{"href":"https:\/\/jeromelorge.archi\/index.php\/wp-json\/wp\/v2\/pages"}],"about":[{"href":"https:\/\/jeromelorge.archi\/index.php\/wp-json\/wp\/v2\/types\/page"}],"author":[{"embeddable":true,"href":"https:\/\/jeromelorge.archi\/index.php\/wp-json\/wp\/v2\/users\/1"}],"replies":[{"embeddable":true,"href":"https:\/\/jeromelorge.archi\/index.php\/wp-json\/wp\/v2\/comments?post=591"}],"version-history":[{"count":40,"href":"https:\/\/jeromelorge.archi\/index.php\/wp-json\/wp\/v2\/pages\/591\/revisions"}],"predecessor-version":[{"id":1981,"href":"https:\/\/jeromelorge.archi\/index.php\/wp-json\/wp\/v2\/pages\/591\/revisions\/1981"}],"wp:attachment":[{"href":"https:\/\/jeromelorge.archi\/index.php\/wp-json\/wp\/v2\/media?parent=591"}],"curies":[{"name":"wp","href":"https:\/\/api.w.org\/{rel}","templated":true}]}}