{"id":515,"date":"2024-04-12T11:32:35","date_gmt":"2024-04-12T09:32:35","guid":{"rendered":"https:\/\/jeromelorge.archi\/?page_id=515"},"modified":"2024-07-26T16:32:04","modified_gmt":"2024-07-26T14:32:04","slug":"residence-le-petit-maine","status":"publish","type":"page","link":"https:\/\/jeromelorge.archi\/index.php\/residence-le-petit-maine\/","title":{"rendered":"R\u00c9SIDENCE LE PETIT MAINE"},"content":{"rendered":"\t\t<div data-elementor-type=\"wp-page\" data-elementor-id=\"515\" class=\"elementor elementor-515\">\n\t\t\t\t<div class=\"elementor-element elementor-element-0c2204b e-flex e-con-boxed e-con e-parent\" data-id=\"0c2204b\" data-element_type=\"container\" data-e-type=\"container\">\n\t\t\t\t\t<div class=\"e-con-inner\">\n\t\t\t\t<div class=\"elementor-element elementor-element-54878eb elementor-widget elementor-widget-heading\" data-id=\"54878eb\" data-element_type=\"widget\" data-e-type=\"widget\" data-widget_type=\"heading.default\">\n\t\t\t\t<div class=\"elementor-widget-container\">\n\t\t\t\t\t<h1 class=\"elementor-heading-title elementor-size-default\">LES PROJETS<\/h1>\t\t\t\t<\/div>\n\t\t\t\t<\/div>\n\t\t\t\t\t<\/div>\n\t\t\t\t<\/div>\n\t\t<div class=\"elementor-element elementor-element-0ea84bf e-flex e-con-boxed e-con e-parent\" data-id=\"0ea84bf\" data-element_type=\"container\" data-e-type=\"container\">\n\t\t\t\t\t<div class=\"e-con-inner\">\n\t\t\t\t<div class=\"elementor-element elementor-element-7684d9f elementor-mobile-align-center elementor-widget elementor-widget-button\" data-id=\"7684d9f\" data-element_type=\"widget\" data-e-type=\"widget\" data-widget_type=\"button.default\">\n\t\t\t\t<div class=\"elementor-widget-container\">\n\t\t\t\t\t\t\t\t\t<div class=\"elementor-button-wrapper\">\n\t\t\t\t\t<a class=\"elementor-button elementor-button-link elementor-size-sm\" href=\"http:\/\/jeromelorge.archi\/index.php\/les-projets\/\">\n\t\t\t\t\t\t<span class=\"elementor-button-content-wrapper\">\n\t\t\t\t\t\t\t\t\t<span class=\"elementor-button-text\">Retour<\/span>\n\t\t\t\t\t<\/span>\n\t\t\t\t\t<\/a>\n\t\t\t\t<\/div>\n\t\t\t\t\t\t\t\t<\/div>\n\t\t\t\t<\/div>\n\t\t\t\t\t<\/div>\n\t\t\t\t<\/div>\n\t\t<div class=\"elementor-element elementor-element-cbe274f e-flex e-con-boxed e-con e-parent\" data-id=\"cbe274f\" data-element_type=\"container\" data-e-type=\"container\">\n\t\t\t\t\t<div class=\"e-con-inner\">\n\t\t\t\t<div class=\"elementor-element elementor-element-6853604 elementor-widget-divider--view-line elementor-widget elementor-widget-divider\" data-id=\"6853604\" data-element_type=\"widget\" data-e-type=\"widget\" data-widget_type=\"divider.default\">\n\t\t\t\t<div class=\"elementor-widget-container\">\n\t\t\t\t\t\t\t<div class=\"elementor-divider\">\n\t\t\t<span class=\"elementor-divider-separator\">\n\t\t\t\t\t\t<\/span>\n\t\t<\/div>\n\t\t\t\t\t\t<\/div>\n\t\t\t\t<\/div>\n\t\t\t\t\t<\/div>\n\t\t\t\t<\/div>\n\t\t<div class=\"elementor-element elementor-element-b7c1859 e-flex e-con-boxed e-con e-parent\" data-id=\"b7c1859\" data-element_type=\"container\" data-e-type=\"container\">\n\t\t\t\t\t<div class=\"e-con-inner\">\n\t\t<div class=\"elementor-element elementor-element-1fbdbf2 e-con-full e-flex e-con e-child\" data-id=\"1fbdbf2\" data-element_type=\"container\" data-e-type=\"container\">\n\t\t<div class=\"elementor-element elementor-element-daf1dfd e-con-full e-flex e-con e-child\" data-id=\"daf1dfd\" data-element_type=\"container\" data-e-type=\"container\">\n\t\t\t\t<div class=\"elementor-element elementor-element-9135660 elementor-widget elementor-widget-heading\" data-id=\"9135660\" data-element_type=\"widget\" data-e-type=\"widget\" data-widget_type=\"heading.default\">\n\t\t\t\t<div class=\"elementor-widget-container\">\n\t\t\t\t\t<h2 class=\"elementor-heading-title elementor-size-default\">R\u00c9SIDENCE LE PETIT MAINE<br>Champcevinel (24)<\/h2>\t\t\t\t<\/div>\n\t\t\t\t<\/div>\n\t\t\t\t<\/div>\n\t\t<div class=\"elementor-element elementor-element-2bb76f0 e-flex e-con-boxed e-con e-child\" data-id=\"2bb76f0\" data-element_type=\"container\" data-e-type=\"container\">\n\t\t\t\t\t<div class=\"e-con-inner\">\n\t\t\t\t<div class=\"elementor-element elementor-element-6642510 elementor-widget elementor-widget-text-editor\" data-id=\"6642510\" data-element_type=\"widget\" data-e-type=\"widget\" data-widget_type=\"text-editor.default\">\n\t\t\t\t<div class=\"elementor-widget-container\">\n\t\t\t\t\t\t\t\t\t<p style=\"caret-color: #000000; color: #000000;\"><b>Ma\u00eetrise d&rsquo;ouvrage\u00a0<\/b>:\u00a0Nexity Esprit Village<\/p><p style=\"caret-color: #000000; color: #000000;\"><b>Ma\u00eetrise d&rsquo;\u0153uvre \u00a0<\/b><span style=\"text-align: var(--text-align);\">:\u00a0<\/span>Je\u0301rome Lorge Architectes, ANTEPOL MOExe, BETRI VRD, EDS Structure, PRI thermique, Duplan Fluides<\/p><p style=\"caret-color: #000000; color: #000000;\"><b>Programme\u00a0<\/b>:\u00a043 logements (1 T1, 19 T2, 23 T4)<\/p><div class=\"page\" style=\"caret-color: #000000; color: #000000;\" title=\"Page 1\"><div class=\"layoutArea\"><div class=\"column\"><p><b>Mission\u00a0<\/b>:\u00a0Mission compl\u00e8te, Mandataire<\/p><\/div><\/div><\/div><p style=\"caret-color: #000000; color: #000000;\"><b>Calendrier\u00a0<\/b>:\u00a0Livre\u0301 en 2022<\/p><p style=\"caret-color: #000000; color: #000000;\"><b>Surface\u00a0<\/b>(SDP) :\u00a02 749 m\u00b2<\/p><p style=\"caret-color: #000000; color: #000000;\"><b>Co\u00fbt\u00a0<\/b>:\u00a03,2M\u20ac HT<\/p>\t\t\t\t\t\t\t\t<\/div>\n\t\t\t\t<\/div>\n\t\t\t\t\t<\/div>\n\t\t\t\t<\/div>\n\t\t\t\t<\/div>\n\t\t<div class=\"elementor-element elementor-element-9a71ce2 e-con-full e-flex e-con e-child\" data-id=\"9a71ce2\" data-element_type=\"container\" data-e-type=\"container\">\n\t\t\t\t<div class=\"elementor-element elementor-element-0726fae elementor-widget elementor-widget-image\" data-id=\"0726fae\" data-element_type=\"widget\" data-e-type=\"widget\" data-widget_type=\"image.default\">\n\t\t\t\t<div class=\"elementor-widget-container\">\n\t\t\t\t\t\t\t\t\t\t\t\t<figure class=\"wp-caption\">\n\t\t\t\t\t\t\t\t\t\t\t<a href=\"https:\/\/jeromelorge.archi\/wp-content\/uploads\/2024\/04\/DSC04152-scaled.jpg\" data-elementor-open-lightbox=\"yes\" data-elementor-lightbox-title=\"DSC04152\" data-e-action-hash=\"#elementor-action%3Aaction%3Dlightbox%26settings%3DeyJpZCI6NTE3LCJ1cmwiOiJodHRwczpcL1wvamVyb21lbG9yZ2UuYXJjaGlcL3dwLWNvbnRlbnRcL3VwbG9hZHNcLzIwMjRcLzA0XC9EU0MwNDE1Mi1zY2FsZWQud2VicCJ9\">\n\t\t\t\t\t\t\t<img fetchpriority=\"high\" decoding=\"async\" width=\"1920\" height=\"1280\" src=\"https:\/\/jeromelorge.archi\/wp-content\/uploads\/2024\/04\/DSC04152-scaled.webp\" class=\"attachment-full size-full wp-image-517\" alt=\"\" srcset=\"https:\/\/jeromelorge.archi\/wp-content\/uploads\/2024\/04\/DSC04152-scaled.webp 1920w, https:\/\/jeromelorge.archi\/wp-content\/uploads\/2024\/04\/DSC04152-300x200.webp 300w, https:\/\/jeromelorge.archi\/wp-content\/uploads\/2024\/04\/DSC04152-1024x683.webp 1024w, https:\/\/jeromelorge.archi\/wp-content\/uploads\/2024\/04\/DSC04152-768x512.webp 768w, https:\/\/jeromelorge.archi\/wp-content\/uploads\/2024\/04\/DSC04152-1536x1024.webp 1536w, https:\/\/jeromelorge.archi\/wp-content\/uploads\/2024\/04\/elementor\/thumbs\/DSC04152-scaled-qqtgcvu4255bkyj5ph49391p8q9rbqdeuf9tr625og.webp 1200w\" sizes=\"(max-width: 1920px) 100vw, 1920px\" \/>\t\t\t\t\t\t\t\t<\/a>\n\t\t\t\t\t\t\t\t\t\t\t<figcaption class=\"widget-image-caption wp-caption-text\">Images JL Architectes<\/figcaption>\n\t\t\t\t\t\t\t\t\t\t<\/figure>\n\t\t\t\t\t\t\t\t\t<\/div>\n\t\t\t\t<\/div>\n\t\t\t\t<\/div>\n\t\t\t\t\t<\/div>\n\t\t\t\t<\/div>\n\t\t<div class=\"elementor-element elementor-element-be7323a e-flex e-con-boxed e-con e-parent\" data-id=\"be7323a\" data-element_type=\"container\" data-e-type=\"container\">\n\t\t\t\t\t<div class=\"e-con-inner\">\n\t\t\t\t<div class=\"elementor-element elementor-element-3b60db5 elementor-arrows-position-outside elementor-pagination-position-outside elementor-widget elementor-widget-image-carousel\" data-id=\"3b60db5\" data-element_type=\"widget\" data-e-type=\"widget\" data-settings=\"{&quot;navigation&quot;:&quot;both&quot;,&quot;autoplay&quot;:&quot;yes&quot;,&quot;pause_on_hover&quot;:&quot;yes&quot;,&quot;pause_on_interaction&quot;:&quot;yes&quot;,&quot;autoplay_speed&quot;:5000,&quot;infinite&quot;:&quot;yes&quot;,&quot;speed&quot;:500,&quot;image_spacing_custom&quot;:{&quot;unit&quot;:&quot;px&quot;,&quot;size&quot;:20,&quot;sizes&quot;:[]},&quot;image_spacing_custom_tablet&quot;:{&quot;unit&quot;:&quot;px&quot;,&quot;size&quot;:&quot;&quot;,&quot;sizes&quot;:[]},&quot;image_spacing_custom_mobile&quot;:{&quot;unit&quot;:&quot;px&quot;,&quot;size&quot;:&quot;&quot;,&quot;sizes&quot;:[]}}\" data-widget_type=\"image-carousel.default\">\n\t\t\t\t<div class=\"elementor-widget-container\">\n\t\t\t\t\t\t\t<div class=\"elementor-image-carousel-wrapper swiper\" role=\"region\" aria-roledescription=\"carousel\" aria-label=\"Carrousel d\u2019images\" dir=\"ltr\">\n\t\t\t<div class=\"elementor-image-carousel swiper-wrapper\" aria-live=\"off\">\n\t\t\t\t\t\t\t\t<div class=\"swiper-slide\" role=\"group\" aria-roledescription=\"slide\" aria-label=\"1 sur 3\"><a data-elementor-open-lightbox=\"yes\" data-elementor-lightbox-slideshow=\"3b60db5\" data-elementor-lightbox-title=\"R\u00c9SIDENCE LE PETIT MAINE\" data-e-action-hash=\"#elementor-action%3Aaction%3Dlightbox%26settings%3DeyJpZCI6NTIwLCJ1cmwiOiJodHRwczpcL1wvamVyb21lbG9yZ2UuYXJjaGlcL3dwLWNvbnRlbnRcL3VwbG9hZHNcLzIwMjRcLzA0XC9WdWUtYWVyaWVubmUtTC53ZWJwIiwic2xpZGVzaG93IjoiM2I2MGRiNSJ9\" href=\"https:\/\/jeromelorge.archi\/wp-content\/uploads\/2024\/04\/Vue-aerienne-L.webp\"><figure class=\"swiper-slide-inner\"><img decoding=\"async\" class=\"swiper-slide-image\" src=\"https:\/\/jeromelorge.archi\/wp-content\/uploads\/elementor\/thumbs\/Vue-aerienne-L-qqtgb8m1klecwohm30thhtr5brsmsaanmp1piu7cfs.webp\" alt=\"Images JL Architectes\" \/><figcaption class=\"elementor-image-carousel-caption\">Images JL Architectes<\/figcaption><\/figure><\/a><\/div><div class=\"swiper-slide\" role=\"group\" aria-roledescription=\"slide\" aria-label=\"2 sur 3\"><a data-elementor-open-lightbox=\"yes\" data-elementor-lightbox-slideshow=\"3b60db5\" data-elementor-lightbox-title=\"R\u00c9SIDENCE LE PETIT MAINE\" data-e-action-hash=\"#elementor-action%3Aaction%3Dlightbox%26settings%3DeyJpZCI6NTE5LCJ1cmwiOiJodHRwczpcL1wvamVyb21lbG9yZ2UuYXJjaGlcL3dwLWNvbnRlbnRcL3VwbG9hZHNcLzIwMjRcLzA0XC9QaG90b3MtY2hhbnRpZXItc2NhbGVkLndlYnAiLCJzbGlkZXNob3ciOiIzYjYwZGI1In0%3D\" href=\"https:\/\/jeromelorge.archi\/wp-content\/uploads\/2024\/04\/Photos-chantier-scaled.webp\"><figure class=\"swiper-slide-inner\"><img decoding=\"async\" class=\"swiper-slide-image\" src=\"https:\/\/jeromelorge.archi\/wp-content\/uploads\/elementor\/thumbs\/Photos-chantier-scaled-qqtgbw40bgaiyxjh9sz5q5to6ekt4pvy1xcuir8i48.webp\" alt=\"Images JL Architectes\" \/><figcaption class=\"elementor-image-carousel-caption\">Images JL Architectes<\/figcaption><\/figure><\/a><\/div><div class=\"swiper-slide\" role=\"group\" aria-roledescription=\"slide\" aria-label=\"3 sur 3\"><a data-elementor-open-lightbox=\"yes\" data-elementor-lightbox-slideshow=\"3b60db5\" data-elementor-lightbox-title=\"R\u00c9SIDENCE LE PETIT MAINE\" data-e-action-hash=\"#elementor-action%3Aaction%3Dlightbox%26settings%3DeyJpZCI6NTE4LCJ1cmwiOiJodHRwczpcL1wvamVyb21lbG9yZ2UuYXJjaGlcL3dwLWNvbnRlbnRcL3VwbG9hZHNcLzIwMjRcLzA0XC9JbnNlcnRpb24tRmluaS1zY2FsZWQud2VicCIsInNsaWRlc2hvdyI6IjNiNjBkYjUifQ%3D%3D\" href=\"https:\/\/jeromelorge.archi\/wp-content\/uploads\/2024\/04\/Insertion-Fini-scaled.webp\"><figure class=\"swiper-slide-inner\"><img decoding=\"async\" class=\"swiper-slide-image\" src=\"https:\/\/jeromelorge.archi\/wp-content\/uploads\/elementor\/thumbs\/Insertion-Fini-scaled-qqtgcc39jmwegaw9ohvtejsi9ye1rknds4g3ogkt6g.webp\" alt=\"Images JL Architectes\" \/><figcaption class=\"elementor-image-carousel-caption\">Images JL Architectes<\/figcaption><\/figure><\/a><\/div>\t\t\t<\/div>\n\t\t\t\t\t\t\t\t\t\t\t\t<div class=\"elementor-swiper-button elementor-swiper-button-prev\" role=\"button\" tabindex=\"0\">\n\t\t\t\t\t\t<svg aria-hidden=\"true\" class=\"e-font-icon-svg e-eicon-chevron-left\" viewBox=\"0 0 1000 1000\" xmlns=\"http:\/\/www.w3.org\/2000\/svg\"><path d=\"M646 125C629 125 613 133 604 142L308 442C296 454 292 471 292 487 292 504 296 521 308 533L604 854C617 867 629 875 646 875 663 875 679 871 692 858 704 846 713 829 713 812 713 796 708 779 692 767L438 487 692 225C700 217 708 204 708 187 708 171 704 154 692 142 675 129 663 125 646 125Z\"><\/path><\/svg>\t\t\t\t\t<\/div>\n\t\t\t\t\t<div class=\"elementor-swiper-button elementor-swiper-button-next\" role=\"button\" tabindex=\"0\">\n\t\t\t\t\t\t<svg aria-hidden=\"true\" class=\"e-font-icon-svg e-eicon-chevron-right\" viewBox=\"0 0 1000 1000\" xmlns=\"http:\/\/www.w3.org\/2000\/svg\"><path d=\"M696 533C708 521 713 504 713 487 713 471 708 454 696 446L400 146C388 133 375 125 354 125 338 125 325 129 313 142 300 154 292 171 292 187 292 204 296 221 308 233L563 492 304 771C292 783 288 800 288 817 288 833 296 850 308 863 321 871 338 875 354 875 371 875 388 867 400 854L696 533Z\"><\/path><\/svg>\t\t\t\t\t<\/div>\n\t\t\t\t\n\t\t\t\t\t\t\t\t\t<div class=\"swiper-pagination\"><\/div>\n\t\t\t\t\t\t\t\t\t<\/div>\n\t\t\t\t\t\t<\/div>\n\t\t\t\t<\/div>\n\t\t\t\t\t<\/div>\n\t\t\t\t<\/div>\n\t\t<div class=\"elementor-element elementor-element-b17be3c e-flex e-con-boxed e-con e-parent\" data-id=\"b17be3c\" data-element_type=\"container\" data-e-type=\"container\">\n\t\t\t\t\t<div class=\"e-con-inner\">\n\t\t\t\t<div class=\"elementor-element elementor-element-40af7cb elementor-widget elementor-widget-text-editor\" data-id=\"40af7cb\" data-element_type=\"widget\" data-e-type=\"widget\" data-widget_type=\"text-editor.default\">\n\t\t\t\t<div class=\"elementor-widget-container\">\n\t\t\t\t\t\t\t\t\t<p style=\"caret-color: #020202; color: #020202;\">Le projet se situe au lieu-dit le Petit Maine a\u0300 Champcevinel en Dordogne. Le ba\u0302timent s&rsquo;enserre dans un<strong> environnement fort<\/strong>, qui se trouve <strong>entre un bois escarpe\u0301 et une haute falaise calcaire.<\/strong> Les 2 ba\u0302timents existants abandonne\u0301s sont de\u0301molis. La forme en U du ba\u0302timent permet de proposer un espace central prote\u0301ge\u0301 et paysage\u0301, tourne\u0301 vers la falaise. Un passage sous porche accompagne les pie\u0301tons jusqu&rsquo;aux halls. La toiture a\u0300 2 pentes est couverte de tuiles terre cuite rouge. Le volume est blanc, pur, seuls les fonds de <strong>loggias<\/strong> sont en enduit brun matrice\u0301.<\/p><p style=\"caret-color: #020202; color: #020202;\">Le ba\u0302timent en R+1 s&rsquo;implante en discontinu. Le programme de 43 logement est 100% social. Les locaux techniques sont int\u00e9gr\u00e9s au rez-de-chauss\u00e9e.<\/p>\t\t\t\t\t\t\t\t<\/div>\n\t\t\t\t<\/div>\n\t\t\t\t\t<\/div>\n\t\t\t\t<\/div>\n\t\t\t\t<\/div>\n\t\t","protected":false},"excerpt":{"rendered":"<p>LES PROJETS Retour R\u00c9SIDENCE LE PETIT MAINEChampcevinel (24) Ma\u00eetrise d&rsquo;ouvrage\u00a0:\u00a0Nexity Esprit Village Ma\u00eetrise d&rsquo;\u0153uvre \u00a0:\u00a0Je\u0301rome Lorge Architectes, ANTEPOL MOExe, BETRI VRD, EDS Structure, PRI thermique, Duplan Fluides Programme\u00a0:\u00a043 logements (1 T1, 19 T2, 23 T4) Mission\u00a0:\u00a0Mission compl\u00e8te, Mandataire Calendrier\u00a0:\u00a0Livre\u0301 en 2022 Surface\u00a0(SDP) :\u00a02 749 m\u00b2 Co\u00fbt\u00a0:\u00a03,2M\u20ac HT Images JL Architectes Images JL Architectes Images JL [&hellip;]<\/p>\n","protected":false},"author":1,"featured_media":0,"parent":0,"menu_order":0,"comment_status":"closed","ping_status":"closed","template":"elementor_canvas","meta":{"_monsterinsights_skip_tracking":false,"_monsterinsights_sitenote_active":false,"_monsterinsights_sitenote_note":"","_monsterinsights_sitenote_category":0,"_uf_show_specific_survey":0,"_uf_disable_surveys":false,"footnotes":""},"class_list":["post-515","page","type-page","status-publish","hentry"],"aioseo_notices":[],"_links":{"self":[{"href":"https:\/\/jeromelorge.archi\/index.php\/wp-json\/wp\/v2\/pages\/515","targetHints":{"allow":["GET"]}}],"collection":[{"href":"https:\/\/jeromelorge.archi\/index.php\/wp-json\/wp\/v2\/pages"}],"about":[{"href":"https:\/\/jeromelorge.archi\/index.php\/wp-json\/wp\/v2\/types\/page"}],"author":[{"embeddable":true,"href":"https:\/\/jeromelorge.archi\/index.php\/wp-json\/wp\/v2\/users\/1"}],"replies":[{"embeddable":true,"href":"https:\/\/jeromelorge.archi\/index.php\/wp-json\/wp\/v2\/comments?post=515"}],"version-history":[{"count":19,"href":"https:\/\/jeromelorge.archi\/index.php\/wp-json\/wp\/v2\/pages\/515\/revisions"}],"predecessor-version":[{"id":1685,"href":"https:\/\/jeromelorge.archi\/index.php\/wp-json\/wp\/v2\/pages\/515\/revisions\/1685"}],"wp:attachment":[{"href":"https:\/\/jeromelorge.archi\/index.php\/wp-json\/wp\/v2\/media?parent=515"}],"curies":[{"name":"wp","href":"https:\/\/api.w.org\/{rel}","templated":true}]}}