{"id":479,"date":"2024-04-12T11:19:53","date_gmt":"2024-04-12T09:19:53","guid":{"rendered":"https:\/\/jeromelorge.archi\/?page_id=479"},"modified":"2025-10-06T15:04:56","modified_gmt":"2025-10-06T13:04:56","slug":"residence-lessor-jl-architectes","status":"publish","type":"page","link":"https:\/\/jeromelorge.archi\/index.php\/residence-lessor-jl-architectes\/","title":{"rendered":"R\u00c9SIDENCE L&rsquo;ESSOR"},"content":{"rendered":"\t\t<div data-elementor-type=\"wp-page\" data-elementor-id=\"479\" class=\"elementor elementor-479\">\n\t\t\t\t<div class=\"elementor-element elementor-element-0c2204b e-flex e-con-boxed e-con e-parent\" data-id=\"0c2204b\" data-element_type=\"container\" data-e-type=\"container\">\n\t\t\t\t\t<div class=\"e-con-inner\">\n\t\t\t\t<div class=\"elementor-element elementor-element-54878eb elementor-widget elementor-widget-heading\" data-id=\"54878eb\" data-element_type=\"widget\" data-e-type=\"widget\" data-widget_type=\"heading.default\">\n\t\t\t\t<div class=\"elementor-widget-container\">\n\t\t\t\t\t<h1 class=\"elementor-heading-title elementor-size-default\">LES PROJETS<\/h1>\t\t\t\t<\/div>\n\t\t\t\t<\/div>\n\t\t\t\t\t<\/div>\n\t\t\t\t<\/div>\n\t\t<div class=\"elementor-element elementor-element-0ea84bf e-flex e-con-boxed e-con e-parent\" data-id=\"0ea84bf\" data-element_type=\"container\" data-e-type=\"container\">\n\t\t\t\t\t<div class=\"e-con-inner\">\n\t\t\t\t<div class=\"elementor-element elementor-element-7684d9f elementor-mobile-align-center elementor-widget elementor-widget-button\" data-id=\"7684d9f\" data-element_type=\"widget\" data-e-type=\"widget\" data-widget_type=\"button.default\">\n\t\t\t\t<div class=\"elementor-widget-container\">\n\t\t\t\t\t\t\t\t\t<div class=\"elementor-button-wrapper\">\n\t\t\t\t\t<a class=\"elementor-button elementor-button-link elementor-size-sm\" href=\"http:\/\/jeromelorge.archi\/index.php\/les-projets\/\">\n\t\t\t\t\t\t<span class=\"elementor-button-content-wrapper\">\n\t\t\t\t\t\t\t\t\t<span class=\"elementor-button-text\">Retour<\/span>\n\t\t\t\t\t<\/span>\n\t\t\t\t\t<\/a>\n\t\t\t\t<\/div>\n\t\t\t\t\t\t\t\t<\/div>\n\t\t\t\t<\/div>\n\t\t\t\t\t<\/div>\n\t\t\t\t<\/div>\n\t\t<div class=\"elementor-element elementor-element-cbe274f e-flex e-con-boxed e-con e-parent\" data-id=\"cbe274f\" data-element_type=\"container\" data-e-type=\"container\">\n\t\t\t\t\t<div class=\"e-con-inner\">\n\t\t\t\t<div class=\"elementor-element elementor-element-6853604 elementor-widget-divider--view-line elementor-widget elementor-widget-divider\" data-id=\"6853604\" data-element_type=\"widget\" data-e-type=\"widget\" data-widget_type=\"divider.default\">\n\t\t\t\t<div class=\"elementor-widget-container\">\n\t\t\t\t\t\t\t<div class=\"elementor-divider\">\n\t\t\t<span class=\"elementor-divider-separator\">\n\t\t\t\t\t\t<\/span>\n\t\t<\/div>\n\t\t\t\t\t\t<\/div>\n\t\t\t\t<\/div>\n\t\t\t\t\t<\/div>\n\t\t\t\t<\/div>\n\t\t<div class=\"elementor-element elementor-element-b7c1859 e-flex e-con-boxed e-con e-parent\" data-id=\"b7c1859\" data-element_type=\"container\" data-e-type=\"container\">\n\t\t\t\t\t<div class=\"e-con-inner\">\n\t\t<div class=\"elementor-element elementor-element-1fbdbf2 e-con-full e-flex e-con e-child\" data-id=\"1fbdbf2\" data-element_type=\"container\" data-e-type=\"container\">\n\t\t<div class=\"elementor-element elementor-element-daf1dfd e-flex e-con-boxed e-con e-child\" data-id=\"daf1dfd\" data-element_type=\"container\" data-e-type=\"container\">\n\t\t\t\t\t<div class=\"e-con-inner\">\n\t\t\t\t<div class=\"elementor-element elementor-element-9135660 elementor-widget elementor-widget-heading\" data-id=\"9135660\" data-element_type=\"widget\" data-e-type=\"widget\" data-widget_type=\"heading.default\">\n\t\t\t\t<div class=\"elementor-widget-container\">\n\t\t\t\t\t<h2 class=\"elementor-heading-title elementor-size-default\">R\u00c9SIDENCE L'ESSOR<br>Rodez (12)<\/h2>\t\t\t\t<\/div>\n\t\t\t\t<\/div>\n\t\t\t\t\t<\/div>\n\t\t\t\t<\/div>\n\t\t<div class=\"elementor-element elementor-element-2bb76f0 e-flex e-con-boxed e-con e-child\" data-id=\"2bb76f0\" data-element_type=\"container\" data-e-type=\"container\">\n\t\t\t\t\t<div class=\"e-con-inner\">\n\t\t\t\t<div class=\"elementor-element elementor-element-6642510 elementor-widget elementor-widget-text-editor\" data-id=\"6642510\" data-element_type=\"widget\" data-e-type=\"widget\" data-widget_type=\"text-editor.default\">\n\t\t\t\t<div class=\"elementor-widget-container\">\n\t\t\t\t\t\t\t\t\t<p style=\"caret-color: #000000; color: #000000;\"><b>Ma\u00eetrise d&rsquo;ouvrage\u00a0<\/b>:\u00a0Eclisse promotion<\/p><p style=\"caret-color: #000000; color: #000000;\"><b>Ma\u00eetrise d&rsquo;\u0153uvre \u00a0<\/b><span style=\"text-align: var(--text-align);\">:\u00a0<\/span>Je\u0301rome Lorge Architectes, ABC, Occinergy BE thermique, Bettec BE structure<\/p><p style=\"caret-color: #000000; color: #000000;\"><b>Programme\u00a0<\/b>:\u00a041 logements (26 T2, 12 T3, 3 T4)<\/p><p style=\"caret-color: #000000; color: #000000;\"><b>Mission\u00a0<\/b>:\u00a0FAISA + DPC + DCE + MARCHES<\/p><p style=\"caret-color: #000000; color: #000000;\"><b>Calendrier\u00a0<\/b>:\u00a0Chantier en cours<\/p><p style=\"caret-color: #000000; color: #000000;\"><b>Surface\u00a0<\/b>(SDP) :\u00a02530 m\u00b2<\/p><p style=\"caret-color: #000000; color: #000000;\"><b>Co\u00fbt\u00a0<\/b>:\u00a03,5M\u20ac HT<\/p>\t\t\t\t\t\t\t\t<\/div>\n\t\t\t\t<\/div>\n\t\t\t\t\t<\/div>\n\t\t\t\t<\/div>\n\t\t\t\t<\/div>\n\t\t<div class=\"elementor-element elementor-element-9a71ce2 e-con-full e-flex e-con e-child\" data-id=\"9a71ce2\" data-element_type=\"container\" data-e-type=\"container\">\n\t\t\t\t<div class=\"elementor-element elementor-element-0726fae elementor-widget elementor-widget-image\" data-id=\"0726fae\" data-element_type=\"widget\" data-e-type=\"widget\" data-widget_type=\"image.default\">\n\t\t\t\t<div class=\"elementor-widget-container\">\n\t\t\t\t\t\t\t\t\t\t\t\t<figure class=\"wp-caption\">\n\t\t\t\t\t\t\t\t\t\t\t<a href=\"https:\/\/jeromelorge.archi\/wp-content\/uploads\/2024\/04\/Rodez_VueRueCarrere_02-scaled.jpeg\" data-elementor-open-lightbox=\"yes\" data-elementor-lightbox-title=\"R\u00c9SIDENCE L&#039;ESSOR\" data-e-action-hash=\"#elementor-action%3Aaction%3Dlightbox%26settings%3DeyJpZCI6NDg0LCJ1cmwiOiJodHRwczpcL1wvamVyb21lbG9yZ2UuYXJjaGlcL3dwLWNvbnRlbnRcL3VwbG9hZHNcLzIwMjRcLzA0XC9Sb2Rlel9WdWVSdWVDYXJyZXJlXzAyLXNjYWxlZC53ZWJwIn0%3D\">\n\t\t\t\t\t\t\t<img fetchpriority=\"high\" decoding=\"async\" width=\"1920\" height=\"1184\" src=\"https:\/\/jeromelorge.archi\/wp-content\/uploads\/2024\/04\/Rodez_VueRueCarrere_02-scaled.webp\" class=\"attachment-full size-full wp-image-484\" alt=\"\" srcset=\"https:\/\/jeromelorge.archi\/wp-content\/uploads\/2024\/04\/Rodez_VueRueCarrere_02-scaled.webp 1920w, https:\/\/jeromelorge.archi\/wp-content\/uploads\/2024\/04\/Rodez_VueRueCarrere_02-300x185.webp 300w, https:\/\/jeromelorge.archi\/wp-content\/uploads\/2024\/04\/Rodez_VueRueCarrere_02-1024x631.webp 1024w, https:\/\/jeromelorge.archi\/wp-content\/uploads\/2024\/04\/Rodez_VueRueCarrere_02-768x474.webp 768w, https:\/\/jeromelorge.archi\/wp-content\/uploads\/2024\/04\/Rodez_VueRueCarrere_02-1536x947.webp 1536w\" sizes=\"(max-width: 1920px) 100vw, 1920px\" \/>\t\t\t\t\t\t\t\t<\/a>\n\t\t\t\t\t\t\t\t\t\t\t<figcaption class=\"widget-image-caption wp-caption-text\">Photo synth\u00e8se Visiolab<\/figcaption>\n\t\t\t\t\t\t\t\t\t\t<\/figure>\n\t\t\t\t\t\t\t\t\t<\/div>\n\t\t\t\t<\/div>\n\t\t\t\t<\/div>\n\t\t\t\t\t<\/div>\n\t\t\t\t<\/div>\n\t\t<div class=\"elementor-element elementor-element-be7323a e-flex e-con-boxed e-con e-parent\" data-id=\"be7323a\" data-element_type=\"container\" data-e-type=\"container\">\n\t\t\t\t\t<div class=\"e-con-inner\">\n\t\t\t\t<div class=\"elementor-element elementor-element-3b60db5 elementor-arrows-position-outside elementor-pagination-position-outside elementor-widget elementor-widget-image-carousel\" data-id=\"3b60db5\" data-element_type=\"widget\" data-e-type=\"widget\" data-settings=\"{&quot;navigation&quot;:&quot;both&quot;,&quot;autoplay&quot;:&quot;yes&quot;,&quot;pause_on_hover&quot;:&quot;yes&quot;,&quot;pause_on_interaction&quot;:&quot;yes&quot;,&quot;autoplay_speed&quot;:5000,&quot;infinite&quot;:&quot;yes&quot;,&quot;speed&quot;:500,&quot;image_spacing_custom&quot;:{&quot;unit&quot;:&quot;px&quot;,&quot;size&quot;:20,&quot;sizes&quot;:[]},&quot;image_spacing_custom_tablet&quot;:{&quot;unit&quot;:&quot;px&quot;,&quot;size&quot;:&quot;&quot;,&quot;sizes&quot;:[]},&quot;image_spacing_custom_mobile&quot;:{&quot;unit&quot;:&quot;px&quot;,&quot;size&quot;:&quot;&quot;,&quot;sizes&quot;:[]}}\" data-widget_type=\"image-carousel.default\">\n\t\t\t\t<div class=\"elementor-widget-container\">\n\t\t\t\t\t\t\t<div class=\"elementor-image-carousel-wrapper swiper\" role=\"region\" aria-roledescription=\"carousel\" aria-label=\"Carrousel d\u2019images\" dir=\"ltr\">\n\t\t\t<div class=\"elementor-image-carousel swiper-wrapper\" aria-live=\"off\">\n\t\t\t\t\t\t\t\t<div class=\"swiper-slide\" role=\"group\" aria-roledescription=\"slide\" aria-label=\"1 sur 7\"><a data-elementor-open-lightbox=\"yes\" data-elementor-lightbox-slideshow=\"3b60db5\" data-elementor-lightbox-title=\"Chantier Essor\" data-e-action-hash=\"#elementor-action%3Aaction%3Dlightbox%26settings%3DeyJpZCI6MTkzNCwidXJsIjoiaHR0cHM6XC9cL2plcm9tZWxvcmdlLmFyY2hpXC93cC1jb250ZW50XC91cGxvYWRzXC8yMDI1XC8xMFwvMDAyYmlzLmpwZyIsInNsaWRlc2hvdyI6IjNiNjBkYjUifQ%3D%3D\" href=\"https:\/\/jeromelorge.archi\/wp-content\/uploads\/2025\/10\/002bis.jpg\"><figure class=\"swiper-slide-inner\"><img decoding=\"async\" class=\"swiper-slide-image\" src=\"https:\/\/jeromelorge.archi\/wp-content\/uploads\/elementor\/thumbs\/002bis-rct5hrwsb8a2fcgibjxu7ke4yuqg0w1i1qkcnephvc.jpg\" alt=\"Essor, 2025, Rodez, JL Architectes\" \/><figcaption class=\"elementor-image-carousel-caption\">Photo JL Architectes<\/figcaption><\/figure><\/a><\/div><div class=\"swiper-slide\" role=\"group\" aria-roledescription=\"slide\" aria-label=\"2 sur 7\"><a data-elementor-open-lightbox=\"yes\" data-elementor-lightbox-slideshow=\"3b60db5\" data-elementor-lightbox-title=\"Chantier Essor\" data-e-action-hash=\"#elementor-action%3Aaction%3Dlightbox%26settings%3DeyJpZCI6MTkzNSwidXJsIjoiaHR0cHM6XC9cL2plcm9tZWxvcmdlLmFyY2hpXC93cC1jb250ZW50XC91cGxvYWRzXC8yMDI1XC8xMFwvMDM1YmlzLmpwZyIsInNsaWRlc2hvdyI6IjNiNjBkYjUifQ%3D%3D\" href=\"https:\/\/jeromelorge.archi\/wp-content\/uploads\/2025\/10\/035bis.jpg\"><figure class=\"swiper-slide-inner\"><img decoding=\"async\" class=\"swiper-slide-image\" src=\"https:\/\/jeromelorge.archi\/wp-content\/uploads\/elementor\/thumbs\/035bis-rct5htsgowcn2kds0kr3cjx25mh6ga8ypzvblympiw.jpg\" alt=\"Essor, 2025, Rodez, JL Architectes\" \/><figcaption class=\"elementor-image-carousel-caption\">Photo JL Architectes<\/figcaption><\/figure><\/a><\/div><div class=\"swiper-slide\" role=\"group\" aria-roledescription=\"slide\" aria-label=\"3 sur 7\"><a data-elementor-open-lightbox=\"yes\" data-elementor-lightbox-slideshow=\"3b60db5\" data-elementor-lightbox-title=\"Chantier Essor\" data-e-action-hash=\"#elementor-action%3Aaction%3Dlightbox%26settings%3DeyJpZCI6MTkzNiwidXJsIjoiaHR0cHM6XC9cL2plcm9tZWxvcmdlLmFyY2hpXC93cC1jb250ZW50XC91cGxvYWRzXC8yMDI1XC8xMFwvMDY3YmlzLmpwZyIsInNsaWRlc2hvdyI6IjNiNjBkYjUifQ%3D%3D\" href=\"https:\/\/jeromelorge.archi\/wp-content\/uploads\/2025\/10\/067bis.jpg\"><figure class=\"swiper-slide-inner\"><img decoding=\"async\" class=\"swiper-slide-image\" src=\"https:\/\/jeromelorge.archi\/wp-content\/uploads\/elementor\/thumbs\/067bis-rct5hwlz9egi1e9ok3yz217fxs3a3dk5qdts1sij08.jpg\" alt=\"Essor, 2025, Rodez, JL Architectes\" \/><figcaption class=\"elementor-image-carousel-caption\">Photo JL Architectes<\/figcaption><\/figure><\/a><\/div><div class=\"swiper-slide\" role=\"group\" aria-roledescription=\"slide\" aria-label=\"4 sur 7\"><a data-elementor-open-lightbox=\"yes\" data-elementor-lightbox-slideshow=\"3b60db5\" data-elementor-lightbox-title=\"Chantier Essor\" data-e-action-hash=\"#elementor-action%3Aaction%3Dlightbox%26settings%3DeyJpZCI6MTkzNywidXJsIjoiaHR0cHM6XC9cL2plcm9tZWxvcmdlLmFyY2hpXC93cC1jb250ZW50XC91cGxvYWRzXC8yMDI1XC8xMFwvMDY5YmlzLXNjYWxlZC5qcGciLCJzbGlkZXNob3ciOiIzYjYwZGI1In0%3D\" href=\"https:\/\/jeromelorge.archi\/wp-content\/uploads\/2025\/10\/069bis-scaled.jpg\"><figure class=\"swiper-slide-inner\"><img decoding=\"async\" class=\"swiper-slide-image\" src=\"https:\/\/jeromelorge.archi\/wp-content\/uploads\/elementor\/thumbs\/069bis-scaled-rct5i36ul8piao04hotd1hjo3h6ul9aa3ae6eq8rso.jpg\" alt=\"Essor, 2025, Rodez, JL Architectes\" \/><figcaption class=\"elementor-image-carousel-caption\">Photo JL Architectes<\/figcaption><\/figure><\/a><\/div><div class=\"swiper-slide\" role=\"group\" aria-roledescription=\"slide\" aria-label=\"5 sur 7\"><a data-elementor-open-lightbox=\"yes\" data-elementor-lightbox-slideshow=\"3b60db5\" data-elementor-lightbox-title=\"R\u00c9SIDENCE L&#039;ESSOR\" data-e-action-hash=\"#elementor-action%3Aaction%3Dlightbox%26settings%3DeyJpZCI6NDgxLCJ1cmwiOiJodHRwczpcL1wvamVyb21lbG9yZ2UuYXJjaGlcL3dwLWNvbnRlbnRcL3VwbG9hZHNcLzIwMjRcLzA0XC9Sb2Rlel9NYXNzZV8wMy1zY2FsZWQud2VicCIsInNsaWRlc2hvdyI6IjNiNjBkYjUifQ%3D%3D\" href=\"https:\/\/jeromelorge.archi\/wp-content\/uploads\/2024\/04\/Rodez_Masse_03-scaled.webp\"><figure class=\"swiper-slide-inner\"><img decoding=\"async\" class=\"swiper-slide-image\" src=\"https:\/\/jeromelorge.archi\/wp-content\/uploads\/elementor\/thumbs\/Rodez_Masse_03-scaled-qqtgqhjsfu9t8yc91m3lxz8c8smznitwe619sflfi0.webp\" alt=\"Photos synth\u00e8se Visiolab\" \/><figcaption class=\"elementor-image-carousel-caption\">Photos synth\u00e8se Visiolab<\/figcaption><\/figure><\/a><\/div><div class=\"swiper-slide\" role=\"group\" aria-roledescription=\"slide\" aria-label=\"6 sur 7\"><a data-elementor-open-lightbox=\"yes\" data-elementor-lightbox-slideshow=\"3b60db5\" data-elementor-lightbox-title=\"R\u00c9SIDENCE L&#039;ESSOR\" data-e-action-hash=\"#elementor-action%3Aaction%3Dlightbox%26settings%3DeyJpZCI6NDgyLCJ1cmwiOiJodHRwczpcL1wvamVyb21lbG9yZ2UuYXJjaGlcL3dwLWNvbnRlbnRcL3VwbG9hZHNcLzIwMjRcLzA0XC9Sb2Rlel9WdWVDaFNhbGFicnVfMDItc2NhbGVkLndlYnAiLCJzbGlkZXNob3ciOiIzYjYwZGI1In0%3D\" href=\"https:\/\/jeromelorge.archi\/wp-content\/uploads\/2024\/04\/Rodez_VueChSalabru_02-scaled.webp\"><figure class=\"swiper-slide-inner\"><img decoding=\"async\" class=\"swiper-slide-image\" src=\"https:\/\/jeromelorge.archi\/wp-content\/uploads\/elementor\/thumbs\/Rodez_VueChSalabru_02-scaled-qqtgpvxi2ng7tx7njur6umoqkxljqhg2n713r2hhh4.webp\" alt=\"Photos synth\u00e8se Visiolab\" \/><figcaption class=\"elementor-image-carousel-caption\">Photos synth\u00e8se Visiolab<\/figcaption><\/figure><\/a><\/div><div class=\"swiper-slide\" role=\"group\" aria-roledescription=\"slide\" aria-label=\"7 sur 7\"><a data-elementor-open-lightbox=\"yes\" data-elementor-lightbox-slideshow=\"3b60db5\" data-elementor-lightbox-title=\"R\u00c9SIDENCE L&#039;ESSOR\" data-e-action-hash=\"#elementor-action%3Aaction%3Dlightbox%26settings%3DeyJpZCI6NDgzLCJ1cmwiOiJodHRwczpcL1wvamVyb21lbG9yZ2UuYXJjaGlcL3dwLWNvbnRlbnRcL3VwbG9hZHNcLzIwMjRcLzA0XC9Sb2Rlel9WdWVDb2V1cklsb3RfMDItc2NhbGVkLndlYnAiLCJzbGlkZXNob3ciOiIzYjYwZGI1In0%3D\" href=\"https:\/\/jeromelorge.archi\/wp-content\/uploads\/2024\/04\/Rodez_VueCoeurIlot_02-scaled.webp\"><figure class=\"swiper-slide-inner\"><img decoding=\"async\" class=\"swiper-slide-image\" src=\"https:\/\/jeromelorge.archi\/wp-content\/uploads\/elementor\/thumbs\/Rodez_VueCoeurIlot_02-scaled-qqtgjmc8ievefibc558q87m40ghgf4khs6gkknryyg.webp\" alt=\"Photos synth\u00e8se Visiolab\" \/><figcaption class=\"elementor-image-carousel-caption\">Photos synth\u00e8se Visiolab<\/figcaption><\/figure><\/a><\/div>\t\t\t<\/div>\n\t\t\t\t\t\t\t\t\t\t\t\t<div class=\"elementor-swiper-button elementor-swiper-button-prev\" role=\"button\" tabindex=\"0\">\n\t\t\t\t\t\t<svg aria-hidden=\"true\" class=\"e-font-icon-svg e-eicon-chevron-left\" viewBox=\"0 0 1000 1000\" xmlns=\"http:\/\/www.w3.org\/2000\/svg\"><path d=\"M646 125C629 125 613 133 604 142L308 442C296 454 292 471 292 487 292 504 296 521 308 533L604 854C617 867 629 875 646 875 663 875 679 871 692 858 704 846 713 829 713 812 713 796 708 779 692 767L438 487 692 225C700 217 708 204 708 187 708 171 704 154 692 142 675 129 663 125 646 125Z\"><\/path><\/svg>\t\t\t\t\t<\/div>\n\t\t\t\t\t<div class=\"elementor-swiper-button elementor-swiper-button-next\" role=\"button\" tabindex=\"0\">\n\t\t\t\t\t\t<svg aria-hidden=\"true\" class=\"e-font-icon-svg e-eicon-chevron-right\" viewBox=\"0 0 1000 1000\" xmlns=\"http:\/\/www.w3.org\/2000\/svg\"><path d=\"M696 533C708 521 713 504 713 487 713 471 708 454 696 446L400 146C388 133 375 125 354 125 338 125 325 129 313 142 300 154 292 171 292 187 292 204 296 221 308 233L563 492 304 771C292 783 288 800 288 817 288 833 296 850 308 863 321 871 338 875 354 875 371 875 388 867 400 854L696 533Z\"><\/path><\/svg>\t\t\t\t\t<\/div>\n\t\t\t\t\n\t\t\t\t\t\t\t\t\t<div class=\"swiper-pagination\"><\/div>\n\t\t\t\t\t\t\t\t\t<\/div>\n\t\t\t\t\t\t<\/div>\n\t\t\t\t<\/div>\n\t\t\t\t\t<\/div>\n\t\t\t\t<\/div>\n\t\t<div class=\"elementor-element elementor-element-b17be3c e-flex e-con-boxed e-con e-parent\" data-id=\"b17be3c\" data-element_type=\"container\" data-e-type=\"container\">\n\t\t\t\t\t<div class=\"e-con-inner\">\n\t\t\t\t<div class=\"elementor-element elementor-element-40af7cb elementor-widget elementor-widget-text-editor\" data-id=\"40af7cb\" data-element_type=\"widget\" data-e-type=\"widget\" data-widget_type=\"text-editor.default\">\n\t\t\t\t<div class=\"elementor-widget-container\">\n\t\t\t\t\t\t\t\t\t<p style=\"caret-color: #020202; color: #020202;\">La r\u00e9sidence l&rsquo;Essor se situe a\u0300 Rodez, dans un secteur mixte occupe\u0301 par des activite\u0301s commerciales, tertiaires et des logements. La parcelle entre 2 rues pr\u00e9sente un relief tr\u00e9s prononc\u00e9 descendant vers le Nord. La r\u00e9sidence propose l&rsquo;implantation de 2 ba\u0302timents comprenant 41 logements collectifs en R+1 sur parking pour le ba\u0302timent A, rue Carre\u0300re et en R+2 sur parking pour le ba\u0302timent B, Chemin de Salabru.<\/p><p style=\"caret-color: #020202; color: #020202;\">Le ba\u0302timent A s&rsquo;implante en respectant la d\u00e9clivit\u00e9 du terrain naturel. Les fac\u0327ades Sud et Nord sont largement perce\u0301s. Cela permet de proposer au Sud une <strong>\u00ab\u00a0douve\u00a0\u00bb ve\u0301ge\u0301tale<\/strong>, profitable aux logements des niveaux supe\u0301rieurs. Le parking en socle est semi-ouvert sur la ve\u0301ge\u0301tation, be\u0301ne\u0301ficiant d&rsquo;un <strong>e\u0301clairage et d&rsquo;une ventilation naturelle<\/strong>. L&rsquo;immeuble pre\u0301sente au Sud un volume saillant accueillant les locaux techniques contre lequel se de\u0301veloppe la rampe d&rsquo;acce\u0300s menant a\u0300 l&rsquo;entre\u0301e. Les murs pignons sont traite\u0301s comme des \u00ab\u00a0lames\u00a0\u00bb venant ancrer le ba\u0302timent dans la pente, cet effet des pignons, est renforce\u0301 par une teinte gris beige qui contraste avec le reste du ba\u0302timent blanc casse\u0301. Offrant un support pour des plantes grimpantes, une pergola en be\u0301ton peint vient terminer le volume paralle\u0301pipe\u0301dique du ba\u0302timent.<\/p><p style=\"caret-color: #020202; color: #020202;\">Le parking du ba\u0302timent B est semi-enterre\u0301 dans le terrain naturel. Le traitement des fac\u0327ades, des pignons, des menuiseries est identique a\u0300 celui du ba\u0302timent A. Les volumes techniques saillants uniquement en RDC permettent de proposer <strong>terrasses et larges jardinie\u0300res plante\u0301es<\/strong> au profit des logements du niveau supe\u0301rieur.<\/p>\t\t\t\t\t\t\t\t<\/div>\n\t\t\t\t<\/div>\n\t\t\t\t\t<\/div>\n\t\t\t\t<\/div>\n\t\t\t\t<\/div>\n\t\t","protected":false},"excerpt":{"rendered":"<p>LES PROJETS Retour R\u00c9SIDENCE L&rsquo;ESSORRodez (12) Ma\u00eetrise d&rsquo;ouvrage\u00a0:\u00a0Eclisse promotion Ma\u00eetrise d&rsquo;\u0153uvre \u00a0:\u00a0Je\u0301rome Lorge Architectes, ABC, Occinergy BE thermique, Bettec BE structure Programme\u00a0:\u00a041 logements (26 T2, 12 T3, 3 T4) Mission\u00a0:\u00a0FAISA + DPC + DCE + MARCHES Calendrier\u00a0:\u00a0Chantier en cours Surface\u00a0(SDP) :\u00a02530 m\u00b2 Co\u00fbt\u00a0:\u00a03,5M\u20ac HT Photo synth\u00e8se Visiolab Photo JL Architectes Photo JL Architectes Photo JL [&hellip;]<\/p>\n","protected":false},"author":1,"featured_media":0,"parent":0,"menu_order":0,"comment_status":"closed","ping_status":"closed","template":"elementor_canvas","meta":{"_monsterinsights_skip_tracking":false,"_monsterinsights_sitenote_active":false,"_monsterinsights_sitenote_note":"","_monsterinsights_sitenote_category":0,"_uf_show_specific_survey":0,"_uf_disable_surveys":false,"footnotes":""},"class_list":["post-479","page","type-page","status-publish","hentry"],"aioseo_notices":[],"_links":{"self":[{"href":"https:\/\/jeromelorge.archi\/index.php\/wp-json\/wp\/v2\/pages\/479","targetHints":{"allow":["GET"]}}],"collection":[{"href":"https:\/\/jeromelorge.archi\/index.php\/wp-json\/wp\/v2\/pages"}],"about":[{"href":"https:\/\/jeromelorge.archi\/index.php\/wp-json\/wp\/v2\/types\/page"}],"author":[{"embeddable":true,"href":"https:\/\/jeromelorge.archi\/index.php\/wp-json\/wp\/v2\/users\/1"}],"replies":[{"embeddable":true,"href":"https:\/\/jeromelorge.archi\/index.php\/wp-json\/wp\/v2\/comments?post=479"}],"version-history":[{"count":21,"href":"https:\/\/jeromelorge.archi\/index.php\/wp-json\/wp\/v2\/pages\/479\/revisions"}],"predecessor-version":[{"id":1943,"href":"https:\/\/jeromelorge.archi\/index.php\/wp-json\/wp\/v2\/pages\/479\/revisions\/1943"}],"wp:attachment":[{"href":"https:\/\/jeromelorge.archi\/index.php\/wp-json\/wp\/v2\/media?parent=479"}],"curies":[{"name":"wp","href":"https:\/\/api.w.org\/{rel}","templated":true}]}}