{"id":2085,"date":"2025-10-09T12:55:18","date_gmt":"2025-10-09T10:55:18","guid":{"rendered":"https:\/\/jeromelorge.archi\/?page_id=2085"},"modified":"2025-10-09T15:57:11","modified_gmt":"2025-10-09T13:57:11","slug":"residence-32-logements","status":"publish","type":"page","link":"https:\/\/jeromelorge.archi\/index.php\/residence-32-logements\/","title":{"rendered":"R\u00c9SIDENCE 32 LOGEMENTS"},"content":{"rendered":"\t\t<div data-elementor-type=\"wp-page\" data-elementor-id=\"2085\" class=\"elementor elementor-2085\">\n\t\t\t\t<div class=\"elementor-element elementor-element-0c2204b e-flex e-con-boxed e-con e-parent\" data-id=\"0c2204b\" data-element_type=\"container\" data-e-type=\"container\">\n\t\t\t\t\t<div class=\"e-con-inner\">\n\t\t\t\t<div class=\"elementor-element elementor-element-54878eb elementor-widget elementor-widget-heading\" data-id=\"54878eb\" data-element_type=\"widget\" data-e-type=\"widget\" data-widget_type=\"heading.default\">\n\t\t\t\t<div class=\"elementor-widget-container\">\n\t\t\t\t\t<h1 class=\"elementor-heading-title elementor-size-default\">LES PROJETS<\/h1>\t\t\t\t<\/div>\n\t\t\t\t<\/div>\n\t\t\t\t\t<\/div>\n\t\t\t\t<\/div>\n\t\t<div class=\"elementor-element elementor-element-0ea84bf e-flex e-con-boxed e-con e-parent\" data-id=\"0ea84bf\" data-element_type=\"container\" data-e-type=\"container\">\n\t\t\t\t\t<div class=\"e-con-inner\">\n\t\t\t\t<div class=\"elementor-element elementor-element-7684d9f elementor-mobile-align-center elementor-widget elementor-widget-button\" data-id=\"7684d9f\" data-element_type=\"widget\" data-e-type=\"widget\" data-widget_type=\"button.default\">\n\t\t\t\t<div class=\"elementor-widget-container\">\n\t\t\t\t\t\t\t\t\t<div class=\"elementor-button-wrapper\">\n\t\t\t\t\t<a class=\"elementor-button elementor-button-link elementor-size-sm\" href=\"http:\/\/jeromelorge.archi\/index.php\/les-projets\/\">\n\t\t\t\t\t\t<span class=\"elementor-button-content-wrapper\">\n\t\t\t\t\t\t\t\t\t<span class=\"elementor-button-text\">Retour<\/span>\n\t\t\t\t\t<\/span>\n\t\t\t\t\t<\/a>\n\t\t\t\t<\/div>\n\t\t\t\t\t\t\t\t<\/div>\n\t\t\t\t<\/div>\n\t\t\t\t\t<\/div>\n\t\t\t\t<\/div>\n\t\t<div class=\"elementor-element elementor-element-cbe274f e-flex e-con-boxed e-con e-parent\" data-id=\"cbe274f\" data-element_type=\"container\" data-e-type=\"container\">\n\t\t\t\t\t<div class=\"e-con-inner\">\n\t\t\t\t<div class=\"elementor-element elementor-element-6853604 elementor-widget-divider--view-line elementor-widget elementor-widget-divider\" data-id=\"6853604\" data-element_type=\"widget\" data-e-type=\"widget\" data-widget_type=\"divider.default\">\n\t\t\t\t<div class=\"elementor-widget-container\">\n\t\t\t\t\t\t\t<div class=\"elementor-divider\">\n\t\t\t<span class=\"elementor-divider-separator\">\n\t\t\t\t\t\t<\/span>\n\t\t<\/div>\n\t\t\t\t\t\t<\/div>\n\t\t\t\t<\/div>\n\t\t\t\t\t<\/div>\n\t\t\t\t<\/div>\n\t\t<div class=\"elementor-element elementor-element-b7c1859 e-flex e-con-boxed e-con e-parent\" data-id=\"b7c1859\" data-element_type=\"container\" data-e-type=\"container\">\n\t\t\t\t\t<div class=\"e-con-inner\">\n\t\t<div class=\"elementor-element elementor-element-1fbdbf2 e-con-full e-flex e-con e-child\" data-id=\"1fbdbf2\" data-element_type=\"container\" data-e-type=\"container\">\n\t\t<div class=\"elementor-element elementor-element-daf1dfd e-con-full e-flex e-con e-child\" data-id=\"daf1dfd\" data-element_type=\"container\" data-e-type=\"container\">\n\t\t\t\t<div class=\"elementor-element elementor-element-9135660 elementor-widget__width-initial elementor-widget elementor-widget-heading\" data-id=\"9135660\" data-element_type=\"widget\" data-e-type=\"widget\" data-widget_type=\"heading.default\">\n\t\t\t\t<div class=\"elementor-widget-container\">\n\t\t\t\t\t<h2 class=\"elementor-heading-title elementor-size-default\">R\u00c9SIDENCE 32 LOGEMENTS<br>Ambar\u00e8s-et-Lagrave (33)<\/h2>\t\t\t\t<\/div>\n\t\t\t\t<\/div>\n\t\t\t\t<\/div>\n\t\t<div class=\"elementor-element elementor-element-2bb76f0 e-flex e-con-boxed e-con e-child\" data-id=\"2bb76f0\" data-element_type=\"container\" data-e-type=\"container\">\n\t\t\t\t\t<div class=\"e-con-inner\">\n\t\t\t\t<div class=\"elementor-element elementor-element-6642510 elementor-widget elementor-widget-text-editor\" data-id=\"6642510\" data-element_type=\"widget\" data-e-type=\"widget\" data-widget_type=\"text-editor.default\">\n\t\t\t\t<div class=\"elementor-widget-container\">\n\t\t\t\t\t\t\t\t\t<p style=\"caret-color: #000000; color: #000000; font-family: 'DM Sans', sans-serif;\"><strong>Ma\u00eetrise d&rsquo;ouvrage<\/strong> : European Homes<\/p><p style=\"caret-color: #000000; color: #000000; font-family: 'DM Sans', sans-serif;\"><b>Ma\u00eetrise d&rsquo;\u0153uvre\u00a0<\/b><span style=\"text-align: var(--text-align);\">:\u00a0<\/span>Je\u0301rome Lorge Architectes, Auige VRD, EDS Structure, Passiv&amp;A BE Thermique<\/p><p style=\"caret-color: #000000; color: #000000; font-family: 'DM Sans', sans-serif;\"><b>Programme\u00a0<\/b>: 34 logements (12 T2, 18 T3, 4 T4)<\/p><p style=\"caret-color: #000000; color: #000000; font-family: 'DM Sans', sans-serif;\"><b>Mission\u00a0<\/b>:\u00a0FAISA + DPC + DCE\u00a0<span style=\"text-align: var(--text-align);\">+ MARCHES<\/span><\/p><p style=\"caret-color: #000000; color: #000000; font-family: 'DM Sans', sans-serif;\"><b>Calendrier <\/b>: Appel d&rsquo;offre en cours<\/p><p style=\"caret-color: #000000; color: #000000; font-family: 'DM Sans', sans-serif;\"><b>Surface\u00a0<\/b>(SDP) : 2 152 m\u00b2<\/p>\t\t\t\t\t\t\t\t<\/div>\n\t\t\t\t<\/div>\n\t\t\t\t\t<\/div>\n\t\t\t\t<\/div>\n\t\t\t\t<\/div>\n\t\t<div class=\"elementor-element elementor-element-9a71ce2 e-con-full e-flex e-con e-child\" data-id=\"9a71ce2\" data-element_type=\"container\" data-e-type=\"container\">\n\t\t\t\t<div class=\"elementor-element elementor-element-0726fae elementor-widget elementor-widget-image\" data-id=\"0726fae\" data-element_type=\"widget\" data-e-type=\"widget\" data-widget_type=\"image.default\">\n\t\t\t\t<div class=\"elementor-widget-container\">\n\t\t\t\t\t\t\t\t\t\t\t\t<figure class=\"wp-caption\">\n\t\t\t\t\t\t\t\t\t\t\t<a href=\"https:\/\/jeromelorge.archi\/wp-content\/uploads\/2025\/10\/IMAGES_7-Photo-LEGERbis.jpg\" data-elementor-open-lightbox=\"yes\" data-elementor-lightbox-title=\"Image Ambares EH\" data-e-action-hash=\"#elementor-action%3Aaction%3Dlightbox%26settings%3DeyJpZCI6MjA4MywidXJsIjoiaHR0cHM6XC9cL2plcm9tZWxvcmdlLmFyY2hpXC93cC1jb250ZW50XC91cGxvYWRzXC8yMDI1XC8xMFwvSU1BR0VTXzctUGhvdG8tTEVHRVJiaXMuanBnIn0%3D\">\n\t\t\t\t\t\t\t<img fetchpriority=\"high\" decoding=\"async\" width=\"2409\" height=\"1355\" src=\"https:\/\/jeromelorge.archi\/wp-content\/uploads\/2025\/10\/IMAGES_7-Photo-LEGERbis.jpg\" class=\"attachment-full size-full wp-image-2083\" alt=\"Ambares, 2025,34 logements, JL Architectes\" srcset=\"https:\/\/jeromelorge.archi\/wp-content\/uploads\/2025\/10\/IMAGES_7-Photo-LEGERbis.jpg 2409w, https:\/\/jeromelorge.archi\/wp-content\/uploads\/2025\/10\/IMAGES_7-Photo-LEGERbis-300x169.jpg 300w, https:\/\/jeromelorge.archi\/wp-content\/uploads\/2025\/10\/IMAGES_7-Photo-LEGERbis-1024x576.jpg 1024w, https:\/\/jeromelorge.archi\/wp-content\/uploads\/2025\/10\/IMAGES_7-Photo-LEGERbis-768x432.jpg 768w, https:\/\/jeromelorge.archi\/wp-content\/uploads\/2025\/10\/IMAGES_7-Photo-LEGERbis-1536x864.jpg 1536w, https:\/\/jeromelorge.archi\/wp-content\/uploads\/2025\/10\/IMAGES_7-Photo-LEGERbis-2048x1152.jpg 2048w\" sizes=\"(max-width: 2409px) 100vw, 2409px\" \/>\t\t\t\t\t\t\t\t<\/a>\n\t\t\t\t\t\t\t\t\t\t\t<figcaption class=\"widget-image-caption wp-caption-text\">Images JL Architectes<\/figcaption>\n\t\t\t\t\t\t\t\t\t\t<\/figure>\n\t\t\t\t\t\t\t\t\t<\/div>\n\t\t\t\t<\/div>\n\t\t\t\t<\/div>\n\t\t\t\t\t<\/div>\n\t\t\t\t<\/div>\n\t\t<div class=\"elementor-element elementor-element-be7323a e-flex e-con-boxed e-con e-parent\" data-id=\"be7323a\" data-element_type=\"container\" data-e-type=\"container\">\n\t\t\t\t\t<div class=\"e-con-inner\">\n\t\t\t\t<div class=\"elementor-element elementor-element-3b60db5 elementor-arrows-position-outside elementor-pagination-position-outside elementor-widget elementor-widget-image-carousel\" data-id=\"3b60db5\" data-element_type=\"widget\" data-e-type=\"widget\" data-settings=\"{&quot;navigation&quot;:&quot;both&quot;,&quot;autoplay&quot;:&quot;yes&quot;,&quot;pause_on_hover&quot;:&quot;yes&quot;,&quot;pause_on_interaction&quot;:&quot;yes&quot;,&quot;autoplay_speed&quot;:5000,&quot;infinite&quot;:&quot;yes&quot;,&quot;speed&quot;:500,&quot;image_spacing_custom&quot;:{&quot;unit&quot;:&quot;px&quot;,&quot;size&quot;:20,&quot;sizes&quot;:[]},&quot;image_spacing_custom_tablet&quot;:{&quot;unit&quot;:&quot;px&quot;,&quot;size&quot;:&quot;&quot;,&quot;sizes&quot;:[]},&quot;image_spacing_custom_mobile&quot;:{&quot;unit&quot;:&quot;px&quot;,&quot;size&quot;:&quot;&quot;,&quot;sizes&quot;:[]}}\" data-widget_type=\"image-carousel.default\">\n\t\t\t\t<div class=\"elementor-widget-container\">\n\t\t\t\t\t\t\t<div class=\"elementor-image-carousel-wrapper swiper\" role=\"region\" aria-roledescription=\"carousel\" aria-label=\"Carrousel d\u2019images\" dir=\"ltr\">\n\t\t\t<div class=\"elementor-image-carousel swiper-wrapper\" aria-live=\"off\">\n\t\t\t\t\t\t\t\t<div class=\"swiper-slide\" role=\"group\" aria-roledescription=\"slide\" aria-label=\"1 sur 4\"><a data-elementor-open-lightbox=\"yes\" data-elementor-lightbox-slideshow=\"3b60db5\" data-elementor-lightbox-title=\"Image Ambares EH\" data-e-action-hash=\"#elementor-action%3Aaction%3Dlightbox%26settings%3DeyJpZCI6MjA5MCwidXJsIjoiaHR0cHM6XC9cL2plcm9tZWxvcmdlLmFyY2hpXC93cC1jb250ZW50XC91cGxvYWRzXC8yMDI1XC8xMFwvUExBTi1NQVNTRS1aT09NYmlzLmpwZyIsInNsaWRlc2hvdyI6IjNiNjBkYjUifQ%3D%3D\" href=\"https:\/\/jeromelorge.archi\/wp-content\/uploads\/2025\/10\/PLAN-MASSE-ZOOMbis.jpg\"><figure class=\"swiper-slide-inner\"><img decoding=\"async\" class=\"swiper-slide-image\" src=\"https:\/\/jeromelorge.archi\/wp-content\/uploads\/elementor\/thumbs\/PLAN-MASSE-ZOOMbis-rcy7yru0kiqqa4mezjf04ehy0mzaevia79b5bosfco.jpg\" alt=\"Ambares, 2025,34 logements, JL Architectes\" \/><figcaption class=\"elementor-image-carousel-caption\">Plan masse\n JL Achitectes<\/figcaption><\/figure><\/a><\/div><div class=\"swiper-slide\" role=\"group\" aria-roledescription=\"slide\" aria-label=\"2 sur 4\"><a data-elementor-open-lightbox=\"yes\" data-elementor-lightbox-slideshow=\"3b60db5\" data-elementor-lightbox-title=\"Image Ambares EH\" data-e-action-hash=\"#elementor-action%3Aaction%3Dlightbox%26settings%3DeyJpZCI6MjA4OCwidXJsIjoiaHR0cHM6XC9cL2plcm9tZWxvcmdlLmFyY2hpXC93cC1jb250ZW50XC91cGxvYWRzXC8yMDI1XC8xMFwvSU1BR0VTXzktUGhvdG8tTEVHRVJiaXMuanBnIiwic2xpZGVzaG93IjoiM2I2MGRiNSJ9\" href=\"https:\/\/jeromelorge.archi\/wp-content\/uploads\/2025\/10\/IMAGES_9-Photo-LEGERbis.jpg\"><figure class=\"swiper-slide-inner\"><img decoding=\"async\" class=\"swiper-slide-image\" src=\"https:\/\/jeromelorge.archi\/wp-content\/uploads\/elementor\/thumbs\/IMAGES_9-Photo-LEGERbis-rcy7yn4tmckao2t8qzdv9xon1pmgcdzmim1pxaze7s.jpg\" alt=\"Ambares, 2025,34 logements, JL Architectes\" \/><figcaption class=\"elementor-image-carousel-caption\">Perspective JL Achitectes<\/figcaption><\/figure><\/a><\/div><div class=\"swiper-slide\" role=\"group\" aria-roledescription=\"slide\" aria-label=\"3 sur 4\"><a data-elementor-open-lightbox=\"yes\" data-elementor-lightbox-slideshow=\"3b60db5\" data-elementor-lightbox-title=\"Image Ambares EH\" data-e-action-hash=\"#elementor-action%3Aaction%3Dlightbox%26settings%3DeyJpZCI6MjA4NywidXJsIjoiaHR0cHM6XC9cL2plcm9tZWxvcmdlLmFyY2hpXC93cC1jb250ZW50XC91cGxvYWRzXC8yMDI1XC8xMFwvSU1BR0VTXzItUGhvdG8tTEVHRVJiaXMuanBnIiwic2xpZGVzaG93IjoiM2I2MGRiNSJ9\" href=\"https:\/\/jeromelorge.archi\/wp-content\/uploads\/2025\/10\/IMAGES_2-Photo-LEGERbis.jpg\"><figure class=\"swiper-slide-inner\"><img decoding=\"async\" class=\"swiper-slide-image\" src=\"https:\/\/jeromelorge.archi\/wp-content\/uploads\/elementor\/thumbs\/IMAGES_2-Photo-LEGERbis-rcy7ykbb1ugfp8xc7g5zkge99k0cpaofi839hh3kqg.jpg\" alt=\"Ambares, 2025,34 logements, JL Architectes\" \/><figcaption class=\"elementor-image-carousel-caption\">Perspective JL Achitectes<\/figcaption><\/figure><\/a><\/div><div class=\"swiper-slide\" role=\"group\" aria-roledescription=\"slide\" aria-label=\"4 sur 4\"><a data-elementor-open-lightbox=\"yes\" data-elementor-lightbox-slideshow=\"3b60db5\" data-elementor-lightbox-title=\"Image Ambares EH\" data-e-action-hash=\"#elementor-action%3Aaction%3Dlightbox%26settings%3DeyJpZCI6MjA4OSwidXJsIjoiaHR0cHM6XC9cL2plcm9tZWxvcmdlLmFyY2hpXC93cC1jb250ZW50XC91cGxvYWRzXC8yMDI1XC8xMFwvSU5TRVJUSU9OYmlzLXNjYWxlZC5qcGciLCJzbGlkZXNob3ciOiIzYjYwZGI1In0%3D\" href=\"https:\/\/jeromelorge.archi\/wp-content\/uploads\/2025\/10\/INSERTIONbis-scaled.jpg\"><figure class=\"swiper-slide-inner\"><img decoding=\"async\" class=\"swiper-slide-image\" src=\"https:\/\/jeromelorge.archi\/wp-content\/uploads\/elementor\/thumbs\/INSERTIONbis-scaled-rcy7ypyc6uo5mwp5ailqzez0tv8jzhatj006d4v7p4.jpg\" alt=\"Ambares, 2025,34 logements, JL Architectes\" \/><figcaption class=\"elementor-image-carousel-caption\">Perspective JL Achitectes<\/figcaption><\/figure><\/a><\/div>\t\t\t<\/div>\n\t\t\t\t\t\t\t\t\t\t\t\t<div class=\"elementor-swiper-button elementor-swiper-button-prev\" role=\"button\" tabindex=\"0\">\n\t\t\t\t\t\t<svg aria-hidden=\"true\" class=\"e-font-icon-svg e-eicon-chevron-left\" viewBox=\"0 0 1000 1000\" xmlns=\"http:\/\/www.w3.org\/2000\/svg\"><path d=\"M646 125C629 125 613 133 604 142L308 442C296 454 292 471 292 487 292 504 296 521 308 533L604 854C617 867 629 875 646 875 663 875 679 871 692 858 704 846 713 829 713 812 713 796 708 779 692 767L438 487 692 225C700 217 708 204 708 187 708 171 704 154 692 142 675 129 663 125 646 125Z\"><\/path><\/svg>\t\t\t\t\t<\/div>\n\t\t\t\t\t<div class=\"elementor-swiper-button elementor-swiper-button-next\" role=\"button\" tabindex=\"0\">\n\t\t\t\t\t\t<svg aria-hidden=\"true\" class=\"e-font-icon-svg e-eicon-chevron-right\" viewBox=\"0 0 1000 1000\" xmlns=\"http:\/\/www.w3.org\/2000\/svg\"><path d=\"M696 533C708 521 713 504 713 487 713 471 708 454 696 446L400 146C388 133 375 125 354 125 338 125 325 129 313 142 300 154 292 171 292 187 292 204 296 221 308 233L563 492 304 771C292 783 288 800 288 817 288 833 296 850 308 863 321 871 338 875 354 875 371 875 388 867 400 854L696 533Z\"><\/path><\/svg>\t\t\t\t\t<\/div>\n\t\t\t\t\n\t\t\t\t\t\t\t\t\t<div class=\"swiper-pagination\"><\/div>\n\t\t\t\t\t\t\t\t\t<\/div>\n\t\t\t\t\t\t<\/div>\n\t\t\t\t<\/div>\n\t\t\t\t\t<\/div>\n\t\t\t\t<\/div>\n\t\t<div class=\"elementor-element elementor-element-b17be3c e-flex e-con-boxed e-con e-parent\" data-id=\"b17be3c\" data-element_type=\"container\" data-e-type=\"container\">\n\t\t\t\t\t<div class=\"e-con-inner\">\n\t\t\t\t<div class=\"elementor-element elementor-element-40af7cb elementor-widget elementor-widget-text-editor\" data-id=\"40af7cb\" data-element_type=\"widget\" data-e-type=\"widget\" data-widget_type=\"text-editor.default\">\n\t\t\t\t<div class=\"elementor-widget-container\">\n\t\t\t\t\t\t\t\t\t<p class=\"p1\"><span style=\"font-size: 11.0pt;\">L\u2019op\u00e9ration se situe \u00e0 Ambar\u00e8s-et-Lagrave (Gironde), au 36 avenue de la Lib\u00e9ration.<\/span><\/p><p class=\"p1\"><span style=\"font-size: 11.0pt;\">Le projet propose un programme de 34 logements group\u00e9s ; dont 6 logements en BRS et 28 en locatif social ; selon 6 entit\u00e9s de 4 \u00e0 8 logements. La typologie est de 12 T2, 18 T3 dont 10 duplex et de 4 T4 duplex.<\/span><\/p><p class=\"p1\"><span style=\"font-size: 11.0pt;\">Le projet se compose en volumes <strong>simples et harmonieux.<\/strong> Les villas sont vari\u00e9s dans leurs typologies (appartements superpos\u00e9s ou duplex, \u00e0 entr\u00e9e individuelle ou commune,\u2026) mais homog\u00e8nes dans leur volum\u00e9trie \u00e0 R+1 et leur traitement architectural. Leurs toitures pr\u00e9sentent des variations \u00e0 1 ou 2 faitages parall\u00e8les \u00e0 la voie mais toujours croup\u00e9es pr\u00e9sentant ainsi une ligne d\u2019\u00e9gout p\u00e9riph\u00e9rique r\u00e9guli\u00e8re sans accident de fa\u00e7ade pignon. Les baies des \u00e9tages et des rez-de-chauss\u00e9e sont compos\u00e9es par regroupement et alignement offrant une<strong> lisibilit\u00e9 claire des entit\u00e9s d\u2019habitation<\/strong>. Certains plots sont anim\u00e9s de balcons trait\u00e9s avec all\u00e8ges opaques (b\u00e9ton avec rev\u00eatement peinture blanche) garantissant l\u2019<strong>intimit\u00e9 des r\u00e9sidents<\/strong> en \u00e9vitant la pollution visuelle.<\/span><\/p>\t\t\t\t\t\t\t\t<\/div>\n\t\t\t\t<\/div>\n\t\t\t\t\t<\/div>\n\t\t\t\t<\/div>\n\t\t\t\t<\/div>\n\t\t","protected":false},"excerpt":{"rendered":"<p>LES PROJETS Retour R\u00c9SIDENCE 32 LOGEMENTSAmbar\u00e8s-et-Lagrave (33) Ma\u00eetrise d&rsquo;ouvrage : European Homes Ma\u00eetrise d&rsquo;\u0153uvre\u00a0:\u00a0Je\u0301rome Lorge Architectes, Auige VRD, EDS Structure, Passiv&amp;A BE Thermique Programme\u00a0: 34 logements (12 T2, 18 T3, 4 T4) Mission\u00a0:\u00a0FAISA + DPC + DCE\u00a0+ MARCHES Calendrier : Appel d&rsquo;offre en cours Surface\u00a0(SDP) : 2 152 m\u00b2 Images JL Architectes Plan masse JL [&hellip;]<\/p>\n","protected":false},"author":1,"featured_media":0,"parent":0,"menu_order":0,"comment_status":"closed","ping_status":"closed","template":"elementor_canvas","meta":{"_monsterinsights_skip_tracking":false,"_monsterinsights_sitenote_active":false,"_monsterinsights_sitenote_note":"","_monsterinsights_sitenote_category":0,"_uf_show_specific_survey":0,"_uf_disable_surveys":false,"footnotes":""},"class_list":["post-2085","page","type-page","status-publish","hentry"],"aioseo_notices":[],"_links":{"self":[{"href":"https:\/\/jeromelorge.archi\/index.php\/wp-json\/wp\/v2\/pages\/2085","targetHints":{"allow":["GET"]}}],"collection":[{"href":"https:\/\/jeromelorge.archi\/index.php\/wp-json\/wp\/v2\/pages"}],"about":[{"href":"https:\/\/jeromelorge.archi\/index.php\/wp-json\/wp\/v2\/types\/page"}],"author":[{"embeddable":true,"href":"https:\/\/jeromelorge.archi\/index.php\/wp-json\/wp\/v2\/users\/1"}],"replies":[{"embeddable":true,"href":"https:\/\/jeromelorge.archi\/index.php\/wp-json\/wp\/v2\/comments?post=2085"}],"version-history":[{"count":13,"href":"https:\/\/jeromelorge.archi\/index.php\/wp-json\/wp\/v2\/pages\/2085\/revisions"}],"predecessor-version":[{"id":2136,"href":"https:\/\/jeromelorge.archi\/index.php\/wp-json\/wp\/v2\/pages\/2085\/revisions\/2136"}],"wp:attachment":[{"href":"https:\/\/jeromelorge.archi\/index.php\/wp-json\/wp\/v2\/media?parent=2085"}],"curies":[{"name":"wp","href":"https:\/\/api.w.org\/{rel}","templated":true}]}}