{"id":2024,"date":"2025-10-07T17:17:17","date_gmt":"2025-10-07T15:17:17","guid":{"rendered":"https:\/\/jeromelorge.archi\/?page_id=2024"},"modified":"2025-10-07T17:20:49","modified_gmt":"2025-10-07T15:20:49","slug":"residence-tchanka","status":"publish","type":"page","link":"https:\/\/jeromelorge.archi\/index.php\/residence-tchanka\/","title":{"rendered":"R\u00c9SIDENCE TCHANKA"},"content":{"rendered":"\t\t<div data-elementor-type=\"wp-page\" data-elementor-id=\"2024\" class=\"elementor elementor-2024\">\n\t\t\t\t<div class=\"elementor-element elementor-element-0c2204b e-flex e-con-boxed e-con e-parent\" data-id=\"0c2204b\" data-element_type=\"container\" data-e-type=\"container\">\n\t\t\t\t\t<div class=\"e-con-inner\">\n\t\t\t\t<div class=\"elementor-element elementor-element-54878eb elementor-widget elementor-widget-heading\" data-id=\"54878eb\" data-element_type=\"widget\" data-e-type=\"widget\" data-widget_type=\"heading.default\">\n\t\t\t\t<div class=\"elementor-widget-container\">\n\t\t\t\t\t<h1 class=\"elementor-heading-title elementor-size-default\">LES PROJETS<\/h1>\t\t\t\t<\/div>\n\t\t\t\t<\/div>\n\t\t\t\t\t<\/div>\n\t\t\t\t<\/div>\n\t\t<div class=\"elementor-element elementor-element-0ea84bf e-flex e-con-boxed e-con e-parent\" data-id=\"0ea84bf\" data-element_type=\"container\" data-e-type=\"container\">\n\t\t\t\t\t<div class=\"e-con-inner\">\n\t\t\t\t<div class=\"elementor-element elementor-element-7684d9f elementor-mobile-align-center elementor-widget elementor-widget-button\" data-id=\"7684d9f\" data-element_type=\"widget\" data-e-type=\"widget\" data-widget_type=\"button.default\">\n\t\t\t\t<div class=\"elementor-widget-container\">\n\t\t\t\t\t\t\t\t\t<div class=\"elementor-button-wrapper\">\n\t\t\t\t\t<a class=\"elementor-button elementor-button-link elementor-size-sm\" href=\"http:\/\/jeromelorge.archi\/index.php\/les-projets\/\">\n\t\t\t\t\t\t<span class=\"elementor-button-content-wrapper\">\n\t\t\t\t\t\t\t\t\t<span class=\"elementor-button-text\">Retour<\/span>\n\t\t\t\t\t<\/span>\n\t\t\t\t\t<\/a>\n\t\t\t\t<\/div>\n\t\t\t\t\t\t\t\t<\/div>\n\t\t\t\t<\/div>\n\t\t\t\t\t<\/div>\n\t\t\t\t<\/div>\n\t\t<div class=\"elementor-element elementor-element-cbe274f e-flex e-con-boxed e-con e-parent\" data-id=\"cbe274f\" data-element_type=\"container\" data-e-type=\"container\">\n\t\t\t\t\t<div class=\"e-con-inner\">\n\t\t\t\t<div class=\"elementor-element elementor-element-6853604 elementor-widget-divider--view-line elementor-widget elementor-widget-divider\" data-id=\"6853604\" data-element_type=\"widget\" data-e-type=\"widget\" data-widget_type=\"divider.default\">\n\t\t\t\t<div class=\"elementor-widget-container\">\n\t\t\t\t\t\t\t<div class=\"elementor-divider\">\n\t\t\t<span class=\"elementor-divider-separator\">\n\t\t\t\t\t\t<\/span>\n\t\t<\/div>\n\t\t\t\t\t\t<\/div>\n\t\t\t\t<\/div>\n\t\t\t\t\t<\/div>\n\t\t\t\t<\/div>\n\t\t<div class=\"elementor-element elementor-element-b7c1859 e-flex e-con-boxed e-con e-parent\" data-id=\"b7c1859\" data-element_type=\"container\" data-e-type=\"container\">\n\t\t\t\t\t<div class=\"e-con-inner\">\n\t\t<div class=\"elementor-element elementor-element-1fbdbf2 e-con-full e-flex e-con e-child\" data-id=\"1fbdbf2\" data-element_type=\"container\" data-e-type=\"container\">\n\t\t<div class=\"elementor-element elementor-element-daf1dfd e-flex e-con-boxed e-con e-child\" data-id=\"daf1dfd\" data-element_type=\"container\" data-e-type=\"container\">\n\t\t\t\t\t<div class=\"e-con-inner\">\n\t\t\t\t<div class=\"elementor-element elementor-element-9135660 elementor-widget elementor-widget-heading\" data-id=\"9135660\" data-element_type=\"widget\" data-e-type=\"widget\" data-widget_type=\"heading.default\">\n\t\t\t\t<div class=\"elementor-widget-container\">\n\t\t\t\t\t<h2 class=\"elementor-heading-title elementor-size-default\"><span class=\"elementor-heading-title elementor-size-default elementor-inline-editing pen\" data-elementor-setting-key=\"title\" data-pen-placeholder=\"\u00c9crivez ici...\" style=\"line-height: 40px\">R\u00c9SIDENCE TCHANKA<br>Saint-Paul-Les-Dax (40)<\/span><\/h2>\t\t\t\t<\/div>\n\t\t\t\t<\/div>\n\t\t\t\t\t<\/div>\n\t\t\t\t<\/div>\n\t\t<div class=\"elementor-element elementor-element-2bb76f0 e-flex e-con-boxed e-con e-child\" data-id=\"2bb76f0\" data-element_type=\"container\" data-e-type=\"container\">\n\t\t\t\t\t<div class=\"e-con-inner\">\n\t\t\t\t<div class=\"elementor-element elementor-element-6642510 elementor-widget elementor-widget-text-editor\" data-id=\"6642510\" data-element_type=\"widget\" data-e-type=\"widget\" data-widget_type=\"text-editor.default\">\n\t\t\t\t<div class=\"elementor-widget-container\">\n\t\t\t\t\t\t\t\t\t<p style=\"caret-color: #000000; color: #000000;\"><b>Ma\u00eetrise d&rsquo;ouvrage\u00a0<\/b>: Woodeum &#8211; Pitch<\/p><p style=\"caret-color: #000000; color: #000000;\"><b>Ma\u00eetrise d&rsquo;\u0153uvre<\/b><span style=\"text-align: var(--text-align);\">\u00a0 :\u00a0<\/span>Je\u0301rome Lorge Architectes, VRD Concept VRD, Vertical Sea Moe exe, ID Ing\u00e9nierie Be Thermique, Dune Be G\u00e9om\u00e8tre, 3J Technologie Be structure, Emacoustic Be acoustique, Eug\u00e9e NF Habitat<\/p><p style=\"caret-color: #000000; color: #000000;\"><b>Programme\u00a0<\/b>: 123 logements (48 T2, 69 T3, 6 T4)<\/p><p style=\"caret-color: #000000; color: #000000;\"><b>Mission\u00a0<\/b>: FAISA + DPC + DCE + MARCHES\u00a0<\/p><p style=\"caret-color: #000000; color: #000000;\"><b>Calendrier\u00a0<\/b>: Chantier en cours<\/p><p style=\"caret-color: #000000; color: #000000;\"><b>Surface\u00a0<\/b>(SDP) : 8600 m\u00b2<\/p>\t\t\t\t\t\t\t\t<\/div>\n\t\t\t\t<\/div>\n\t\t\t\t\t<\/div>\n\t\t\t\t<\/div>\n\t\t\t\t<\/div>\n\t\t<div class=\"elementor-element elementor-element-9a71ce2 e-con-full e-flex e-con e-child\" data-id=\"9a71ce2\" data-element_type=\"container\" data-e-type=\"container\">\n\t\t\t\t<div class=\"elementor-element elementor-element-0726fae elementor-widget elementor-widget-image\" data-id=\"0726fae\" data-element_type=\"widget\" data-e-type=\"widget\" data-widget_type=\"image.default\">\n\t\t\t\t<div class=\"elementor-widget-container\">\n\t\t\t\t\t\t\t\t\t\t\t\t<figure class=\"wp-caption\">\n\t\t\t\t\t\t\t\t\t\t\t<a href=\"https:\/\/jeromelorge.archi\/wp-content\/uploads\/2025\/10\/Perspective-Perspective-Collectif-socialbis-scaled.jpg\" data-elementor-open-lightbox=\"yes\" data-elementor-lightbox-title=\"Perspective collectif\" data-e-action-hash=\"#elementor-action%3Aaction%3Dlightbox%26settings%3DeyJpZCI6MjAyNiwidXJsIjoiaHR0cHM6XC9cL2plcm9tZWxvcmdlLmFyY2hpXC93cC1jb250ZW50XC91cGxvYWRzXC8yMDI1XC8xMFwvUGVyc3BlY3RpdmUtUGVyc3BlY3RpdmUtQ29sbGVjdGlmLXNvY2lhbGJpcy1zY2FsZWQuanBnIn0%3D\">\n\t\t\t\t\t\t\t<img fetchpriority=\"high\" decoding=\"async\" width=\"2560\" height=\"1438\" src=\"https:\/\/jeromelorge.archi\/wp-content\/uploads\/2025\/10\/Perspective-Perspective-Collectif-socialbis-scaled.jpg\" class=\"attachment-full size-full wp-image-2026\" alt=\"Tchanka, 2025, 123 logements, JL Architectes\" srcset=\"https:\/\/jeromelorge.archi\/wp-content\/uploads\/2025\/10\/Perspective-Perspective-Collectif-socialbis-scaled.jpg 2560w, https:\/\/jeromelorge.archi\/wp-content\/uploads\/2025\/10\/Perspective-Perspective-Collectif-socialbis-300x168.jpg 300w, https:\/\/jeromelorge.archi\/wp-content\/uploads\/2025\/10\/Perspective-Perspective-Collectif-socialbis-1024x575.jpg 1024w, https:\/\/jeromelorge.archi\/wp-content\/uploads\/2025\/10\/Perspective-Perspective-Collectif-socialbis-768x431.jpg 768w, https:\/\/jeromelorge.archi\/wp-content\/uploads\/2025\/10\/Perspective-Perspective-Collectif-socialbis-1536x863.jpg 1536w, https:\/\/jeromelorge.archi\/wp-content\/uploads\/2025\/10\/Perspective-Perspective-Collectif-socialbis-2048x1150.jpg 2048w\" sizes=\"(max-width: 2560px) 100vw, 2560px\" \/>\t\t\t\t\t\t\t\t<\/a>\n\t\t\t\t\t\t\t\t\t\t\t<figcaption class=\"widget-image-caption wp-caption-text\">Perspective JL Architectes<\/figcaption>\n\t\t\t\t\t\t\t\t\t\t<\/figure>\n\t\t\t\t\t\t\t\t\t<\/div>\n\t\t\t\t<\/div>\n\t\t\t\t<\/div>\n\t\t\t\t\t<\/div>\n\t\t\t\t<\/div>\n\t\t<div class=\"elementor-element elementor-element-be7323a e-flex e-con-boxed e-con e-parent\" data-id=\"be7323a\" data-element_type=\"container\" data-e-type=\"container\">\n\t\t\t\t\t<div class=\"e-con-inner\">\n\t\t\t\t<div class=\"elementor-element elementor-element-3b60db5 elementor-arrows-position-outside elementor-pagination-position-outside elementor-widget elementor-widget-image-carousel\" data-id=\"3b60db5\" data-element_type=\"widget\" data-e-type=\"widget\" data-settings=\"{&quot;navigation&quot;:&quot;both&quot;,&quot;autoplay&quot;:&quot;yes&quot;,&quot;pause_on_hover&quot;:&quot;yes&quot;,&quot;pause_on_interaction&quot;:&quot;yes&quot;,&quot;autoplay_speed&quot;:5000,&quot;infinite&quot;:&quot;yes&quot;,&quot;speed&quot;:500,&quot;image_spacing_custom&quot;:{&quot;unit&quot;:&quot;px&quot;,&quot;size&quot;:20,&quot;sizes&quot;:[]},&quot;image_spacing_custom_tablet&quot;:{&quot;unit&quot;:&quot;px&quot;,&quot;size&quot;:&quot;&quot;,&quot;sizes&quot;:[]},&quot;image_spacing_custom_mobile&quot;:{&quot;unit&quot;:&quot;px&quot;,&quot;size&quot;:&quot;&quot;,&quot;sizes&quot;:[]}}\" data-widget_type=\"image-carousel.default\">\n\t\t\t\t<div class=\"elementor-widget-container\">\n\t\t\t\t\t\t\t<div class=\"elementor-image-carousel-wrapper swiper\" role=\"region\" aria-roledescription=\"carousel\" aria-label=\"Carrousel d\u2019images\" dir=\"ltr\">\n\t\t\t<div class=\"elementor-image-carousel swiper-wrapper\" aria-live=\"off\">\n\t\t\t\t\t\t\t\t<div class=\"swiper-slide\" role=\"group\" aria-roledescription=\"slide\" aria-label=\"1 sur 5\"><a data-elementor-open-lightbox=\"yes\" data-elementor-lightbox-slideshow=\"3b60db5\" data-elementor-lightbox-title=\"Plan de masse-4bis\" data-e-action-hash=\"#elementor-action%3Aaction%3Dlightbox%26settings%3DeyJpZCI6MjAyOSwidXJsIjoiaHR0cHM6XC9cL2plcm9tZWxvcmdlLmFyY2hpXC93cC1jb250ZW50XC91cGxvYWRzXC8yMDI1XC8xMFwvUGxhbi1kZS1tYXNzZS00YmlzLmpwZyIsInNsaWRlc2hvdyI6IjNiNjBkYjUifQ%3D%3D\" href=\"https:\/\/jeromelorge.archi\/wp-content\/uploads\/2025\/10\/Plan-de-masse-4bis.jpg\"><figure class=\"swiper-slide-inner\"><img decoding=\"async\" class=\"swiper-slide-image\" src=\"https:\/\/jeromelorge.archi\/wp-content\/uploads\/elementor\/thumbs\/Plan-de-masse-4bis-rcv20u17y7hwmux1fgc00ighp0wxpx3ewjnsr6rws8.jpg\" alt=\"Tchanka, 2025, 123 logements, JL Architectes\" \/><figcaption class=\"elementor-image-carousel-caption\">Plan masse JL Architectes<\/figcaption><\/figure><\/a><\/div><div class=\"swiper-slide\" role=\"group\" aria-roledescription=\"slide\" aria-label=\"2 sur 5\"><a data-elementor-open-lightbox=\"yes\" data-elementor-lightbox-slideshow=\"3b60db5\" data-elementor-lightbox-title=\"Perspective Maisonsbis\" data-e-action-hash=\"#elementor-action%3Aaction%3Dlightbox%26settings%3DeyJpZCI6MjAyOCwidXJsIjoiaHR0cHM6XC9cL2plcm9tZWxvcmdlLmFyY2hpXC93cC1jb250ZW50XC91cGxvYWRzXC8yMDI1XC8xMFwvUGVyc3BlY3RpdmUtTWFpc29uc2Jpcy1zY2FsZWQuanBnIiwic2xpZGVzaG93IjoiM2I2MGRiNSJ9\" href=\"https:\/\/jeromelorge.archi\/wp-content\/uploads\/2025\/10\/Perspective-Maisonsbis-scaled.jpg\"><figure class=\"swiper-slide-inner\"><img decoding=\"async\" class=\"swiper-slide-image\" src=\"https:\/\/jeromelorge.archi\/wp-content\/uploads\/elementor\/thumbs\/Perspective-Maisonsbis-scaled-rcv20r7pdpe1o114vx44b163wvau2ts7w5pcbcw3aw.jpg\" alt=\"Tchanka, 2025, 123 logements, JL Architectes\" \/><figcaption class=\"elementor-image-carousel-caption\">Perspective JL Architectes<\/figcaption><\/figure><\/a><\/div><div class=\"swiper-slide\" role=\"group\" aria-roledescription=\"slide\" aria-label=\"3 sur 5\"><a data-elementor-open-lightbox=\"yes\" data-elementor-lightbox-slideshow=\"3b60db5\" data-elementor-lightbox-title=\"PC3 vue perspectivebis\" data-e-action-hash=\"#elementor-action%3Aaction%3Dlightbox%26settings%3DeyJpZCI6MjAyNywidXJsIjoiaHR0cHM6XC9cL2plcm9tZWxvcmdlLmFyY2hpXC93cC1jb250ZW50XC91cGxvYWRzXC8yMDI1XC8xMFwvUEMzLXZ1ZS1wZXJzcGVjdGl2ZWJpcy5qcGciLCJzbGlkZXNob3ciOiIzYjYwZGI1In0%3D\" href=\"https:\/\/jeromelorge.archi\/wp-content\/uploads\/2025\/10\/PC3-vue-perspectivebis.jpg\"><figure class=\"swiper-slide-inner\"><img decoding=\"async\" class=\"swiper-slide-image\" src=\"https:\/\/jeromelorge.archi\/wp-content\/uploads\/elementor\/thumbs\/PC3-vue-perspectivebis-rcv20oe6t7a6p758cdw8ljvq4poqfqh0vrqvvj09tk.jpg\" alt=\"Tchanka, 2025, 123 logements, JL Architectes\" \/><figcaption class=\"elementor-image-carousel-caption\">Perspective JL Architectes<\/figcaption><\/figure><\/a><\/div><div class=\"swiper-slide\" role=\"group\" aria-roledescription=\"slide\" aria-label=\"4 sur 5\"><a data-elementor-open-lightbox=\"yes\" data-elementor-lightbox-slideshow=\"3b60db5\" data-elementor-lightbox-title=\"vue 1 facadebis\" data-e-action-hash=\"#elementor-action%3Aaction%3Dlightbox%26settings%3DeyJpZCI6MjAzMCwidXJsIjoiaHR0cHM6XC9cL2plcm9tZWxvcmdlLmFyY2hpXC93cC1jb250ZW50XC91cGxvYWRzXC8yMDI1XC8xMFwvdnVlLTEtZmFjYWRlYmlzLmpwZyIsInNsaWRlc2hvdyI6IjNiNjBkYjUifQ%3D%3D\" href=\"https:\/\/jeromelorge.archi\/wp-content\/uploads\/2025\/10\/vue-1-facadebis.jpg\"><figure class=\"swiper-slide-inner\"><img decoding=\"async\" class=\"swiper-slide-image\" src=\"https:\/\/jeromelorge.archi\/wp-content\/uploads\/elementor\/thumbs\/vue-1-facadebis-rcv20vwwbvkha2ub4h595hzevsno5bavksyrpqp4fs.jpg\" alt=\"Tchanka, 2025, 123 logements, JL Architectes\" \/><figcaption class=\"elementor-image-carousel-caption\">Perspectiviste - Source inconnue<\/figcaption><\/figure><\/a><\/div><div class=\"swiper-slide\" role=\"group\" aria-roledescription=\"slide\" aria-label=\"5 sur 5\"><a data-elementor-open-lightbox=\"yes\" data-elementor-lightbox-slideshow=\"3b60db5\" data-elementor-lightbox-title=\"vue 4 interbis\" data-e-action-hash=\"#elementor-action%3Aaction%3Dlightbox%26settings%3DeyJpZCI6MjAzMSwidXJsIjoiaHR0cHM6XC9cL2plcm9tZWxvcmdlLmFyY2hpXC93cC1jb250ZW50XC91cGxvYWRzXC8yMDI1XC8xMFwvdnVlLTQtaW50ZXJiaXMuanBnIiwic2xpZGVzaG93IjoiM2I2MGRiNSJ9\" href=\"https:\/\/jeromelorge.archi\/wp-content\/uploads\/2025\/10\/vue-4-interbis.jpg\"><figure class=\"swiper-slide-inner\"><img decoding=\"async\" class=\"swiper-slide-image\" src=\"https:\/\/jeromelorge.archi\/wp-content\/uploads\/elementor\/thumbs\/vue-4-interbis-rcv20xskpjn1xarkthyiahic2keekpic929qoamc3c.jpg\" alt=\"Tchanka, 2025, 123 logements, JL Architectes\" \/><figcaption class=\"elementor-image-carousel-caption\">Perspectiviste - Source inconnue<\/figcaption><\/figure><\/a><\/div>\t\t\t<\/div>\n\t\t\t\t\t\t\t\t\t\t\t\t<div class=\"elementor-swiper-button elementor-swiper-button-prev\" role=\"button\" tabindex=\"0\">\n\t\t\t\t\t\t<svg aria-hidden=\"true\" class=\"e-font-icon-svg e-eicon-chevron-left\" viewBox=\"0 0 1000 1000\" xmlns=\"http:\/\/www.w3.org\/2000\/svg\"><path d=\"M646 125C629 125 613 133 604 142L308 442C296 454 292 471 292 487 292 504 296 521 308 533L604 854C617 867 629 875 646 875 663 875 679 871 692 858 704 846 713 829 713 812 713 796 708 779 692 767L438 487 692 225C700 217 708 204 708 187 708 171 704 154 692 142 675 129 663 125 646 125Z\"><\/path><\/svg>\t\t\t\t\t<\/div>\n\t\t\t\t\t<div class=\"elementor-swiper-button elementor-swiper-button-next\" role=\"button\" tabindex=\"0\">\n\t\t\t\t\t\t<svg aria-hidden=\"true\" class=\"e-font-icon-svg e-eicon-chevron-right\" viewBox=\"0 0 1000 1000\" xmlns=\"http:\/\/www.w3.org\/2000\/svg\"><path d=\"M696 533C708 521 713 504 713 487 713 471 708 454 696 446L400 146C388 133 375 125 354 125 338 125 325 129 313 142 300 154 292 171 292 187 292 204 296 221 308 233L563 492 304 771C292 783 288 800 288 817 288 833 296 850 308 863 321 871 338 875 354 875 371 875 388 867 400 854L696 533Z\"><\/path><\/svg>\t\t\t\t\t<\/div>\n\t\t\t\t\n\t\t\t\t\t\t\t\t\t<div class=\"swiper-pagination\"><\/div>\n\t\t\t\t\t\t\t\t\t<\/div>\n\t\t\t\t\t\t<\/div>\n\t\t\t\t<\/div>\n\t\t\t\t\t<\/div>\n\t\t\t\t<\/div>\n\t\t<div class=\"elementor-element elementor-element-b17be3c e-flex e-con-boxed e-con e-parent\" data-id=\"b17be3c\" data-element_type=\"container\" data-e-type=\"container\">\n\t\t\t\t\t<div class=\"e-con-inner\">\n\t\t\t\t<div class=\"elementor-element elementor-element-40af7cb elementor-widget elementor-widget-text-editor\" data-id=\"40af7cb\" data-element_type=\"widget\" data-e-type=\"widget\" data-widget_type=\"text-editor.default\">\n\t\t\t\t<div class=\"elementor-widget-container\">\n\t\t\t\t\t\t\t\t\t<p>La r\u00e9sidence Tchanka se situe a\u0300 Saint-Paul-Les-Dax (40), dans une zone re\u0301sidentielle entre la rue des Bouleaux et l\u2019avenue de l\u2019Oc\u00e9an.<\/p><p>125 logements sont pre\u0301vus dans le cadre d\u2019un permis d\u2019am\u00e9nager, dont 2 lots a\u0300 ba\u0302tir, 38 maisons groupe\u0301es en 12 entit\u00e9s et 3 immeubles collectifs comptant 85 appartements.<\/p><p>Les immeubles (1 en R+1 et 2 en R+2) pr\u00e9sentent des toitures couvertes de tuile de terre cuite \u00e0 2 versants principaux et croup\u00e9es en pignons nord.<\/p><p>Les fa\u00e7ades sont <strong>g\u00e9n\u00e9reusement perc\u00e9es<\/strong>, compos\u00e9es selon des r\u00e9unions de baies et de balcons \u00e9quilibr\u00e9es qui animent les volumes.<\/p><p>Des attributs architecturaux tels que <strong>chapeaux de toiture<\/strong> soutenus par des pi\u00e8ces de charpentes sur poteaux color\u00e9es, garde-corps, <strong>fa\u00e7ons de colombage et consoles traditionnels<\/strong> de m\u00eame teinte, assurent le caract\u00e8re vernaculaire basco-landais de la r\u00e9sidence.<\/p><p>Les maisons group\u00e9es font face au sud (jardins privatifs) les cheminements d\u2019acc\u00e8s longent les fa\u00e7ades nord, leurs toitures \u00e0 2 versants s\u2019enrichissent d\u2019\u00e9l\u00e9ments de charpente et de <strong>mod\u00e9natures color\u00e9s<\/strong> similaires aux collectifs.<\/p>\t\t\t\t\t\t\t\t<\/div>\n\t\t\t\t<\/div>\n\t\t\t\t\t<\/div>\n\t\t\t\t<\/div>\n\t\t\t\t<\/div>\n\t\t","protected":false},"excerpt":{"rendered":"<p>LES PROJETS Retour R\u00c9SIDENCE TCHANKASaint-Paul-Les-Dax (40) Ma\u00eetrise d&rsquo;ouvrage\u00a0: Woodeum &#8211; Pitch Ma\u00eetrise d&rsquo;\u0153uvre\u00a0 :\u00a0Je\u0301rome Lorge Architectes, VRD Concept VRD, Vertical Sea Moe exe, ID Ing\u00e9nierie Be Thermique, Dune Be G\u00e9om\u00e8tre, 3J Technologie Be structure, Emacoustic Be acoustique, Eug\u00e9e NF Habitat Programme\u00a0: 123 logements (48 T2, 69 T3, 6 T4) Mission\u00a0: FAISA + DPC + DCE [&hellip;]<\/p>\n","protected":false},"author":1,"featured_media":0,"parent":0,"menu_order":0,"comment_status":"closed","ping_status":"closed","template":"elementor_canvas","meta":{"_monsterinsights_skip_tracking":false,"_monsterinsights_sitenote_active":false,"_monsterinsights_sitenote_note":"","_monsterinsights_sitenote_category":0,"_uf_show_specific_survey":0,"_uf_disable_surveys":false,"footnotes":""},"class_list":["post-2024","page","type-page","status-publish","hentry"],"aioseo_notices":[],"_links":{"self":[{"href":"https:\/\/jeromelorge.archi\/index.php\/wp-json\/wp\/v2\/pages\/2024","targetHints":{"allow":["GET"]}}],"collection":[{"href":"https:\/\/jeromelorge.archi\/index.php\/wp-json\/wp\/v2\/pages"}],"about":[{"href":"https:\/\/jeromelorge.archi\/index.php\/wp-json\/wp\/v2\/types\/page"}],"author":[{"embeddable":true,"href":"https:\/\/jeromelorge.archi\/index.php\/wp-json\/wp\/v2\/users\/1"}],"replies":[{"embeddable":true,"href":"https:\/\/jeromelorge.archi\/index.php\/wp-json\/wp\/v2\/comments?post=2024"}],"version-history":[{"count":4,"href":"https:\/\/jeromelorge.archi\/index.php\/wp-json\/wp\/v2\/pages\/2024\/revisions"}],"predecessor-version":[{"id":2034,"href":"https:\/\/jeromelorge.archi\/index.php\/wp-json\/wp\/v2\/pages\/2024\/revisions\/2034"}],"wp:attachment":[{"href":"https:\/\/jeromelorge.archi\/index.php\/wp-json\/wp\/v2\/media?parent=2024"}],"curies":[{"name":"wp","href":"https:\/\/api.w.org\/{rel}","templated":true}]}}