{"id":117,"date":"2024-04-11T12:04:42","date_gmt":"2024-04-11T10:04:42","guid":{"rendered":"http:\/\/jeromelorge.archi\/?page_id=117"},"modified":"2024-07-26T16:12:34","modified_gmt":"2024-07-26T14:12:34","slug":"contact","status":"publish","type":"page","link":"https:\/\/jeromelorge.archi\/index.php\/contact\/","title":{"rendered":"CONTACT"},"content":{"rendered":"\t\t<div data-elementor-type=\"wp-page\" data-elementor-id=\"117\" class=\"elementor elementor-117\">\n\t\t\t\t<div class=\"elementor-element elementor-element-4c53978 e-flex e-con-boxed e-con e-parent\" data-id=\"4c53978\" data-element_type=\"container\" data-e-type=\"container\">\n\t\t\t\t\t<div class=\"e-con-inner\">\n\t\t\t\t<div class=\"elementor-element elementor-element-8eaaa8b elementor-widget elementor-widget-heading\" data-id=\"8eaaa8b\" data-element_type=\"widget\" data-e-type=\"widget\" data-widget_type=\"heading.default\">\n\t\t\t\t<div class=\"elementor-widget-container\">\n\t\t\t\t\t<h1 class=\"elementor-heading-title elementor-size-default\">CONTACT JL ARCHITECTES<\/h1>\t\t\t\t<\/div>\n\t\t\t\t<\/div>\n\t\t\t\t\t<\/div>\n\t\t\t\t<\/div>\n\t\t<div class=\"elementor-element elementor-element-6d2a6f3 e-flex e-con-boxed e-con e-parent\" data-id=\"6d2a6f3\" data-element_type=\"container\" data-e-type=\"container\">\n\t\t\t\t\t<div class=\"e-con-inner\">\n\t\t\t\t<div class=\"elementor-element elementor-element-0016eaa elementor-widget elementor-widget-text-editor\" data-id=\"0016eaa\" data-element_type=\"widget\" data-e-type=\"widget\" data-widget_type=\"text-editor.default\">\n\t\t\t\t<div class=\"elementor-widget-container\">\n\t\t\t\t\t\t\t\t\t<p>Vous souhaitez \u00e9changer \u00e0 propos d&rsquo;un projet de logement ou autre ? N&rsquo;h\u00e9sitez pas \u00e0 nous contacter par mail, t\u00e9l\u00e9phone ou retrouvez-nous sur linkedIn. L&rsquo;\u00e9quipe JL Architectes se fera un plaisir de r\u00e9pondre \u00e0 vos questions ou simplement de vous renseigner sur nos prestations.<\/p>\t\t\t\t\t\t\t\t<\/div>\n\t\t\t\t<\/div>\n\t\t\t\t\t<\/div>\n\t\t\t\t<\/div>\n\t\t<div class=\"elementor-element elementor-element-fc2440c e-flex e-con-boxed e-con e-parent\" data-id=\"fc2440c\" data-element_type=\"container\" data-e-type=\"container\">\n\t\t\t\t\t<div class=\"e-con-inner\">\n\t\t\t\t<div class=\"elementor-element elementor-element-fee34af elementor-widget-divider--view-line elementor-widget elementor-widget-divider\" data-id=\"fee34af\" data-element_type=\"widget\" data-e-type=\"widget\" data-widget_type=\"divider.default\">\n\t\t\t\t<div class=\"elementor-widget-container\">\n\t\t\t\t\t\t\t<div class=\"elementor-divider\">\n\t\t\t<span class=\"elementor-divider-separator\">\n\t\t\t\t\t\t<\/span>\n\t\t<\/div>\n\t\t\t\t\t\t<\/div>\n\t\t\t\t<\/div>\n\t\t\t\t\t<\/div>\n\t\t\t\t<\/div>\n\t\t<div class=\"elementor-element elementor-element-ad913d4 e-flex e-con-boxed e-con e-parent\" data-id=\"ad913d4\" data-element_type=\"container\" data-e-type=\"container\">\n\t\t\t\t\t<div class=\"e-con-inner\">\n\t\t<div class=\"elementor-element elementor-element-52e6780 e-con-full e-flex e-con e-child\" data-id=\"52e6780\" data-element_type=\"container\" data-e-type=\"container\">\n\t\t\t\t<div class=\"elementor-element elementor-element-70485bc elementor-widget elementor-widget-text-editor\" data-id=\"70485bc\" data-element_type=\"widget\" data-e-type=\"widget\" data-widget_type=\"text-editor.default\">\n\t\t\t\t<div class=\"elementor-widget-container\">\n\t\t\t\t\t\t\t\t\t<p>LinkedIn\u00a0:\u00a0JL Architectes &#8211; Bordeaux<\/p>\t\t\t\t\t\t\t\t<\/div>\n\t\t\t\t<\/div>\n\t\t\t\t<\/div>\n\t\t<div class=\"elementor-element elementor-element-4590d58 e-con-full e-flex e-con e-child\" data-id=\"4590d58\" data-element_type=\"container\" data-e-type=\"container\">\n\t\t\t\t<div class=\"elementor-element elementor-element-2f4ba63 elementor-widget elementor-widget-text-editor\" data-id=\"2f4ba63\" data-element_type=\"widget\" data-e-type=\"widget\" data-widget_type=\"text-editor.default\">\n\t\t\t\t<div class=\"elementor-widget-container\">\n\t\t\t\t\t\t\t\t\t<p><b style=\"caret-color: #000000; color: #000000; font-family: 'DM Sans', sans-serif;\">Mail<\/b><span style=\"caret-color: #000000; color: #000000; font-family: 'DM Sans', sans-serif;\">\u00a0<\/span><b style=\"caret-color: #000000; color: #000000; font-family: 'DM Sans', sans-serif;\">:<\/b><span style=\"caret-color: #000000; color: #000000; font-family: 'DM Sans', sans-serif;\">\u00a0agence@jeromelorge.archi<\/span><\/p>\t\t\t\t\t\t\t\t<\/div>\n\t\t\t\t<\/div>\n\t\t\t\t<\/div>\n\t\t<div class=\"elementor-element elementor-element-856f09f e-con-full e-flex e-con e-child\" data-id=\"856f09f\" data-element_type=\"container\" data-e-type=\"container\">\n\t\t\t\t<div class=\"elementor-element elementor-element-af3a85e elementor-widget elementor-widget-text-editor\" data-id=\"af3a85e\" data-element_type=\"widget\" data-e-type=\"widget\" data-widget_type=\"text-editor.default\">\n\t\t\t\t<div class=\"elementor-widget-container\">\n\t\t\t\t\t\t\t\t\t<p><b>T\u00e9l\u00e9phone<\/b>\u00a0<b>:<\/b> <span aria-label=\"Appeler le 09 81 77 59 29\">09 81 77 59 29<\/span><\/p>\t\t\t\t\t\t\t\t<\/div>\n\t\t\t\t<\/div>\n\t\t\t\t<\/div>\n\t\t\t\t\t<\/div>\n\t\t\t\t<\/div>\n\t\t<div class=\"elementor-element elementor-element-630f374 e-flex e-con-boxed e-con e-parent\" data-id=\"630f374\" data-element_type=\"container\" data-e-type=\"container\">\n\t\t\t\t\t<div class=\"e-con-inner\">\n\t\t\t\t<div class=\"elementor-element elementor-element-72f38a2 elementor-widget-divider--view-line elementor-widget elementor-widget-divider\" data-id=\"72f38a2\" data-element_type=\"widget\" data-e-type=\"widget\" data-widget_type=\"divider.default\">\n\t\t\t\t<div class=\"elementor-widget-container\">\n\t\t\t\t\t\t\t<div class=\"elementor-divider\">\n\t\t\t<span class=\"elementor-divider-separator\">\n\t\t\t\t\t\t<\/span>\n\t\t<\/div>\n\t\t\t\t\t\t<\/div>\n\t\t\t\t<\/div>\n\t\t\t\t\t<\/div>\n\t\t\t\t<\/div>\n\t\t<div class=\"elementor-element elementor-element-25bc103 e-flex e-con-boxed e-con e-parent\" data-id=\"25bc103\" data-element_type=\"container\" data-e-type=\"container\">\n\t\t\t\t\t<div class=\"e-con-inner\">\n\t\t<div class=\"elementor-element elementor-element-b681d09 e-con-full e-flex e-con e-child\" data-id=\"b681d09\" data-element_type=\"container\" data-e-type=\"container\">\n\t\t\t\t<div class=\"elementor-element elementor-element-d310d1a elementor-widget elementor-widget-image\" data-id=\"d310d1a\" data-element_type=\"widget\" data-e-type=\"widget\" data-widget_type=\"image.default\">\n\t\t\t\t<div class=\"elementor-widget-container\">\n\t\t\t\t\t\t\t\t\t\t\t\t\t\t\t<img decoding=\"async\" src=\"https:\/\/jeromelorge.archi\/wp-content\/uploads\/2024\/04\/Bouquet-mimosa-scaled.webp\" title=\"AGENCE\" alt=\"Oplus_131072\" loading=\"lazy\" \/>\t\t\t\t\t\t\t\t\t\t\t\t\t\t\t<\/div>\n\t\t\t\t<\/div>\n\t\t<div class=\"elementor-element elementor-element-a6e2724 e-con-full e-flex e-con e-child\" data-id=\"a6e2724\" data-element_type=\"container\" data-e-type=\"container\">\n\t\t\t\t<div class=\"elementor-element elementor-element-7fe3f1d elementor-widget elementor-widget-heading\" data-id=\"7fe3f1d\" data-element_type=\"widget\" data-e-type=\"widget\" data-widget_type=\"heading.default\">\n\t\t\t\t<div class=\"elementor-widget-container\">\n\t\t\t\t\t<h2 class=\"elementor-heading-title elementor-size-default\">RETROUVEZ-NOUS \u00c0 BORDEAUX<\/h2>\t\t\t\t<\/div>\n\t\t\t\t<\/div>\n\t\t\t\t<\/div>\n\t\t\t\t<div class=\"elementor-element elementor-element-1686fff elementor-widget elementor-widget-text-editor\" data-id=\"1686fff\" data-element_type=\"widget\" data-e-type=\"widget\" data-widget_type=\"text-editor.default\">\n\t\t\t\t<div class=\"elementor-widget-container\">\n\t\t\t\t\t\t\t\t\t<p><strong>41 rue Preymenard, 33000 BORDEAUX<\/strong><\/p><p>L&rsquo;agence JL Architectes se situe au c\u0153ur de Bordeaux, dans le fameux quartier des Chartrons. Nos locaux sont lumineux et accueillants. Nous sommes ouverts de 9h00 \u00e0 18h00 tous les jours (hors week-end).<\/p>\t\t\t\t\t\t\t\t<\/div>\n\t\t\t\t<\/div>\n\t\t\t\t<\/div>\n\t\t<div class=\"elementor-element elementor-element-aa2b606 e-con-full e-flex e-con e-child\" data-id=\"aa2b606\" data-element_type=\"container\" data-e-type=\"container\">\n\t\t\t\t<div class=\"elementor-element elementor-element-362b160 elementor-widget elementor-widget-google_maps\" data-id=\"362b160\" data-element_type=\"widget\" data-e-type=\"widget\" data-widget_type=\"google_maps.default\">\n\t\t\t\t<div class=\"elementor-widget-container\">\n\t\t\t\t\t\t\t<div class=\"elementor-custom-embed\">\n\t\t\t<iframe loading=\"lazy\"\n\t\t\t\t\tsrc=\"https:\/\/maps.google.com\/maps?q=41%20rue%20Preymenard%2C%2033000%20BORDEAUX&#038;t=m&#038;z=15&#038;output=embed&#038;iwloc=near\"\n\t\t\t\t\ttitle=\"41 rue Preymenard, 33000 BORDEAUX\"\n\t\t\t\t\taria-label=\"41 rue Preymenard, 33000 BORDEAUX\"\n\t\t\t><\/iframe>\n\t\t<\/div>\n\t\t\t\t\t\t<\/div>\n\t\t\t\t<\/div>\n\t\t\t\t<\/div>\n\t\t\t\t\t<\/div>\n\t\t\t\t<\/div>\n\t\t<div class=\"elementor-element elementor-element-dadf007 e-flex e-con-boxed e-con e-parent\" data-id=\"dadf007\" data-element_type=\"container\" data-e-type=\"container\">\n\t\t\t\t\t<div class=\"e-con-inner\">\n\t\t\t\t<div class=\"elementor-element elementor-element-17fe78f elementor-widget-divider--view-line elementor-widget elementor-widget-divider\" data-id=\"17fe78f\" data-element_type=\"widget\" data-e-type=\"widget\" data-widget_type=\"divider.default\">\n\t\t\t\t<div class=\"elementor-widget-container\">\n\t\t\t\t\t\t\t<div class=\"elementor-divider\">\n\t\t\t<span class=\"elementor-divider-separator\">\n\t\t\t\t\t\t<\/span>\n\t\t<\/div>\n\t\t\t\t\t\t<\/div>\n\t\t\t\t<\/div>\n\t\t\t\t\t<\/div>\n\t\t\t\t<\/div>\n\t\t<div class=\"elementor-element elementor-element-f8259c0 e-flex e-con-boxed e-con e-parent\" data-id=\"f8259c0\" data-element_type=\"container\" data-e-type=\"container\">\n\t\t\t\t\t<div class=\"e-con-inner\">\n\t\t<div class=\"elementor-element elementor-element-3de2c1a e-con-full e-flex e-con e-child\" data-id=\"3de2c1a\" data-element_type=\"container\" data-e-type=\"container\">\n\t\t\t\t<div class=\"elementor-element elementor-element-c3a1322 elementor-widget elementor-widget-heading\" data-id=\"c3a1322\" data-element_type=\"widget\" data-e-type=\"widget\" data-widget_type=\"heading.default\">\n\t\t\t\t<div class=\"elementor-widget-container\">\n\t\t\t\t\t<h2 class=\"elementor-heading-title elementor-size-default\">VOIR NOS PROJETS DE LOGEMENT<\/h2>\t\t\t\t<\/div>\n\t\t\t\t<\/div>\n\t\t\t\t<\/div>\n\t\t<div class=\"elementor-element elementor-element-46dde59 e-con-full e-flex e-con e-child\" data-id=\"46dde59\" data-element_type=\"container\" data-e-type=\"container\">\n\t\t\t\t<div class=\"elementor-element elementor-element-35f6951 elementor-align-right elementor-mobile-align-center elementor-widget elementor-widget-button\" data-id=\"35f6951\" data-element_type=\"widget\" data-e-type=\"widget\" data-widget_type=\"button.default\">\n\t\t\t\t<div class=\"elementor-widget-container\">\n\t\t\t\t\t\t\t\t\t<div class=\"elementor-button-wrapper\">\n\t\t\t\t\t<a class=\"elementor-button elementor-button-link elementor-size-sm\" href=\"https:\/\/jeromelorge.archi\/index.php\/les-projets\/\">\n\t\t\t\t\t\t<span class=\"elementor-button-content-wrapper\">\n\t\t\t\t\t\t\t\t\t<span class=\"elementor-button-text\">Nos projets<\/span>\n\t\t\t\t\t<\/span>\n\t\t\t\t\t<\/a>\n\t\t\t\t<\/div>\n\t\t\t\t\t\t\t\t<\/div>\n\t\t\t\t<\/div>\n\t\t\t\t<\/div>\n\t\t\t\t\t<\/div>\n\t\t\t\t<\/div>\n\t\t<div class=\"elementor-element elementor-element-fc1f1c0 e-flex e-con-boxed e-con e-parent\" data-id=\"fc1f1c0\" data-element_type=\"container\" data-e-type=\"container\">\n\t\t\t\t\t<div class=\"e-con-inner\">\n\t\t\t\t<div class=\"elementor-element elementor-element-24c8e03 elementor-widget elementor-widget-image\" data-id=\"24c8e03\" data-element_type=\"widget\" data-e-type=\"widget\" data-widget_type=\"image.default\">\n\t\t\t\t<div class=\"elementor-widget-container\">\n\t\t\t\t\t\t\t\t\t\t\t\t\t\t\t<img fetchpriority=\"high\" decoding=\"async\" width=\"1920\" height=\"1080\" src=\"https:\/\/jeromelorge.archi\/wp-content\/uploads\/2024\/04\/Pessac-Bacalan-automne-copie-scaled.webp\" class=\"attachment-full size-full wp-image-705\" alt=\"\" srcset=\"https:\/\/jeromelorge.archi\/wp-content\/uploads\/2024\/04\/Pessac-Bacalan-automne-copie-scaled.webp 1920w, https:\/\/jeromelorge.archi\/wp-content\/uploads\/2024\/04\/Pessac-Bacalan-automne-copie-300x169.webp 300w, https:\/\/jeromelorge.archi\/wp-content\/uploads\/2024\/04\/Pessac-Bacalan-automne-copie-1024x576.webp 1024w, https:\/\/jeromelorge.archi\/wp-content\/uploads\/2024\/04\/Pessac-Bacalan-automne-copie-768x432.webp 768w, https:\/\/jeromelorge.archi\/wp-content\/uploads\/2024\/04\/Pessac-Bacalan-automne-copie-1536x864.webp 1536w\" sizes=\"(max-width: 1920px) 100vw, 1920px\" \/>\t\t\t\t\t\t\t\t\t\t\t\t\t\t\t<\/div>\n\t\t\t\t<\/div>\n\t\t\t\t\t<\/div>\n\t\t\t\t<\/div>\n\t\t\t\t<\/div>\n\t\t","protected":false},"excerpt":{"rendered":"<p>CONTACT JL ARCHITECTES Vous souhaitez \u00e9changer \u00e0 propos d&rsquo;un projet de logement ou autre ? N&rsquo;h\u00e9sitez pas \u00e0 nous contacter par mail, t\u00e9l\u00e9phone ou retrouvez-nous sur linkedIn. L&rsquo;\u00e9quipe JL Architectes se fera un plaisir de r\u00e9pondre \u00e0 vos questions ou simplement de vous renseigner sur nos prestations. LinkedIn\u00a0:\u00a0JL Architectes &#8211; Bordeaux Mail\u00a0:\u00a0agence@jeromelorge.archi T\u00e9l\u00e9phone\u00a0: 09 81 [&hellip;]<\/p>\n","protected":false},"author":1,"featured_media":0,"parent":0,"menu_order":0,"comment_status":"closed","ping_status":"closed","template":"elementor_canvas","meta":{"_monsterinsights_skip_tracking":false,"_monsterinsights_sitenote_active":false,"_monsterinsights_sitenote_note":"","_monsterinsights_sitenote_category":0,"_uf_show_specific_survey":0,"_uf_disable_surveys":false,"footnotes":""},"class_list":["post-117","page","type-page","status-publish","hentry"],"aioseo_notices":[],"_links":{"self":[{"href":"https:\/\/jeromelorge.archi\/index.php\/wp-json\/wp\/v2\/pages\/117","targetHints":{"allow":["GET"]}}],"collection":[{"href":"https:\/\/jeromelorge.archi\/index.php\/wp-json\/wp\/v2\/pages"}],"about":[{"href":"https:\/\/jeromelorge.archi\/index.php\/wp-json\/wp\/v2\/types\/page"}],"author":[{"embeddable":true,"href":"https:\/\/jeromelorge.archi\/index.php\/wp-json\/wp\/v2\/users\/1"}],"replies":[{"embeddable":true,"href":"https:\/\/jeromelorge.archi\/index.php\/wp-json\/wp\/v2\/comments?post=117"}],"version-history":[{"count":131,"href":"https:\/\/jeromelorge.archi\/index.php\/wp-json\/wp\/v2\/pages\/117\/revisions"}],"predecessor-version":[{"id":1613,"href":"https:\/\/jeromelorge.archi\/index.php\/wp-json\/wp\/v2\/pages\/117\/revisions\/1613"}],"wp:attachment":[{"href":"https:\/\/jeromelorge.archi\/index.php\/wp-json\/wp\/v2\/media?parent=117"}],"curies":[{"name":"wp","href":"https:\/\/api.w.org\/{rel}","templated":true}]}}